{"id":5,"date":"2019-08-20T09:55:59","date_gmt":"2019-08-20T09:55:59","guid":{"rendered":"http:\/\/hotel-charles.ms.decms.eu\/?page_id=5"},"modified":"2022-04-22T13:02:20","modified_gmt":"2022-04-22T13:02:20","slug":"hotel-charles","status":"publish","type":"page","link":"https:\/\/www.charleshotel.hu\/it\/","title":{"rendered":"La salutiamo all\u2019 Hotel Charles"},"content":{"rendered":"<p>Se desidera rilassarsi, Le piace l\u2019ambiente verde, i piatti saporiti e le camere comode, la scelta migliore per Lei \u00e8 <strong>l\u2019Hotel Charles.<\/strong> Aspettiamo con affetto i nostri cari clienti con <strong>camere di 30 m2 con aria condizionata e cucina<\/strong>, ai piedi del monte Gell\u00e9rt, non lontano dal Centro Congressi <strong>e a qualche minuto dei monumenti turistici pi\u00f9 conosciuti e pi\u00f9 spettacolari di Budapest<\/strong>. Se dovesse arrivare in macchina, pu\u00f2 trovare in sicurezza il Suo veicolo nel nostro parcheggio custodito da telecamere al nostro parcheggio nel cortile.<\/p>\n<p>Per i nostri clienti che preferiscono i mezzi del trasporto pubblico, la fermata del pullman si trova a 20 metri dal nostro albergo, ed il centro della citt\u00e0 \u00e8 reperibile <strong>in 10 minuti.<\/strong> I nostri ricezionisti e fattorini che parlano pi\u00f9 lingue cercano di soddisfare le Sue richieste, rispondono alle Sue domande, danno informazioni dell\u2019itinerario e propongono parecchi programmi. Siamo fieri dell\u2019ottimo <strong>ristorante J\u00e1nos<\/strong>, dove dalle 7 del mattino La aspetta una ricca colazione buffet, da mezzogiorno pu\u00f2 ordinare dalla nostra carta. Se fa bel tempo pu\u00f2 anche mangiare i piatti scelti al nostro piacevole terrazzo .<\/p>\n","protected":false},"excerpt":{"rendered":"<p>Se desidera rilassarsi, Le piace l\u2019ambiente verde, i piatti saporiti e le camere comode, la scelta migliore per Lei \u00e8 l\u2019Hotel Charles. Aspettiamo con affetto i nostri cari clienti con camere di 30 m2 con aria condizionata e cucina, ai piedi del monte Gell\u00e9rt, non lontano dal Centro Congressi e a qualche minuto dei monumenti [&hellip;]<\/p>\n","protected":false},"author":4,"featured_media":0,"parent":0,"menu_order":1,"comment_status":"closed","ping_status":"open","template":"","meta":{"footnotes":""},"class_list":["post-5","page","type-page","status-publish","hentry"],"yoast_head":"<!-- This site is optimized with the Yoast SEO plugin v26.9 - https:\/\/yoast.com\/product\/yoast-seo-wordpress\/ -->\n<title>La salutiamo all\u2019 Hotel Charles - Hotel Charles<\/title>\n<meta name=\"robots\" content=\"index, follow, max-snippet:-1, max-image-preview:large, max-video-preview:-1\" \/>\n<link rel=\"canonical\" href=\"https:\/\/www.charleshotel.hu\/it\/\" \/>\n<meta property=\"og:locale\" content=\"it_IT\" \/>\n<meta property=\"og:type\" content=\"article\" \/>\n<meta property=\"og:title\" content=\"La salutiamo all\u2019 Hotel Charles - Hotel Charles\" \/>\n<meta property=\"og:description\" content=\"Se desidera rilassarsi, Le piace l\u2019ambiente verde, i piatti saporiti e le camere comode, la scelta migliore per Lei \u00e8 l\u2019Hotel Charles. Aspettiamo con affetto i nostri cari clienti con camere di 30 m2 con aria condizionata e cucina, ai piedi del monte Gell\u00e9rt, non lontano dal Centro Congressi e a qualche minuto dei monumenti [&hellip;]\" \/>\n<meta property=\"og:url\" content=\"https:\/\/www.charleshotel.hu\/it\/\" \/>\n<meta property=\"og:site_name\" content=\"Hotel Charles\" \/>\n<meta property=\"article:modified_time\" content=\"2022-04-22T13:02:20+00:00\" \/>\n<meta name=\"twitter:card\" content=\"summary_large_image\" \/>\n<meta name=\"twitter:label1\" content=\"Tempo di lettura stimato\" \/>\n\t<meta name=\"twitter:data1\" content=\"1 minuto\" \/>\n<script type=\"application\/ld+json\" class=\"yoast-schema-graph\">{\"@context\":\"https:\/\/schema.org\",\"@graph\":[{\"@type\":\"WebPage\",\"@id\":\"https:\/\/www.charleshotel.hu\/it\/\",\"url\":\"https:\/\/www.charleshotel.hu\/it\/\",\"name\":\"La salutiamo all\u2019 Hotel Charles - Hotel Charles\",\"isPartOf\":{\"@id\":\"https:\/\/www.charleshotel.hu\/it\/#website\"},\"datePublished\":\"2019-08-20T09:55:59+00:00\",\"dateModified\":\"2022-04-22T13:02:20+00:00\",\"breadcrumb\":{\"@id\":\"https:\/\/www.charleshotel.hu\/it\/#breadcrumb\"},\"inLanguage\":\"it-IT\",\"potentialAction\":[{\"@type\":\"ReadAction\",\"target\":[\"https:\/\/www.charleshotel.hu\/it\/\"]}]},{\"@type\":\"BreadcrumbList\",\"@id\":\"https:\/\/www.charleshotel.hu\/it\/#breadcrumb\",\"itemListElement\":[{\"@type\":\"ListItem\",\"position\":1,\"name\":\"Home\",\"item\":\"https:\/\/www.charleshotel.hu\/it\/\"},{\"@type\":\"ListItem\",\"position\":2,\"name\":\"La salutiamo all\u2019 Hotel Charles\"}]},{\"@type\":\"WebSite\",\"@id\":\"https:\/\/www.charleshotel.hu\/it\/#website\",\"url\":\"https:\/\/www.charleshotel.hu\/it\/\",\"name\":\"Hotel Charles\",\"description\":\"Just another ms.decms.eu site\",\"potentialAction\":[{\"@type\":\"SearchAction\",\"target\":{\"@type\":\"EntryPoint\",\"urlTemplate\":\"https:\/\/www.charleshotel.hu\/it\/?s={search_term_string}\"},\"query-input\":{\"@type\":\"PropertyValueSpecification\",\"valueRequired\":true,\"valueName\":\"search_term_string\"}}],\"inLanguage\":\"it-IT\"}]}<\/script>\n<!-- \/ Yoast SEO plugin. -->","yoast_head_json":{"title":"La salutiamo all\u2019 Hotel Charles - Hotel Charles","robots":{"index":"index","follow":"follow","max-snippet":"max-snippet:-1","max-image-preview":"max-image-preview:large","max-video-preview":"max-video-preview:-1"},"canonical":"https:\/\/www.charleshotel.hu\/it\/","og_locale":"it_IT","og_type":"article","og_title":"La salutiamo all\u2019 Hotel Charles - Hotel Charles","og_description":"Se desidera rilassarsi, Le piace l\u2019ambiente verde, i piatti saporiti e le camere comode, la scelta migliore per Lei \u00e8 l\u2019Hotel Charles. Aspettiamo con affetto i nostri cari clienti con camere di 30 m2 con aria condizionata e cucina, ai piedi del monte Gell\u00e9rt, non lontano dal Centro Congressi e a qualche minuto dei monumenti [&hellip;]","og_url":"https:\/\/www.charleshotel.hu\/it\/","og_site_name":"Hotel Charles","article_modified_time":"2022-04-22T13:02:20+00:00","twitter_card":"summary_large_image","twitter_misc":{"Tempo di lettura stimato":"1 minuto"},"schema":{"@context":"https:\/\/schema.org","@graph":[{"@type":"WebPage","@id":"https:\/\/www.charleshotel.hu\/it\/","url":"https:\/\/www.charleshotel.hu\/it\/","name":"La salutiamo all\u2019 Hotel Charles - Hotel Charles","isPartOf":{"@id":"https:\/\/www.charleshotel.hu\/it\/#website"},"datePublished":"2019-08-20T09:55:59+00:00","dateModified":"2022-04-22T13:02:20+00:00","breadcrumb":{"@id":"https:\/\/www.charleshotel.hu\/it\/#breadcrumb"},"inLanguage":"it-IT","potentialAction":[{"@type":"ReadAction","target":["https:\/\/www.charleshotel.hu\/it\/"]}]},{"@type":"BreadcrumbList","@id":"https:\/\/www.charleshotel.hu\/it\/#breadcrumb","itemListElement":[{"@type":"ListItem","position":1,"name":"Home","item":"https:\/\/www.charleshotel.hu\/it\/"},{"@type":"ListItem","position":2,"name":"La salutiamo all\u2019 Hotel Charles"}]},{"@type":"WebSite","@id":"https:\/\/www.charleshotel.hu\/it\/#website","url":"https:\/\/www.charleshotel.hu\/it\/","name":"Hotel Charles","description":"Just another ms.decms.eu site","potentialAction":[{"@type":"SearchAction","target":{"@type":"EntryPoint","urlTemplate":"https:\/\/www.charleshotel.hu\/it\/?s={search_term_string}"},"query-input":{"@type":"PropertyValueSpecification","valueRequired":true,"valueName":"search_term_string"}}],"inLanguage":"it-IT"}]}},"acf":[],"_links":{"self":[{"href":"https:\/\/www.charleshotel.hu\/it\/wp-json\/wp\/v2\/pages\/5","targetHints":{"allow":["GET"]}}],"collection":[{"href":"https:\/\/www.charleshotel.hu\/it\/wp-json\/wp\/v2\/pages"}],"about":[{"href":"https:\/\/www.charleshotel.hu\/it\/wp-json\/wp\/v2\/types\/page"}],"author":[{"embeddable":true,"href":"https:\/\/www.charleshotel.hu\/it\/wp-json\/wp\/v2\/users\/4"}],"replies":[{"embeddable":true,"href":"https:\/\/www.charleshotel.hu\/it\/wp-json\/wp\/v2\/comments?post=5"}],"version-history":[{"count":0,"href":"https:\/\/www.charleshotel.hu\/it\/wp-json\/wp\/v2\/pages\/5\/revisions"}],"wp:attachment":[{"href":"https:\/\/www.charleshotel.hu\/it\/wp-json\/wp\/v2\/media?parent=5"}],"curies":[{"name":"wp","href":"https:\/\/api.w.org\/{rel}","templated":true}]}}