{"id":305,"date":"2020-03-11T12:14:15","date_gmt":"2020-03-11T12:14:15","guid":{"rendered":"https:\/\/www.charleshotel.hu\/?page_id=305"},"modified":"2020-03-11T12:14:15","modified_gmt":"2020-03-11T12:14:15","slug":"amico-degli-animali","status":"publish","type":"page","link":"https:\/\/www.charleshotel.hu\/it\/servizi\/amico-degli-animali\/","title":{"rendered":"Amico degli animali"},"content":{"rendered":"<p>Essendo un albergo amico degli animali, diamo il benvenuto anche ai vostri animali preferiti per un sovvraprezzo di 13-15 Euro per animale dipendentemente dal canale che usa per prenotare la sistemazione.<\/p>\n<p>Le chiediamo di accettare qualche regola di base per assicurare la tranquillit\u00e0 degli altri clienti dell\u2019albergo.<\/p>\n<p>La regola pi\u00f9 importante \u00e8 che \u00e8 possibile sistemare al massimo due animali per camera, ma potete trovare tutte le regole nelle regole dell\u2019albergo ed anche alla nostra pagina web.<\/p>\n","protected":false},"excerpt":{"rendered":"<p>Essendo un albergo amico degli animali, diamo il benvenuto anche ai vostri animali preferiti per un sovvraprezzo di 13-15 Euro per animale dipendentemente dal canale che usa per prenotare la sistemazione. Le chiediamo di accettare qualche regola di base per assicurare la tranquillit\u00e0 degli altri clienti dell\u2019albergo. La regola pi\u00f9 importante \u00e8 che \u00e8 possibile [&hellip;]<\/p>\n","protected":false},"author":120,"featured_media":0,"parent":295,"menu_order":7,"comment_status":"closed","ping_status":"closed","template":"","meta":{"footnotes":""},"class_list":["post-305","page","type-page","status-publish","hentry"],"yoast_head":"<!-- This site is optimized with the Yoast SEO plugin v26.9 - https:\/\/yoast.com\/product\/yoast-seo-wordpress\/ -->\n<title>Amico degli animali - Hotel Charles<\/title>\n<meta name=\"robots\" content=\"index, follow, max-snippet:-1, max-image-preview:large, max-video-preview:-1\" \/>\n<link rel=\"canonical\" href=\"https:\/\/www.charleshotel.hu\/it\/servizi\/amico-degli-animali\/\" \/>\n<meta property=\"og:locale\" content=\"it_IT\" \/>\n<meta property=\"og:type\" content=\"article\" \/>\n<meta property=\"og:title\" content=\"Amico degli animali - Hotel Charles\" \/>\n<meta property=\"og:description\" content=\"Essendo un albergo amico degli animali, diamo il benvenuto anche ai vostri animali preferiti per un sovvraprezzo di 13-15 Euro per animale dipendentemente dal canale che usa per prenotare la sistemazione. Le chiediamo di accettare qualche regola di base per assicurare la tranquillit\u00e0 degli altri clienti dell\u2019albergo. La regola pi\u00f9 importante \u00e8 che \u00e8 possibile [&hellip;]\" \/>\n<meta property=\"og:url\" content=\"https:\/\/www.charleshotel.hu\/it\/servizi\/amico-degli-animali\/\" \/>\n<meta property=\"og:site_name\" content=\"Hotel Charles\" \/>\n<meta name=\"twitter:card\" content=\"summary_large_image\" \/>\n<script type=\"application\/ld+json\" class=\"yoast-schema-graph\">{\"@context\":\"https:\/\/schema.org\",\"@graph\":[{\"@type\":\"WebPage\",\"@id\":\"https:\/\/www.charleshotel.hu\/it\/servizi\/amico-degli-animali\/\",\"url\":\"https:\/\/www.charleshotel.hu\/it\/servizi\/amico-degli-animali\/\",\"name\":\"Amico degli animali - Hotel Charles\",\"isPartOf\":{\"@id\":\"https:\/\/www.charleshotel.hu\/it\/#website\"},\"datePublished\":\"2020-03-11T12:14:15+00:00\",\"breadcrumb\":{\"@id\":\"https:\/\/www.charleshotel.hu\/it\/servizi\/amico-degli-animali\/#breadcrumb\"},\"inLanguage\":\"it-IT\",\"potentialAction\":[{\"@type\":\"ReadAction\",\"target\":[\"https:\/\/www.charleshotel.hu\/it\/servizi\/amico-degli-animali\/\"]}]},{\"@type\":\"BreadcrumbList\",\"@id\":\"https:\/\/www.charleshotel.hu\/it\/servizi\/amico-degli-animali\/#breadcrumb\",\"itemListElement\":[{\"@type\":\"ListItem\",\"position\":1,\"name\":\"Home\",\"item\":\"https:\/\/www.charleshotel.hu\/it\/\"},{\"@type\":\"ListItem\",\"position\":2,\"name\":\"Servizi\",\"item\":\"https:\/\/www.charleshotel.hu\/it\/servizi\/\"},{\"@type\":\"ListItem\",\"position\":3,\"name\":\"Amico degli animali\"}]},{\"@type\":\"WebSite\",\"@id\":\"https:\/\/www.charleshotel.hu\/it\/#website\",\"url\":\"https:\/\/www.charleshotel.hu\/it\/\",\"name\":\"Hotel Charles\",\"description\":\"Just another ms.decms.eu site\",\"potentialAction\":[{\"@type\":\"SearchAction\",\"target\":{\"@type\":\"EntryPoint\",\"urlTemplate\":\"https:\/\/www.charleshotel.hu\/it\/?s={search_term_string}\"},\"query-input\":{\"@type\":\"PropertyValueSpecification\",\"valueRequired\":true,\"valueName\":\"search_term_string\"}}],\"inLanguage\":\"it-IT\"}]}<\/script>\n<!-- \/ Yoast SEO plugin. -->","yoast_head_json":{"title":"Amico degli animali - Hotel Charles","robots":{"index":"index","follow":"follow","max-snippet":"max-snippet:-1","max-image-preview":"max-image-preview:large","max-video-preview":"max-video-preview:-1"},"canonical":"https:\/\/www.charleshotel.hu\/it\/servizi\/amico-degli-animali\/","og_locale":"it_IT","og_type":"article","og_title":"Amico degli animali - Hotel Charles","og_description":"Essendo un albergo amico degli animali, diamo il benvenuto anche ai vostri animali preferiti per un sovvraprezzo di 13-15 Euro per animale dipendentemente dal canale che usa per prenotare la sistemazione. Le chiediamo di accettare qualche regola di base per assicurare la tranquillit\u00e0 degli altri clienti dell\u2019albergo. La regola pi\u00f9 importante \u00e8 che \u00e8 possibile [&hellip;]","og_url":"https:\/\/www.charleshotel.hu\/it\/servizi\/amico-degli-animali\/","og_site_name":"Hotel Charles","twitter_card":"summary_large_image","schema":{"@context":"https:\/\/schema.org","@graph":[{"@type":"WebPage","@id":"https:\/\/www.charleshotel.hu\/it\/servizi\/amico-degli-animali\/","url":"https:\/\/www.charleshotel.hu\/it\/servizi\/amico-degli-animali\/","name":"Amico degli animali - Hotel Charles","isPartOf":{"@id":"https:\/\/www.charleshotel.hu\/it\/#website"},"datePublished":"2020-03-11T12:14:15+00:00","breadcrumb":{"@id":"https:\/\/www.charleshotel.hu\/it\/servizi\/amico-degli-animali\/#breadcrumb"},"inLanguage":"it-IT","potentialAction":[{"@type":"ReadAction","target":["https:\/\/www.charleshotel.hu\/it\/servizi\/amico-degli-animali\/"]}]},{"@type":"BreadcrumbList","@id":"https:\/\/www.charleshotel.hu\/it\/servizi\/amico-degli-animali\/#breadcrumb","itemListElement":[{"@type":"ListItem","position":1,"name":"Home","item":"https:\/\/www.charleshotel.hu\/it\/"},{"@type":"ListItem","position":2,"name":"Servizi","item":"https:\/\/www.charleshotel.hu\/it\/servizi\/"},{"@type":"ListItem","position":3,"name":"Amico degli animali"}]},{"@type":"WebSite","@id":"https:\/\/www.charleshotel.hu\/it\/#website","url":"https:\/\/www.charleshotel.hu\/it\/","name":"Hotel Charles","description":"Just another ms.decms.eu site","potentialAction":[{"@type":"SearchAction","target":{"@type":"EntryPoint","urlTemplate":"https:\/\/www.charleshotel.hu\/it\/?s={search_term_string}"},"query-input":{"@type":"PropertyValueSpecification","valueRequired":true,"valueName":"search_term_string"}}],"inLanguage":"it-IT"}]}},"acf":[],"_links":{"self":[{"href":"https:\/\/www.charleshotel.hu\/it\/wp-json\/wp\/v2\/pages\/305","targetHints":{"allow":["GET"]}}],"collection":[{"href":"https:\/\/www.charleshotel.hu\/it\/wp-json\/wp\/v2\/pages"}],"about":[{"href":"https:\/\/www.charleshotel.hu\/it\/wp-json\/wp\/v2\/types\/page"}],"author":[{"embeddable":true,"href":"https:\/\/www.charleshotel.hu\/it\/wp-json\/wp\/v2\/users\/120"}],"replies":[{"embeddable":true,"href":"https:\/\/www.charleshotel.hu\/it\/wp-json\/wp\/v2\/comments?post=305"}],"version-history":[{"count":0,"href":"https:\/\/www.charleshotel.hu\/it\/wp-json\/wp\/v2\/pages\/305\/revisions"}],"up":[{"embeddable":true,"href":"https:\/\/www.charleshotel.hu\/it\/wp-json\/wp\/v2\/pages\/295"}],"wp:attachment":[{"href":"https:\/\/www.charleshotel.hu\/it\/wp-json\/wp\/v2\/media?parent=305"}],"curies":[{"name":"wp","href":"https:\/\/api.w.org\/{rel}","templated":true}]}}