{"id":300,"date":"2020-03-11T10:53:33","date_gmt":"2020-03-11T10:53:33","guid":{"rendered":"https:\/\/www.charleshotel.hu\/?page_id=300"},"modified":"2020-03-11T12:05:36","modified_gmt":"2020-03-11T12:05:36","slug":"incontri-e-programmi","status":"publish","type":"page","link":"https:\/\/www.charleshotel.hu\/it\/servizi\/incontri-e-programmi\/","title":{"rendered":"Incontri e Programmi"},"content":{"rendered":"<p>Organizza un colloquio con colleghi oppure gradisce organizzare una cena intima per la famiglia per una particolare occasione; L\u2019Hotel Charles pu\u00f2 aiutare a soddisfare le Sue esigenze.<br \/>\nLa nostra sala conferenza pu\u00f2 essere una buona scelt\u00e0 per organizzare colloqui <strong>fino a 15 persone<\/strong>, ed il nostro ristorante \u00e8 capace di dar luogo a programmi anche <strong>per 80 persone<\/strong>.<\/p>\n","protected":false},"excerpt":{"rendered":"<p>Organizza un colloquio con colleghi oppure gradisce organizzare una cena intima per la famiglia per una particolare occasione; L\u2019Hotel Charles pu\u00f2 aiutare a soddisfare le Sue esigenze. La nostra sala conferenza pu\u00f2 essere una buona scelt\u00e0 per organizzare colloqui fino a 15 persone, ed il nostro ristorante \u00e8 capace di dar luogo a programmi anche [&hellip;]<\/p>\n","protected":false},"author":120,"featured_media":0,"parent":295,"menu_order":2,"comment_status":"closed","ping_status":"closed","template":"","meta":{"footnotes":""},"class_list":["post-300","page","type-page","status-publish","hentry"],"yoast_head":"<!-- This site is optimized with the Yoast SEO plugin v26.9 - https:\/\/yoast.com\/product\/yoast-seo-wordpress\/ -->\n<title>Incontri e Programmi - Hotel Charles<\/title>\n<meta name=\"robots\" content=\"index, follow, max-snippet:-1, max-image-preview:large, max-video-preview:-1\" \/>\n<link rel=\"canonical\" href=\"https:\/\/www.charleshotel.hu\/it\/servizi\/incontri-e-programmi\/\" \/>\n<meta property=\"og:locale\" content=\"it_IT\" \/>\n<meta property=\"og:type\" content=\"article\" \/>\n<meta property=\"og:title\" content=\"Incontri e Programmi - Hotel Charles\" \/>\n<meta property=\"og:description\" content=\"Organizza un colloquio con colleghi oppure gradisce organizzare una cena intima per la famiglia per una particolare occasione; L\u2019Hotel Charles pu\u00f2 aiutare a soddisfare le Sue esigenze. La nostra sala conferenza pu\u00f2 essere una buona scelt\u00e0 per organizzare colloqui fino a 15 persone, ed il nostro ristorante \u00e8 capace di dar luogo a programmi anche [&hellip;]\" \/>\n<meta property=\"og:url\" content=\"https:\/\/www.charleshotel.hu\/it\/servizi\/incontri-e-programmi\/\" \/>\n<meta property=\"og:site_name\" content=\"Hotel Charles\" \/>\n<meta property=\"article:modified_time\" content=\"2020-03-11T12:05:36+00:00\" \/>\n<meta name=\"twitter:card\" content=\"summary_large_image\" \/>\n<script type=\"application\/ld+json\" class=\"yoast-schema-graph\">{\"@context\":\"https:\/\/schema.org\",\"@graph\":[{\"@type\":\"WebPage\",\"@id\":\"https:\/\/www.charleshotel.hu\/it\/servizi\/incontri-e-programmi\/\",\"url\":\"https:\/\/www.charleshotel.hu\/it\/servizi\/incontri-e-programmi\/\",\"name\":\"Incontri e Programmi - Hotel Charles\",\"isPartOf\":{\"@id\":\"https:\/\/www.charleshotel.hu\/it\/#website\"},\"datePublished\":\"2020-03-11T10:53:33+00:00\",\"dateModified\":\"2020-03-11T12:05:36+00:00\",\"breadcrumb\":{\"@id\":\"https:\/\/www.charleshotel.hu\/it\/servizi\/incontri-e-programmi\/#breadcrumb\"},\"inLanguage\":\"it-IT\",\"potentialAction\":[{\"@type\":\"ReadAction\",\"target\":[\"https:\/\/www.charleshotel.hu\/it\/servizi\/incontri-e-programmi\/\"]}]},{\"@type\":\"BreadcrumbList\",\"@id\":\"https:\/\/www.charleshotel.hu\/it\/servizi\/incontri-e-programmi\/#breadcrumb\",\"itemListElement\":[{\"@type\":\"ListItem\",\"position\":1,\"name\":\"Home\",\"item\":\"https:\/\/www.charleshotel.hu\/it\/\"},{\"@type\":\"ListItem\",\"position\":2,\"name\":\"Servizi\",\"item\":\"https:\/\/www.charleshotel.hu\/it\/servizi\/\"},{\"@type\":\"ListItem\",\"position\":3,\"name\":\"Incontri e Programmi\"}]},{\"@type\":\"WebSite\",\"@id\":\"https:\/\/www.charleshotel.hu\/it\/#website\",\"url\":\"https:\/\/www.charleshotel.hu\/it\/\",\"name\":\"Hotel Charles\",\"description\":\"Just another ms.decms.eu site\",\"potentialAction\":[{\"@type\":\"SearchAction\",\"target\":{\"@type\":\"EntryPoint\",\"urlTemplate\":\"https:\/\/www.charleshotel.hu\/it\/?s={search_term_string}\"},\"query-input\":{\"@type\":\"PropertyValueSpecification\",\"valueRequired\":true,\"valueName\":\"search_term_string\"}}],\"inLanguage\":\"it-IT\"}]}<\/script>\n<!-- \/ Yoast SEO plugin. -->","yoast_head_json":{"title":"Incontri e Programmi - Hotel Charles","robots":{"index":"index","follow":"follow","max-snippet":"max-snippet:-1","max-image-preview":"max-image-preview:large","max-video-preview":"max-video-preview:-1"},"canonical":"https:\/\/www.charleshotel.hu\/it\/servizi\/incontri-e-programmi\/","og_locale":"it_IT","og_type":"article","og_title":"Incontri e Programmi - Hotel Charles","og_description":"Organizza un colloquio con colleghi oppure gradisce organizzare una cena intima per la famiglia per una particolare occasione; L\u2019Hotel Charles pu\u00f2 aiutare a soddisfare le Sue esigenze. La nostra sala conferenza pu\u00f2 essere una buona scelt\u00e0 per organizzare colloqui fino a 15 persone, ed il nostro ristorante \u00e8 capace di dar luogo a programmi anche [&hellip;]","og_url":"https:\/\/www.charleshotel.hu\/it\/servizi\/incontri-e-programmi\/","og_site_name":"Hotel Charles","article_modified_time":"2020-03-11T12:05:36+00:00","twitter_card":"summary_large_image","schema":{"@context":"https:\/\/schema.org","@graph":[{"@type":"WebPage","@id":"https:\/\/www.charleshotel.hu\/it\/servizi\/incontri-e-programmi\/","url":"https:\/\/www.charleshotel.hu\/it\/servizi\/incontri-e-programmi\/","name":"Incontri e Programmi - Hotel Charles","isPartOf":{"@id":"https:\/\/www.charleshotel.hu\/it\/#website"},"datePublished":"2020-03-11T10:53:33+00:00","dateModified":"2020-03-11T12:05:36+00:00","breadcrumb":{"@id":"https:\/\/www.charleshotel.hu\/it\/servizi\/incontri-e-programmi\/#breadcrumb"},"inLanguage":"it-IT","potentialAction":[{"@type":"ReadAction","target":["https:\/\/www.charleshotel.hu\/it\/servizi\/incontri-e-programmi\/"]}]},{"@type":"BreadcrumbList","@id":"https:\/\/www.charleshotel.hu\/it\/servizi\/incontri-e-programmi\/#breadcrumb","itemListElement":[{"@type":"ListItem","position":1,"name":"Home","item":"https:\/\/www.charleshotel.hu\/it\/"},{"@type":"ListItem","position":2,"name":"Servizi","item":"https:\/\/www.charleshotel.hu\/it\/servizi\/"},{"@type":"ListItem","position":3,"name":"Incontri e Programmi"}]},{"@type":"WebSite","@id":"https:\/\/www.charleshotel.hu\/it\/#website","url":"https:\/\/www.charleshotel.hu\/it\/","name":"Hotel Charles","description":"Just another ms.decms.eu site","potentialAction":[{"@type":"SearchAction","target":{"@type":"EntryPoint","urlTemplate":"https:\/\/www.charleshotel.hu\/it\/?s={search_term_string}"},"query-input":{"@type":"PropertyValueSpecification","valueRequired":true,"valueName":"search_term_string"}}],"inLanguage":"it-IT"}]}},"acf":[],"_links":{"self":[{"href":"https:\/\/www.charleshotel.hu\/it\/wp-json\/wp\/v2\/pages\/300","targetHints":{"allow":["GET"]}}],"collection":[{"href":"https:\/\/www.charleshotel.hu\/it\/wp-json\/wp\/v2\/pages"}],"about":[{"href":"https:\/\/www.charleshotel.hu\/it\/wp-json\/wp\/v2\/types\/page"}],"author":[{"embeddable":true,"href":"https:\/\/www.charleshotel.hu\/it\/wp-json\/wp\/v2\/users\/120"}],"replies":[{"embeddable":true,"href":"https:\/\/www.charleshotel.hu\/it\/wp-json\/wp\/v2\/comments?post=300"}],"version-history":[{"count":0,"href":"https:\/\/www.charleshotel.hu\/it\/wp-json\/wp\/v2\/pages\/300\/revisions"}],"up":[{"embeddable":true,"href":"https:\/\/www.charleshotel.hu\/it\/wp-json\/wp\/v2\/pages\/295"}],"wp:attachment":[{"href":"https:\/\/www.charleshotel.hu\/it\/wp-json\/wp\/v2\/media?parent=300"}],"curies":[{"name":"wp","href":"https:\/\/api.w.org\/{rel}","templated":true}]}}