{"id":289,"date":"2020-03-11T10:00:08","date_gmt":"2020-03-11T10:00:08","guid":{"rendered":"https:\/\/www.charleshotel.hu\/?page_id=289"},"modified":"2022-03-03T14:54:57","modified_gmt":"2022-03-03T14:54:57","slug":"studio-standard-a-tre-letti","status":"publish","type":"page","link":"https:\/\/www.charleshotel.hu\/it\/le-nostre-camere\/studio-standard-a-tre-letti\/","title":{"rendered":"Studio Standard a Tre Letti"},"content":{"rendered":"<p>Gli Studio Standard a tre letti di 35 m2, con aria condizionata sono dotati di vasca da bagno o doccia. La camera da letto e l\u2019angolo cottura sono aperti insieme in un unico spazio per ottenere un\u2019area spaziosa. Nell\u2019angolo cottura si trovano stoviglie, posate, piastre elettriche e un frigorifero che funge anche da minibar. Il microonde \u00e8 disponibile su richiesta. I letti (200x100cm) possono essere separati in caso di necessit\u00e0. Ogni camera \u00e8 dotata di cassaforte, armadio, comodino, lampadina, poltroncine con tavolino e una TV led moderna con connessione digitale.<\/p><\/p>\n","protected":false},"excerpt":{"rendered":"<p>Gli Studio Standard a tre letti di 35 m2, con aria condizionata sono dotati di vasca da bagno o doccia. La camera da letto e l\u2019angolo cottura sono aperti insieme in un unico spazio per ottenere un\u2019area spaziosa. Nell\u2019angolo cottura si trovano stoviglie, posate, piastre elettriche e un frigorifero che funge anche da minibar. Il [&hellip;]<\/p>\n","protected":false},"author":120,"featured_media":0,"parent":285,"menu_order":3,"comment_status":"closed","ping_status":"closed","template":"template-single-room.php","meta":{"footnotes":""},"class_list":["post-289","page","type-page","status-publish","hentry"],"yoast_head":"<!-- This site is optimized with the Yoast SEO plugin v26.9 - https:\/\/yoast.com\/product\/yoast-seo-wordpress\/ -->\n<title>Studio Standard a Tre Letti - Hotel Charles<\/title>\n<meta name=\"robots\" content=\"index, follow, max-snippet:-1, max-image-preview:large, max-video-preview:-1\" \/>\n<link rel=\"canonical\" href=\"https:\/\/www.charleshotel.hu\/it\/le-nostre-camere\/studio-standard-a-tre-letti\/\" \/>\n<meta property=\"og:locale\" content=\"it_IT\" \/>\n<meta property=\"og:type\" content=\"article\" \/>\n<meta property=\"og:title\" content=\"Studio Standard a Tre Letti - Hotel Charles\" \/>\n<meta property=\"og:description\" content=\"Gli Studio Standard a tre letti di 35 m2, con aria condizionata sono dotati di vasca da bagno o doccia. La camera da letto e l\u2019angolo cottura sono aperti insieme in un unico spazio per ottenere un\u2019area spaziosa. Nell\u2019angolo cottura si trovano stoviglie, posate, piastre elettriche e un frigorifero che funge anche da minibar. Il [&hellip;]\" \/>\n<meta property=\"og:url\" content=\"https:\/\/www.charleshotel.hu\/it\/le-nostre-camere\/studio-standard-a-tre-letti\/\" \/>\n<meta property=\"og:site_name\" content=\"Hotel Charles\" \/>\n<meta property=\"article:modified_time\" content=\"2022-03-03T14:54:57+00:00\" \/>\n<meta name=\"twitter:card\" content=\"summary_large_image\" \/>\n<meta name=\"twitter:label1\" content=\"Tempo di lettura stimato\" \/>\n\t<meta name=\"twitter:data1\" content=\"1 minuto\" \/>\n<script type=\"application\/ld+json\" class=\"yoast-schema-graph\">{\"@context\":\"https:\/\/schema.org\",\"@graph\":[{\"@type\":\"WebPage\",\"@id\":\"https:\/\/www.charleshotel.hu\/it\/le-nostre-camere\/studio-standard-a-tre-letti\/\",\"url\":\"https:\/\/www.charleshotel.hu\/it\/le-nostre-camere\/studio-standard-a-tre-letti\/\",\"name\":\"Studio Standard a Tre Letti - Hotel Charles\",\"isPartOf\":{\"@id\":\"https:\/\/www.charleshotel.hu\/it\/#website\"},\"datePublished\":\"2020-03-11T10:00:08+00:00\",\"dateModified\":\"2022-03-03T14:54:57+00:00\",\"breadcrumb\":{\"@id\":\"https:\/\/www.charleshotel.hu\/it\/le-nostre-camere\/studio-standard-a-tre-letti\/#breadcrumb\"},\"inLanguage\":\"it-IT\",\"potentialAction\":[{\"@type\":\"ReadAction\",\"target\":[\"https:\/\/www.charleshotel.hu\/it\/le-nostre-camere\/studio-standard-a-tre-letti\/\"]}]},{\"@type\":\"BreadcrumbList\",\"@id\":\"https:\/\/www.charleshotel.hu\/it\/le-nostre-camere\/studio-standard-a-tre-letti\/#breadcrumb\",\"itemListElement\":[{\"@type\":\"ListItem\",\"position\":1,\"name\":\"Home\",\"item\":\"https:\/\/www.charleshotel.hu\/it\/\"},{\"@type\":\"ListItem\",\"position\":2,\"name\":\"Le nostre camere\",\"item\":\"https:\/\/www.charleshotel.hu\/it\/le-nostre-camere\/\"},{\"@type\":\"ListItem\",\"position\":3,\"name\":\"Studio Standard a Tre Letti\"}]},{\"@type\":\"WebSite\",\"@id\":\"https:\/\/www.charleshotel.hu\/it\/#website\",\"url\":\"https:\/\/www.charleshotel.hu\/it\/\",\"name\":\"Hotel Charles\",\"description\":\"Just another ms.decms.eu site\",\"potentialAction\":[{\"@type\":\"SearchAction\",\"target\":{\"@type\":\"EntryPoint\",\"urlTemplate\":\"https:\/\/www.charleshotel.hu\/it\/?s={search_term_string}\"},\"query-input\":{\"@type\":\"PropertyValueSpecification\",\"valueRequired\":true,\"valueName\":\"search_term_string\"}}],\"inLanguage\":\"it-IT\"}]}<\/script>\n<!-- \/ Yoast SEO plugin. -->","yoast_head_json":{"title":"Studio Standard a Tre Letti - Hotel Charles","robots":{"index":"index","follow":"follow","max-snippet":"max-snippet:-1","max-image-preview":"max-image-preview:large","max-video-preview":"max-video-preview:-1"},"canonical":"https:\/\/www.charleshotel.hu\/it\/le-nostre-camere\/studio-standard-a-tre-letti\/","og_locale":"it_IT","og_type":"article","og_title":"Studio Standard a Tre Letti - Hotel Charles","og_description":"Gli Studio Standard a tre letti di 35 m2, con aria condizionata sono dotati di vasca da bagno o doccia. La camera da letto e l\u2019angolo cottura sono aperti insieme in un unico spazio per ottenere un\u2019area spaziosa. Nell\u2019angolo cottura si trovano stoviglie, posate, piastre elettriche e un frigorifero che funge anche da minibar. Il [&hellip;]","og_url":"https:\/\/www.charleshotel.hu\/it\/le-nostre-camere\/studio-standard-a-tre-letti\/","og_site_name":"Hotel Charles","article_modified_time":"2022-03-03T14:54:57+00:00","twitter_card":"summary_large_image","twitter_misc":{"Tempo di lettura stimato":"1 minuto"},"schema":{"@context":"https:\/\/schema.org","@graph":[{"@type":"WebPage","@id":"https:\/\/www.charleshotel.hu\/it\/le-nostre-camere\/studio-standard-a-tre-letti\/","url":"https:\/\/www.charleshotel.hu\/it\/le-nostre-camere\/studio-standard-a-tre-letti\/","name":"Studio Standard a Tre Letti - Hotel Charles","isPartOf":{"@id":"https:\/\/www.charleshotel.hu\/it\/#website"},"datePublished":"2020-03-11T10:00:08+00:00","dateModified":"2022-03-03T14:54:57+00:00","breadcrumb":{"@id":"https:\/\/www.charleshotel.hu\/it\/le-nostre-camere\/studio-standard-a-tre-letti\/#breadcrumb"},"inLanguage":"it-IT","potentialAction":[{"@type":"ReadAction","target":["https:\/\/www.charleshotel.hu\/it\/le-nostre-camere\/studio-standard-a-tre-letti\/"]}]},{"@type":"BreadcrumbList","@id":"https:\/\/www.charleshotel.hu\/it\/le-nostre-camere\/studio-standard-a-tre-letti\/#breadcrumb","itemListElement":[{"@type":"ListItem","position":1,"name":"Home","item":"https:\/\/www.charleshotel.hu\/it\/"},{"@type":"ListItem","position":2,"name":"Le nostre camere","item":"https:\/\/www.charleshotel.hu\/it\/le-nostre-camere\/"},{"@type":"ListItem","position":3,"name":"Studio Standard a Tre Letti"}]},{"@type":"WebSite","@id":"https:\/\/www.charleshotel.hu\/it\/#website","url":"https:\/\/www.charleshotel.hu\/it\/","name":"Hotel Charles","description":"Just another ms.decms.eu site","potentialAction":[{"@type":"SearchAction","target":{"@type":"EntryPoint","urlTemplate":"https:\/\/www.charleshotel.hu\/it\/?s={search_term_string}"},"query-input":{"@type":"PropertyValueSpecification","valueRequired":true,"valueName":"search_term_string"}}],"inLanguage":"it-IT"}]}},"acf":[],"_links":{"self":[{"href":"https:\/\/www.charleshotel.hu\/it\/wp-json\/wp\/v2\/pages\/289","targetHints":{"allow":["GET"]}}],"collection":[{"href":"https:\/\/www.charleshotel.hu\/it\/wp-json\/wp\/v2\/pages"}],"about":[{"href":"https:\/\/www.charleshotel.hu\/it\/wp-json\/wp\/v2\/types\/page"}],"author":[{"embeddable":true,"href":"https:\/\/www.charleshotel.hu\/it\/wp-json\/wp\/v2\/users\/120"}],"replies":[{"embeddable":true,"href":"https:\/\/www.charleshotel.hu\/it\/wp-json\/wp\/v2\/comments?post=289"}],"version-history":[{"count":0,"href":"https:\/\/www.charleshotel.hu\/it\/wp-json\/wp\/v2\/pages\/289\/revisions"}],"up":[{"embeddable":true,"href":"https:\/\/www.charleshotel.hu\/it\/wp-json\/wp\/v2\/pages\/285"}],"wp:attachment":[{"href":"https:\/\/www.charleshotel.hu\/it\/wp-json\/wp\/v2\/media?parent=289"}],"curies":[{"name":"wp","href":"https:\/\/api.w.org\/{rel}","templated":true}]}}