{"id":287,"date":"2020-03-11T09:55:47","date_gmt":"2020-03-11T09:55:47","guid":{"rendered":"https:\/\/www.charleshotel.hu\/?page_id=287"},"modified":"2023-07-07T14:46:28","modified_gmt":"2023-07-07T14:46:28","slug":"studio-economy","status":"publish","type":"page","link":"https:\/\/www.charleshotel.hu\/it\/le-nostre-camere\/studio-economy\/","title":{"rendered":"Economy studios"},"content":{"rendered":"<p>Le Economy Studio di 30 m\u00b2 sono climatizzate e composte da ingresso, una camera da letto, un bagno con vasca e un angolo cottura interamente attrezzato con stoviglie, posate, piastre elettriche e un frigorifero che funge anche da minibar. Il microonde \u00e8 disponibile su richiesta! I letti (200x100cm) delle camere possono essere separati in caso di necessit\u00e0. Ogni camera \u00e8 dotata di una cassaforte, armadio, comodino, lampadina, poltroncine con tavolino e una TV led moderna con connessione digitale.<\/p>\n","protected":false},"excerpt":{"rendered":"<p>Le Economy Studio di 30 m\u00b2 sono climatizzate e composte da ingresso, una camera da letto, un bagno con vasca e un angolo cottura interamente attrezzato con stoviglie, posate, piastre elettriche e un frigorifero che funge anche da minibar. Il microonde \u00e8 disponibile su richiesta! I letti (200x100cm) delle camere possono essere separati in caso [&hellip;]<\/p>\n","protected":false},"author":120,"featured_media":0,"parent":285,"menu_order":1,"comment_status":"closed","ping_status":"closed","template":"template-single-room.php","meta":{"footnotes":""},"class_list":["post-287","page","type-page","status-publish","hentry"],"yoast_head":"<!-- This site is optimized with the Yoast SEO plugin v26.9 - https:\/\/yoast.com\/product\/yoast-seo-wordpress\/ -->\n<title>Economy studios - Hotel Charles<\/title>\n<meta name=\"robots\" content=\"index, follow, max-snippet:-1, max-image-preview:large, max-video-preview:-1\" \/>\n<link rel=\"canonical\" href=\"https:\/\/www.charleshotel.hu\/it\/le-nostre-camere\/studio-economy\/\" \/>\n<meta property=\"og:locale\" content=\"it_IT\" \/>\n<meta property=\"og:type\" content=\"article\" \/>\n<meta property=\"og:title\" content=\"Economy studios - Hotel Charles\" \/>\n<meta property=\"og:description\" content=\"Le Economy Studio di 30 m\u00b2 sono climatizzate e composte da ingresso, una camera da letto, un bagno con vasca e un angolo cottura interamente attrezzato con stoviglie, posate, piastre elettriche e un frigorifero che funge anche da minibar. Il microonde \u00e8 disponibile su richiesta! I letti (200x100cm) delle camere possono essere separati in caso [&hellip;]\" \/>\n<meta property=\"og:url\" content=\"https:\/\/www.charleshotel.hu\/it\/le-nostre-camere\/studio-economy\/\" \/>\n<meta property=\"og:site_name\" content=\"Hotel Charles\" \/>\n<meta property=\"article:modified_time\" content=\"2023-07-07T14:46:28+00:00\" \/>\n<meta name=\"twitter:card\" content=\"summary_large_image\" \/>\n<script type=\"application\/ld+json\" class=\"yoast-schema-graph\">{\"@context\":\"https:\/\/schema.org\",\"@graph\":[{\"@type\":\"WebPage\",\"@id\":\"https:\/\/www.charleshotel.hu\/it\/le-nostre-camere\/studio-economy\/\",\"url\":\"https:\/\/www.charleshotel.hu\/it\/le-nostre-camere\/studio-economy\/\",\"name\":\"Economy studios - Hotel Charles\",\"isPartOf\":{\"@id\":\"https:\/\/www.charleshotel.hu\/it\/#website\"},\"datePublished\":\"2020-03-11T09:55:47+00:00\",\"dateModified\":\"2023-07-07T14:46:28+00:00\",\"breadcrumb\":{\"@id\":\"https:\/\/www.charleshotel.hu\/it\/le-nostre-camere\/studio-economy\/#breadcrumb\"},\"inLanguage\":\"it-IT\",\"potentialAction\":[{\"@type\":\"ReadAction\",\"target\":[\"https:\/\/www.charleshotel.hu\/it\/le-nostre-camere\/studio-economy\/\"]}]},{\"@type\":\"BreadcrumbList\",\"@id\":\"https:\/\/www.charleshotel.hu\/it\/le-nostre-camere\/studio-economy\/#breadcrumb\",\"itemListElement\":[{\"@type\":\"ListItem\",\"position\":1,\"name\":\"Home\",\"item\":\"https:\/\/www.charleshotel.hu\/it\/\"},{\"@type\":\"ListItem\",\"position\":2,\"name\":\"Le nostre camere\",\"item\":\"https:\/\/www.charleshotel.hu\/it\/le-nostre-camere\/\"},{\"@type\":\"ListItem\",\"position\":3,\"name\":\"Economy studios\"}]},{\"@type\":\"WebSite\",\"@id\":\"https:\/\/www.charleshotel.hu\/it\/#website\",\"url\":\"https:\/\/www.charleshotel.hu\/it\/\",\"name\":\"Hotel Charles\",\"description\":\"Just another ms.decms.eu site\",\"potentialAction\":[{\"@type\":\"SearchAction\",\"target\":{\"@type\":\"EntryPoint\",\"urlTemplate\":\"https:\/\/www.charleshotel.hu\/it\/?s={search_term_string}\"},\"query-input\":{\"@type\":\"PropertyValueSpecification\",\"valueRequired\":true,\"valueName\":\"search_term_string\"}}],\"inLanguage\":\"it-IT\"}]}<\/script>\n<!-- \/ Yoast SEO plugin. -->","yoast_head_json":{"title":"Economy studios - Hotel Charles","robots":{"index":"index","follow":"follow","max-snippet":"max-snippet:-1","max-image-preview":"max-image-preview:large","max-video-preview":"max-video-preview:-1"},"canonical":"https:\/\/www.charleshotel.hu\/it\/le-nostre-camere\/studio-economy\/","og_locale":"it_IT","og_type":"article","og_title":"Economy studios - Hotel Charles","og_description":"Le Economy Studio di 30 m\u00b2 sono climatizzate e composte da ingresso, una camera da letto, un bagno con vasca e un angolo cottura interamente attrezzato con stoviglie, posate, piastre elettriche e un frigorifero che funge anche da minibar. Il microonde \u00e8 disponibile su richiesta! I letti (200x100cm) delle camere possono essere separati in caso [&hellip;]","og_url":"https:\/\/www.charleshotel.hu\/it\/le-nostre-camere\/studio-economy\/","og_site_name":"Hotel Charles","article_modified_time":"2023-07-07T14:46:28+00:00","twitter_card":"summary_large_image","schema":{"@context":"https:\/\/schema.org","@graph":[{"@type":"WebPage","@id":"https:\/\/www.charleshotel.hu\/it\/le-nostre-camere\/studio-economy\/","url":"https:\/\/www.charleshotel.hu\/it\/le-nostre-camere\/studio-economy\/","name":"Economy studios - Hotel Charles","isPartOf":{"@id":"https:\/\/www.charleshotel.hu\/it\/#website"},"datePublished":"2020-03-11T09:55:47+00:00","dateModified":"2023-07-07T14:46:28+00:00","breadcrumb":{"@id":"https:\/\/www.charleshotel.hu\/it\/le-nostre-camere\/studio-economy\/#breadcrumb"},"inLanguage":"it-IT","potentialAction":[{"@type":"ReadAction","target":["https:\/\/www.charleshotel.hu\/it\/le-nostre-camere\/studio-economy\/"]}]},{"@type":"BreadcrumbList","@id":"https:\/\/www.charleshotel.hu\/it\/le-nostre-camere\/studio-economy\/#breadcrumb","itemListElement":[{"@type":"ListItem","position":1,"name":"Home","item":"https:\/\/www.charleshotel.hu\/it\/"},{"@type":"ListItem","position":2,"name":"Le nostre camere","item":"https:\/\/www.charleshotel.hu\/it\/le-nostre-camere\/"},{"@type":"ListItem","position":3,"name":"Economy studios"}]},{"@type":"WebSite","@id":"https:\/\/www.charleshotel.hu\/it\/#website","url":"https:\/\/www.charleshotel.hu\/it\/","name":"Hotel Charles","description":"Just another ms.decms.eu site","potentialAction":[{"@type":"SearchAction","target":{"@type":"EntryPoint","urlTemplate":"https:\/\/www.charleshotel.hu\/it\/?s={search_term_string}"},"query-input":{"@type":"PropertyValueSpecification","valueRequired":true,"valueName":"search_term_string"}}],"inLanguage":"it-IT"}]}},"acf":[],"_links":{"self":[{"href":"https:\/\/www.charleshotel.hu\/it\/wp-json\/wp\/v2\/pages\/287","targetHints":{"allow":["GET"]}}],"collection":[{"href":"https:\/\/www.charleshotel.hu\/it\/wp-json\/wp\/v2\/pages"}],"about":[{"href":"https:\/\/www.charleshotel.hu\/it\/wp-json\/wp\/v2\/types\/page"}],"author":[{"embeddable":true,"href":"https:\/\/www.charleshotel.hu\/it\/wp-json\/wp\/v2\/users\/120"}],"replies":[{"embeddable":true,"href":"https:\/\/www.charleshotel.hu\/it\/wp-json\/wp\/v2\/comments?post=287"}],"version-history":[{"count":0,"href":"https:\/\/www.charleshotel.hu\/it\/wp-json\/wp\/v2\/pages\/287\/revisions"}],"up":[{"embeddable":true,"href":"https:\/\/www.charleshotel.hu\/it\/wp-json\/wp\/v2\/pages\/285"}],"wp:attachment":[{"href":"https:\/\/www.charleshotel.hu\/it\/wp-json\/wp\/v2\/media?parent=287"}],"curies":[{"name":"wp","href":"https:\/\/api.w.org\/{rel}","templated":true}]}}