{"id":443,"date":"2022-02-28T14:35:54","date_gmt":"2022-02-28T14:35:54","guid":{"rendered":"https:\/\/www.charleshotel.hu\/?page_id=443"},"modified":"2022-02-28T16:07:44","modified_gmt":"2022-02-28T16:07:44","slug":"deluxe-studio","status":"publish","type":"page","link":"https:\/\/www.charleshotel.hu\/hu\/studio-szobaink\/deluxe-studio\/","title":{"rendered":"Deluxe****  Studio"},"content":{"rendered":"<p>Eleg\u00e1nsan fel\u00faj\u00edtott, <strong>3<\/strong><strong>0<\/strong><strong> m2-es<\/strong>, l\u00e9gkondicion\u00e1lt Deluxe St\u00fadi\u00f3ink k\u00e1das, vagy zuhanyz\u00f3s <strong>f\u00fcrd\u0151szob\u00e1kkal felszereltek<\/strong>, a h\u00e1l\u00f3szob\u00e1t \u00e9s a <strong>konyh\u00e1t pedig<\/strong> k\u00f6z\u00f6s l\u00e9gt\u00e9rr\u00e9 nyitottuk egybe, hogy egy m\u00e9g t\u00e1gasabb teret kapjunk. A konyha felszerel\u00e9s\u00e9be tartoznak az ed\u00e9nyek, ev\u0151eszk\u00f6z\u00f6k, valamint egy f\u0151z\u0151lap \u00e9s egy minib\u00e1rk\u00e9nt is szolg\u00e1l\u00f3 <strong>h\u0171t\u0151szekr\u00e9ny<\/strong> is. K\u00e9r\u00e9sre mikrohull\u00e1m\u00fa s\u00fct\u0151t is bek\u00e9sz\u00edt\u00fcnk! A szob\u00e1kban l\u00e9v\u0151 \u00e1gyak (200&#215;100 cm) ig\u00e9ny szerint elk\u00fcl\u00f6n\u00edthet\u0151ek egym\u00e1st\u00f3l. Minden szob\u00e1ban van sz\u00e9f, ruh\u00e1sszekr\u00e9ny, \u00e9jjeliszekr\u00e9ny, \u00e9jjeli l\u00e1mpa, karossz\u00e9kek kis asztallal, illetve <strong>egy modern, digit\u00e1lis csatlakoztat\u00e1sra alkalmas LED TV<\/strong>.<\/p>\n","protected":false},"excerpt":{"rendered":"<p>Eleg\u00e1nsan fel\u00faj\u00edtott, 30 m2-es, l\u00e9gkondicion\u00e1lt Deluxe St\u00fadi\u00f3ink k\u00e1das, vagy zuhanyz\u00f3s f\u00fcrd\u0151szob\u00e1kkal felszereltek, a h\u00e1l\u00f3szob\u00e1t \u00e9s a konyh\u00e1t pedig k\u00f6z\u00f6s l\u00e9gt\u00e9rr\u00e9 nyitottuk egybe, hogy egy m\u00e9g t\u00e1gasabb teret kapjunk. A konyha felszerel\u00e9s\u00e9be tartoznak az ed\u00e9nyek, ev\u0151eszk\u00f6z\u00f6k, valamint egy f\u0151z\u0151lap \u00e9s egy minib\u00e1rk\u00e9nt is szolg\u00e1l\u00f3 h\u0171t\u0151szekr\u00e9ny is. K\u00e9r\u00e9sre mikrohull\u00e1m\u00fa s\u00fct\u0151t is bek\u00e9sz\u00edt\u00fcnk! A szob\u00e1kban l\u00e9v\u0151 \u00e1gyak (200&#215;100 [&hellip;]<\/p>\n","protected":false},"author":120,"featured_media":0,"parent":176,"menu_order":4,"comment_status":"closed","ping_status":"closed","template":"template-single-room.php","meta":{"footnotes":""},"class_list":["post-443","page","type-page","status-publish","hentry"],"yoast_head":"<!-- This site is optimized with the Yoast SEO plugin v26.9 - https:\/\/yoast.com\/product\/yoast-seo-wordpress\/ -->\n<title>Deluxe**** Studio - Hotel Charles<\/title>\n<meta name=\"robots\" content=\"index, follow, max-snippet:-1, max-image-preview:large, max-video-preview:-1\" \/>\n<link rel=\"canonical\" href=\"https:\/\/www.charleshotel.hu\/hu\/studio-szobaink\/deluxe-studio\/\" \/>\n<meta property=\"og:locale\" content=\"hu_HU\" \/>\n<meta property=\"og:type\" content=\"article\" \/>\n<meta property=\"og:title\" content=\"Deluxe**** Studio - Hotel Charles\" \/>\n<meta property=\"og:description\" content=\"Eleg\u00e1nsan fel\u00faj\u00edtott, 30 m2-es, l\u00e9gkondicion\u00e1lt Deluxe St\u00fadi\u00f3ink k\u00e1das, vagy zuhanyz\u00f3s f\u00fcrd\u0151szob\u00e1kkal felszereltek, a h\u00e1l\u00f3szob\u00e1t \u00e9s a konyh\u00e1t pedig k\u00f6z\u00f6s l\u00e9gt\u00e9rr\u00e9 nyitottuk egybe, hogy egy m\u00e9g t\u00e1gasabb teret kapjunk. A konyha felszerel\u00e9s\u00e9be tartoznak az ed\u00e9nyek, ev\u0151eszk\u00f6z\u00f6k, valamint egy f\u0151z\u0151lap \u00e9s egy minib\u00e1rk\u00e9nt is szolg\u00e1l\u00f3 h\u0171t\u0151szekr\u00e9ny is. K\u00e9r\u00e9sre mikrohull\u00e1m\u00fa s\u00fct\u0151t is bek\u00e9sz\u00edt\u00fcnk! A szob\u00e1kban l\u00e9v\u0151 \u00e1gyak (200&#215;100 [&hellip;]\" \/>\n<meta property=\"og:url\" content=\"https:\/\/www.charleshotel.hu\/hu\/studio-szobaink\/deluxe-studio\/\" \/>\n<meta property=\"og:site_name\" content=\"Hotel Charles\" \/>\n<meta property=\"article:modified_time\" content=\"2022-02-28T16:07:44+00:00\" \/>\n<meta name=\"twitter:card\" content=\"summary_large_image\" \/>\n<meta name=\"twitter:label1\" content=\"Becs\u00fclt olvas\u00e1si id\u0151\" \/>\n\t<meta name=\"twitter:data1\" content=\"1 perc\" \/>\n<script type=\"application\/ld+json\" class=\"yoast-schema-graph\">{\"@context\":\"https:\/\/schema.org\",\"@graph\":[{\"@type\":\"WebPage\",\"@id\":\"https:\/\/www.charleshotel.hu\/hu\/studio-szobaink\/deluxe-studio\/\",\"url\":\"https:\/\/www.charleshotel.hu\/hu\/studio-szobaink\/deluxe-studio\/\",\"name\":\"Deluxe**** Studio - Hotel Charles\",\"isPartOf\":{\"@id\":\"https:\/\/www.charleshotel.hu\/hu\/#website\"},\"datePublished\":\"2022-02-28T14:35:54+00:00\",\"dateModified\":\"2022-02-28T16:07:44+00:00\",\"breadcrumb\":{\"@id\":\"https:\/\/www.charleshotel.hu\/hu\/studio-szobaink\/deluxe-studio\/#breadcrumb\"},\"inLanguage\":\"hu\",\"potentialAction\":[{\"@type\":\"ReadAction\",\"target\":[\"https:\/\/www.charleshotel.hu\/hu\/studio-szobaink\/deluxe-studio\/\"]}]},{\"@type\":\"BreadcrumbList\",\"@id\":\"https:\/\/www.charleshotel.hu\/hu\/studio-szobaink\/deluxe-studio\/#breadcrumb\",\"itemListElement\":[{\"@type\":\"ListItem\",\"position\":1,\"name\":\"Home\",\"item\":\"https:\/\/www.charleshotel.hu\/hu\/\"},{\"@type\":\"ListItem\",\"position\":2,\"name\":\"SZOB\u00c1INK\",\"item\":\"https:\/\/www.charleshotel.hu\/hu\/studio-szobaink\/\"},{\"@type\":\"ListItem\",\"position\":3,\"name\":\"Deluxe**** Studio\"}]},{\"@type\":\"WebSite\",\"@id\":\"https:\/\/www.charleshotel.hu\/hu\/#website\",\"url\":\"https:\/\/www.charleshotel.hu\/hu\/\",\"name\":\"Hotel Charles\",\"description\":\"Just another ms.decms.eu site\",\"potentialAction\":[{\"@type\":\"SearchAction\",\"target\":{\"@type\":\"EntryPoint\",\"urlTemplate\":\"https:\/\/www.charleshotel.hu\/hu\/?s={search_term_string}\"},\"query-input\":{\"@type\":\"PropertyValueSpecification\",\"valueRequired\":true,\"valueName\":\"search_term_string\"}}],\"inLanguage\":\"hu\"}]}<\/script>\n<!-- \/ Yoast SEO plugin. -->","yoast_head_json":{"title":"Deluxe**** Studio - Hotel Charles","robots":{"index":"index","follow":"follow","max-snippet":"max-snippet:-1","max-image-preview":"max-image-preview:large","max-video-preview":"max-video-preview:-1"},"canonical":"https:\/\/www.charleshotel.hu\/hu\/studio-szobaink\/deluxe-studio\/","og_locale":"hu_HU","og_type":"article","og_title":"Deluxe**** Studio - Hotel Charles","og_description":"Eleg\u00e1nsan fel\u00faj\u00edtott, 30 m2-es, l\u00e9gkondicion\u00e1lt Deluxe St\u00fadi\u00f3ink k\u00e1das, vagy zuhanyz\u00f3s f\u00fcrd\u0151szob\u00e1kkal felszereltek, a h\u00e1l\u00f3szob\u00e1t \u00e9s a konyh\u00e1t pedig k\u00f6z\u00f6s l\u00e9gt\u00e9rr\u00e9 nyitottuk egybe, hogy egy m\u00e9g t\u00e1gasabb teret kapjunk. A konyha felszerel\u00e9s\u00e9be tartoznak az ed\u00e9nyek, ev\u0151eszk\u00f6z\u00f6k, valamint egy f\u0151z\u0151lap \u00e9s egy minib\u00e1rk\u00e9nt is szolg\u00e1l\u00f3 h\u0171t\u0151szekr\u00e9ny is. K\u00e9r\u00e9sre mikrohull\u00e1m\u00fa s\u00fct\u0151t is bek\u00e9sz\u00edt\u00fcnk! A szob\u00e1kban l\u00e9v\u0151 \u00e1gyak (200&#215;100 [&hellip;]","og_url":"https:\/\/www.charleshotel.hu\/hu\/studio-szobaink\/deluxe-studio\/","og_site_name":"Hotel Charles","article_modified_time":"2022-02-28T16:07:44+00:00","twitter_card":"summary_large_image","twitter_misc":{"Becs\u00fclt olvas\u00e1si id\u0151":"1 perc"},"schema":{"@context":"https:\/\/schema.org","@graph":[{"@type":"WebPage","@id":"https:\/\/www.charleshotel.hu\/hu\/studio-szobaink\/deluxe-studio\/","url":"https:\/\/www.charleshotel.hu\/hu\/studio-szobaink\/deluxe-studio\/","name":"Deluxe**** Studio - Hotel Charles","isPartOf":{"@id":"https:\/\/www.charleshotel.hu\/hu\/#website"},"datePublished":"2022-02-28T14:35:54+00:00","dateModified":"2022-02-28T16:07:44+00:00","breadcrumb":{"@id":"https:\/\/www.charleshotel.hu\/hu\/studio-szobaink\/deluxe-studio\/#breadcrumb"},"inLanguage":"hu","potentialAction":[{"@type":"ReadAction","target":["https:\/\/www.charleshotel.hu\/hu\/studio-szobaink\/deluxe-studio\/"]}]},{"@type":"BreadcrumbList","@id":"https:\/\/www.charleshotel.hu\/hu\/studio-szobaink\/deluxe-studio\/#breadcrumb","itemListElement":[{"@type":"ListItem","position":1,"name":"Home","item":"https:\/\/www.charleshotel.hu\/hu\/"},{"@type":"ListItem","position":2,"name":"SZOB\u00c1INK","item":"https:\/\/www.charleshotel.hu\/hu\/studio-szobaink\/"},{"@type":"ListItem","position":3,"name":"Deluxe**** Studio"}]},{"@type":"WebSite","@id":"https:\/\/www.charleshotel.hu\/hu\/#website","url":"https:\/\/www.charleshotel.hu\/hu\/","name":"Hotel Charles","description":"Just another ms.decms.eu site","potentialAction":[{"@type":"SearchAction","target":{"@type":"EntryPoint","urlTemplate":"https:\/\/www.charleshotel.hu\/hu\/?s={search_term_string}"},"query-input":{"@type":"PropertyValueSpecification","valueRequired":true,"valueName":"search_term_string"}}],"inLanguage":"hu"}]}},"acf":[],"_links":{"self":[{"href":"https:\/\/www.charleshotel.hu\/hu\/wp-json\/wp\/v2\/pages\/443","targetHints":{"allow":["GET"]}}],"collection":[{"href":"https:\/\/www.charleshotel.hu\/hu\/wp-json\/wp\/v2\/pages"}],"about":[{"href":"https:\/\/www.charleshotel.hu\/hu\/wp-json\/wp\/v2\/types\/page"}],"author":[{"embeddable":true,"href":"https:\/\/www.charleshotel.hu\/hu\/wp-json\/wp\/v2\/users\/120"}],"replies":[{"embeddable":true,"href":"https:\/\/www.charleshotel.hu\/hu\/wp-json\/wp\/v2\/comments?post=443"}],"version-history":[{"count":0,"href":"https:\/\/www.charleshotel.hu\/hu\/wp-json\/wp\/v2\/pages\/443\/revisions"}],"up":[{"embeddable":true,"href":"https:\/\/www.charleshotel.hu\/hu\/wp-json\/wp\/v2\/pages\/176"}],"wp:attachment":[{"href":"https:\/\/www.charleshotel.hu\/hu\/wp-json\/wp\/v2\/media?parent=443"}],"curies":[{"name":"wp","href":"https:\/\/api.w.org\/{rel}","templated":true}]}}