{"id":4,"date":"2019-08-20T09:55:52","date_gmt":"2019-08-20T09:55:52","guid":{"rendered":"http:\/\/hotel-charles.ms.decms.eu\/?page_id=4"},"modified":"2022-04-22T13:02:12","modified_gmt":"2022-04-22T13:02:12","slug":"hotel-charles","status":"publish","type":"page","link":"https:\/\/www.charleshotel.hu\/hu\/","title":{"rendered":"\u00dcdv\u00f6z\u00f6lj\u00fck a Hotel Charles-ban"},"content":{"rendered":"<p>Ha egy kis kikapcsol\u00f3d\u00e1sra v\u00e1gyik, kedveli a z\u00f6ld k\u00f6rnyezetet, az \u00edzletes \u00e9teleket \u00e9s a k\u00e9nyelmes szob\u00e1kat, a legmegfelel\u0151bb v\u00e1laszt\u00e1s az \u00d6n sz\u00e1m\u00e1ra a <strong>Hotel Charles<\/strong>. Nagy szeretettel v\u00e1rjuk kedves <strong>vend\u00e9geinket a t\u00e1gas, 30m2\u2013es, l\u00e9gkondicion\u00e1lt, konyh\u00e1val felszerelt szob\u00e1inkban, k\u00f6zvetlen\u00fcl<\/strong> a Gell\u00e9rt-hegy l\u00e1b\u00e1n\u00e1l, nem messze a Kongresszusi K\u00f6zpontt\u00f3l, <strong>csup\u00e1n p\u00e1r percre Budapest<\/strong> legismertebb \u00e9s legl\u00e1tv\u00e1nyosabb turisztikai attrakci\u00f3it\u00f3l. Amennyiben aut\u00f3val \u00e9rkezne, a kamer\u00e1kkal felszerelt bels\u0151 udvari parkol\u00f3nkban biztons\u00e1gban tudhatja j\u00e1rm\u0171v\u00e9t.<\/p>\n<p>A t\u00f6megk\u00f6zleked\u00e9st prefer\u00e1l\u00f3 vend\u00e9geink sz\u00e1m\u00e1ra k\u00e9zenfekv\u0151 megold\u00e1st ny\u00fajt a mind\u00f6ssze 20 m\u00e9terre tal\u00e1lhat\u00f3 a buszmeg\u00e1ll\u00f3, <strong>ahonnan 10 perc alatt el\u00e9rhet\u0151 a v\u00e1rosk\u00f6zpont<\/strong>. T\u00f6bb nyelven besz\u00e9l\u0151 recepci\u00f3saink \u00e9s londinereink mindig arra t\u00f6rekednek, hogy az \u00d6n kedv\u00e9ben j\u00e1rjanak; v\u00e1laszolnak k\u00e9rd\u00e9seikre, \u00fatbaigaz\u00edt\u00e1st adnak, \u00e9s sz\u00e1mos programlehet\u0151s\u00e9ggel szolg\u00e1lnak. Sz\u00e1llod\u00e1nk b\u00fcszkes\u00e9ge a kiv\u00e1l\u00f3 <strong>J\u00e1nos \u00c9tterem<\/strong>, ahol reggel 7 \u00f3r\u00e1t\u00f3l gazdag b\u00fcf\u00e9 reggeli v\u00e1rja kedves vend\u00e9geinket, d\u00e9lt\u0151l sz\u00ednes k\u00edn\u00e1lat\u00fa \u00e9tlapunkr\u00f3l rendelhet, j\u00f3 id\u0151ben pedig ak\u00e1r hangulatos teraszunkon is elfogyaszthatja a v\u00e1lasztott fog\u00e1sokat.<\/p>\n","protected":false},"excerpt":{"rendered":"<p>Ha egy kis kikapcsol\u00f3d\u00e1sra v\u00e1gyik, kedveli a z\u00f6ld k\u00f6rnyezetet, az \u00edzletes \u00e9teleket \u00e9s a k\u00e9nyelmes szob\u00e1kat, a legmegfelel\u0151bb v\u00e1laszt\u00e1s az \u00d6n sz\u00e1m\u00e1ra a Hotel Charles. Nagy szeretettel v\u00e1rjuk kedves vend\u00e9geinket a t\u00e1gas, 30m2\u2013es, l\u00e9gkondicion\u00e1lt, konyh\u00e1val felszerelt szob\u00e1inkban, k\u00f6zvetlen\u00fcl a Gell\u00e9rt-hegy l\u00e1b\u00e1n\u00e1l, nem messze a Kongresszusi K\u00f6zpontt\u00f3l, csup\u00e1n p\u00e1r percre Budapest legismertebb \u00e9s legl\u00e1tv\u00e1nyosabb turisztikai attrakci\u00f3it\u00f3l. [&hellip;]<\/p>\n","protected":false},"author":4,"featured_media":0,"parent":0,"menu_order":1,"comment_status":"closed","ping_status":"open","template":"","meta":{"footnotes":""},"class_list":["post-4","page","type-page","status-publish","hentry"],"yoast_head":"<!-- This site is optimized with the Yoast SEO plugin v26.9 - https:\/\/yoast.com\/product\/yoast-seo-wordpress\/ -->\n<title>Hotel Charles Budapest *** | Hivatalos Weboldal, Legjobb \u00c1rak<\/title>\n<meta name=\"description\" content=\"Hotel Charles Budapest*** - V\u00e1lassza t\u00e1gas apartman szob\u00e1inkat Buda sz\u00edv\u00e9ben, a Gell\u00e9rt-hegy l\u00e1b\u00e1n\u00e1l, a v\u00e1rosk\u00f6zpont k\u00f6zvetlen k\u00f6zel\u00e9ben. Szob\u00e1ink egyt\u0151l egyig l\u00e9gkondicion\u00e1ltak \u00e9s saj\u00e1t konyh\u00e1val felszereltek.\" \/>\n<meta name=\"robots\" content=\"index, follow, max-snippet:-1, max-image-preview:large, max-video-preview:-1\" \/>\n<link rel=\"canonical\" href=\"https:\/\/www.charleshotel.hu\/hu\/\" \/>\n<meta property=\"og:locale\" content=\"hu_HU\" \/>\n<meta property=\"og:type\" content=\"article\" \/>\n<meta property=\"og:title\" content=\"Hotel Charles Budapest *** | Hivatalos Weboldal, Legjobb \u00c1rak\" \/>\n<meta property=\"og:description\" content=\"Hotel Charles Budapest*** - V\u00e1lassza t\u00e1gas apartman szob\u00e1inkat Buda sz\u00edv\u00e9ben, a Gell\u00e9rt-hegy l\u00e1b\u00e1n\u00e1l, a v\u00e1rosk\u00f6zpont k\u00f6zvetlen k\u00f6zel\u00e9ben. Szob\u00e1ink egyt\u0151l egyig l\u00e9gkondicion\u00e1ltak \u00e9s saj\u00e1t konyh\u00e1val felszereltek.\" \/>\n<meta property=\"og:url\" content=\"https:\/\/www.charleshotel.hu\/hu\/\" \/>\n<meta property=\"og:site_name\" content=\"Hotel Charles\" \/>\n<meta property=\"article:modified_time\" content=\"2022-04-22T13:02:12+00:00\" \/>\n<meta name=\"twitter:card\" content=\"summary_large_image\" \/>\n<meta name=\"twitter:label1\" content=\"Becs\u00fclt olvas\u00e1si id\u0151\" \/>\n\t<meta name=\"twitter:data1\" content=\"1 perc\" \/>\n<script type=\"application\/ld+json\" class=\"yoast-schema-graph\">{\"@context\":\"https:\/\/schema.org\",\"@graph\":[{\"@type\":\"WebPage\",\"@id\":\"https:\/\/www.charleshotel.hu\/hu\/\",\"url\":\"https:\/\/www.charleshotel.hu\/hu\/\",\"name\":\"Hotel Charles Budapest *** | Hivatalos Weboldal, Legjobb \u00c1rak\",\"isPartOf\":{\"@id\":\"https:\/\/www.charleshotel.hu\/hu\/#website\"},\"datePublished\":\"2019-08-20T09:55:52+00:00\",\"dateModified\":\"2022-04-22T13:02:12+00:00\",\"description\":\"Hotel Charles Budapest*** - V\u00e1lassza t\u00e1gas apartman szob\u00e1inkat Buda sz\u00edv\u00e9ben, a Gell\u00e9rt-hegy l\u00e1b\u00e1n\u00e1l, a v\u00e1rosk\u00f6zpont k\u00f6zvetlen k\u00f6zel\u00e9ben. Szob\u00e1ink egyt\u0151l egyig l\u00e9gkondicion\u00e1ltak \u00e9s saj\u00e1t konyh\u00e1val felszereltek.\",\"breadcrumb\":{\"@id\":\"https:\/\/www.charleshotel.hu\/hu\/#breadcrumb\"},\"inLanguage\":\"hu\",\"potentialAction\":[{\"@type\":\"ReadAction\",\"target\":[\"https:\/\/www.charleshotel.hu\/hu\/\"]}]},{\"@type\":\"BreadcrumbList\",\"@id\":\"https:\/\/www.charleshotel.hu\/hu\/#breadcrumb\",\"itemListElement\":[{\"@type\":\"ListItem\",\"position\":1,\"name\":\"Home\",\"item\":\"https:\/\/www.charleshotel.hu\/hu\/\"},{\"@type\":\"ListItem\",\"position\":2,\"name\":\"\u00dcdv\u00f6z\u00f6lj\u00fck a Hotel Charles-ban\"}]},{\"@type\":\"WebSite\",\"@id\":\"https:\/\/www.charleshotel.hu\/hu\/#website\",\"url\":\"https:\/\/www.charleshotel.hu\/hu\/\",\"name\":\"Hotel Charles\",\"description\":\"Just another ms.decms.eu site\",\"potentialAction\":[{\"@type\":\"SearchAction\",\"target\":{\"@type\":\"EntryPoint\",\"urlTemplate\":\"https:\/\/www.charleshotel.hu\/hu\/?s={search_term_string}\"},\"query-input\":{\"@type\":\"PropertyValueSpecification\",\"valueRequired\":true,\"valueName\":\"search_term_string\"}}],\"inLanguage\":\"hu\"}]}<\/script>\n<!-- \/ Yoast SEO plugin. -->","yoast_head_json":{"title":"Hotel Charles Budapest *** | Hivatalos Weboldal, Legjobb \u00c1rak","description":"Hotel Charles Budapest*** - V\u00e1lassza t\u00e1gas apartman szob\u00e1inkat Buda sz\u00edv\u00e9ben, a Gell\u00e9rt-hegy l\u00e1b\u00e1n\u00e1l, a v\u00e1rosk\u00f6zpont k\u00f6zvetlen k\u00f6zel\u00e9ben. Szob\u00e1ink egyt\u0151l egyig l\u00e9gkondicion\u00e1ltak \u00e9s saj\u00e1t konyh\u00e1val felszereltek.","robots":{"index":"index","follow":"follow","max-snippet":"max-snippet:-1","max-image-preview":"max-image-preview:large","max-video-preview":"max-video-preview:-1"},"canonical":"https:\/\/www.charleshotel.hu\/hu\/","og_locale":"hu_HU","og_type":"article","og_title":"Hotel Charles Budapest *** | Hivatalos Weboldal, Legjobb \u00c1rak","og_description":"Hotel Charles Budapest*** - V\u00e1lassza t\u00e1gas apartman szob\u00e1inkat Buda sz\u00edv\u00e9ben, a Gell\u00e9rt-hegy l\u00e1b\u00e1n\u00e1l, a v\u00e1rosk\u00f6zpont k\u00f6zvetlen k\u00f6zel\u00e9ben. Szob\u00e1ink egyt\u0151l egyig l\u00e9gkondicion\u00e1ltak \u00e9s saj\u00e1t konyh\u00e1val felszereltek.","og_url":"https:\/\/www.charleshotel.hu\/hu\/","og_site_name":"Hotel Charles","article_modified_time":"2022-04-22T13:02:12+00:00","twitter_card":"summary_large_image","twitter_misc":{"Becs\u00fclt olvas\u00e1si id\u0151":"1 perc"},"schema":{"@context":"https:\/\/schema.org","@graph":[{"@type":"WebPage","@id":"https:\/\/www.charleshotel.hu\/hu\/","url":"https:\/\/www.charleshotel.hu\/hu\/","name":"Hotel Charles Budapest *** | Hivatalos Weboldal, Legjobb \u00c1rak","isPartOf":{"@id":"https:\/\/www.charleshotel.hu\/hu\/#website"},"datePublished":"2019-08-20T09:55:52+00:00","dateModified":"2022-04-22T13:02:12+00:00","description":"Hotel Charles Budapest*** - V\u00e1lassza t\u00e1gas apartman szob\u00e1inkat Buda sz\u00edv\u00e9ben, a Gell\u00e9rt-hegy l\u00e1b\u00e1n\u00e1l, a v\u00e1rosk\u00f6zpont k\u00f6zvetlen k\u00f6zel\u00e9ben. Szob\u00e1ink egyt\u0151l egyig l\u00e9gkondicion\u00e1ltak \u00e9s saj\u00e1t konyh\u00e1val felszereltek.","breadcrumb":{"@id":"https:\/\/www.charleshotel.hu\/hu\/#breadcrumb"},"inLanguage":"hu","potentialAction":[{"@type":"ReadAction","target":["https:\/\/www.charleshotel.hu\/hu\/"]}]},{"@type":"BreadcrumbList","@id":"https:\/\/www.charleshotel.hu\/hu\/#breadcrumb","itemListElement":[{"@type":"ListItem","position":1,"name":"Home","item":"https:\/\/www.charleshotel.hu\/hu\/"},{"@type":"ListItem","position":2,"name":"\u00dcdv\u00f6z\u00f6lj\u00fck a Hotel Charles-ban"}]},{"@type":"WebSite","@id":"https:\/\/www.charleshotel.hu\/hu\/#website","url":"https:\/\/www.charleshotel.hu\/hu\/","name":"Hotel Charles","description":"Just another ms.decms.eu site","potentialAction":[{"@type":"SearchAction","target":{"@type":"EntryPoint","urlTemplate":"https:\/\/www.charleshotel.hu\/hu\/?s={search_term_string}"},"query-input":{"@type":"PropertyValueSpecification","valueRequired":true,"valueName":"search_term_string"}}],"inLanguage":"hu"}]}},"acf":[],"_links":{"self":[{"href":"https:\/\/www.charleshotel.hu\/hu\/wp-json\/wp\/v2\/pages\/4","targetHints":{"allow":["GET"]}}],"collection":[{"href":"https:\/\/www.charleshotel.hu\/hu\/wp-json\/wp\/v2\/pages"}],"about":[{"href":"https:\/\/www.charleshotel.hu\/hu\/wp-json\/wp\/v2\/types\/page"}],"author":[{"embeddable":true,"href":"https:\/\/www.charleshotel.hu\/hu\/wp-json\/wp\/v2\/users\/4"}],"replies":[{"embeddable":true,"href":"https:\/\/www.charleshotel.hu\/hu\/wp-json\/wp\/v2\/comments?post=4"}],"version-history":[{"count":0,"href":"https:\/\/www.charleshotel.hu\/hu\/wp-json\/wp\/v2\/pages\/4\/revisions"}],"wp:attachment":[{"href":"https:\/\/www.charleshotel.hu\/hu\/wp-json\/wp\/v2\/media?parent=4"}],"curies":[{"name":"wp","href":"https:\/\/api.w.org\/{rel}","templated":true}]}}