{"id":195,"date":"2020-01-27T10:39:14","date_gmt":"2020-01-27T10:39:14","guid":{"rendered":"http:\/\/hotel-charles.ms.decms.eu\/?page_id=195"},"modified":"2020-03-11T12:50:42","modified_gmt":"2020-03-11T12:50:42","slug":"myconcierge","status":"publish","type":"page","link":"https:\/\/www.charleshotel.hu\/hu\/myconcierge\/","title":{"rendered":"MyCONCIERGE"},"content":{"rendered":"<p>Szakadatlan t\u00f6rekv\u00e9s\u00fcnk, hogy<strong> vend\u00e9geink sz\u00e1m\u00e1ra maradand\u00f3 \u00e9lm\u00e9nyeket szerezhess\u00fcnk<\/strong>. Ennek eredm\u00e9nyek\u00e9nt sz\u00fcletett meg \u00faj <strong>MyConcierge<\/strong> szolg\u00e1ltat\u00e1sunk is. Ha b\u00e1rmilyen inform\u00e1ci\u00f3ra lenne sz\u00fcks\u00e9ge a v\u00e1rossal, l\u00e1tnival\u00f3kkal, programlehet\u0151s\u00e9gekkel kapcsolatban, vagy csak taxit szeretne rendelni, csup\u00e1n annyit kell tennie, hogy meg\u00edrja k\u00e9rd\u00e9seit \u00e9s k\u00edv\u00e1ns\u00e1gait az itt l\u00e1that\u00f3 sz\u00f6vegdobozba. Koll\u00e9g\u00e1ink a lehet\u0151 leghamarabb v\u00e1laszolnak majd, \u00e9s igyekeznek minden seg\u00edts\u00e9get megadni.<\/p>\n","protected":false},"excerpt":{"rendered":"<p>Szakadatlan t\u00f6rekv\u00e9s\u00fcnk, hogy vend\u00e9geink sz\u00e1m\u00e1ra maradand\u00f3 \u00e9lm\u00e9nyeket szerezhess\u00fcnk. Ennek eredm\u00e9nyek\u00e9nt sz\u00fcletett meg \u00faj MyConcierge szolg\u00e1ltat\u00e1sunk is. Ha b\u00e1rmilyen inform\u00e1ci\u00f3ra lenne sz\u00fcks\u00e9ge a v\u00e1rossal, l\u00e1tnival\u00f3kkal, programlehet\u0151s\u00e9gekkel kapcsolatban, vagy csak taxit szeretne rendelni, csup\u00e1n annyit kell tennie, hogy meg\u00edrja k\u00e9rd\u00e9seit \u00e9s k\u00edv\u00e1ns\u00e1gait az itt l\u00e1that\u00f3 sz\u00f6vegdobozba. Koll\u00e9g\u00e1ink a lehet\u0151 leghamarabb v\u00e1laszolnak majd, \u00e9s igyekeznek minden seg\u00edts\u00e9get megadni.<\/p>\n","protected":false},"author":4,"featured_media":0,"parent":0,"menu_order":8,"comment_status":"closed","ping_status":"closed","template":"","meta":{"footnotes":""},"class_list":["post-195","page","type-page","status-publish","hentry"],"yoast_head":"<!-- This site is optimized with the Yoast SEO plugin v26.9 - https:\/\/yoast.com\/product\/yoast-seo-wordpress\/ -->\n<title>MyCONCIERGE - Hotel Charles<\/title>\n<meta name=\"robots\" content=\"index, follow, max-snippet:-1, max-image-preview:large, max-video-preview:-1\" \/>\n<link rel=\"canonical\" href=\"https:\/\/www.charleshotel.hu\/hu\/myconcierge\/\" \/>\n<meta property=\"og:locale\" content=\"hu_HU\" \/>\n<meta property=\"og:type\" content=\"article\" \/>\n<meta property=\"og:title\" content=\"MyCONCIERGE - Hotel Charles\" \/>\n<meta property=\"og:description\" content=\"Szakadatlan t\u00f6rekv\u00e9s\u00fcnk, hogy vend\u00e9geink sz\u00e1m\u00e1ra maradand\u00f3 \u00e9lm\u00e9nyeket szerezhess\u00fcnk. Ennek eredm\u00e9nyek\u00e9nt sz\u00fcletett meg \u00faj MyConcierge szolg\u00e1ltat\u00e1sunk is. Ha b\u00e1rmilyen inform\u00e1ci\u00f3ra lenne sz\u00fcks\u00e9ge a v\u00e1rossal, l\u00e1tnival\u00f3kkal, programlehet\u0151s\u00e9gekkel kapcsolatban, vagy csak taxit szeretne rendelni, csup\u00e1n annyit kell tennie, hogy meg\u00edrja k\u00e9rd\u00e9seit \u00e9s k\u00edv\u00e1ns\u00e1gait az itt l\u00e1that\u00f3 sz\u00f6vegdobozba. Koll\u00e9g\u00e1ink a lehet\u0151 leghamarabb v\u00e1laszolnak majd, \u00e9s igyekeznek minden seg\u00edts\u00e9get megadni.\" \/>\n<meta property=\"og:url\" content=\"https:\/\/www.charleshotel.hu\/hu\/myconcierge\/\" \/>\n<meta property=\"og:site_name\" content=\"Hotel Charles\" \/>\n<meta property=\"article:modified_time\" content=\"2020-03-11T12:50:42+00:00\" \/>\n<meta name=\"twitter:card\" content=\"summary_large_image\" \/>\n<script type=\"application\/ld+json\" class=\"yoast-schema-graph\">{\"@context\":\"https:\/\/schema.org\",\"@graph\":[{\"@type\":\"WebPage\",\"@id\":\"https:\/\/www.charleshotel.hu\/hu\/myconcierge\/\",\"url\":\"https:\/\/www.charleshotel.hu\/hu\/myconcierge\/\",\"name\":\"MyCONCIERGE - Hotel Charles\",\"isPartOf\":{\"@id\":\"https:\/\/www.charleshotel.hu\/hu\/#website\"},\"datePublished\":\"2020-01-27T10:39:14+00:00\",\"dateModified\":\"2020-03-11T12:50:42+00:00\",\"breadcrumb\":{\"@id\":\"https:\/\/www.charleshotel.hu\/hu\/myconcierge\/#breadcrumb\"},\"inLanguage\":\"hu\",\"potentialAction\":[{\"@type\":\"ReadAction\",\"target\":[\"https:\/\/www.charleshotel.hu\/hu\/myconcierge\/\"]}]},{\"@type\":\"BreadcrumbList\",\"@id\":\"https:\/\/www.charleshotel.hu\/hu\/myconcierge\/#breadcrumb\",\"itemListElement\":[{\"@type\":\"ListItem\",\"position\":1,\"name\":\"Home\",\"item\":\"https:\/\/www.charleshotel.hu\/hu\/\"},{\"@type\":\"ListItem\",\"position\":2,\"name\":\"MyCONCIERGE\"}]},{\"@type\":\"WebSite\",\"@id\":\"https:\/\/www.charleshotel.hu\/hu\/#website\",\"url\":\"https:\/\/www.charleshotel.hu\/hu\/\",\"name\":\"Hotel Charles\",\"description\":\"Just another ms.decms.eu site\",\"potentialAction\":[{\"@type\":\"SearchAction\",\"target\":{\"@type\":\"EntryPoint\",\"urlTemplate\":\"https:\/\/www.charleshotel.hu\/hu\/?s={search_term_string}\"},\"query-input\":{\"@type\":\"PropertyValueSpecification\",\"valueRequired\":true,\"valueName\":\"search_term_string\"}}],\"inLanguage\":\"hu\"}]}<\/script>\n<!-- \/ Yoast SEO plugin. -->","yoast_head_json":{"title":"MyCONCIERGE - Hotel Charles","robots":{"index":"index","follow":"follow","max-snippet":"max-snippet:-1","max-image-preview":"max-image-preview:large","max-video-preview":"max-video-preview:-1"},"canonical":"https:\/\/www.charleshotel.hu\/hu\/myconcierge\/","og_locale":"hu_HU","og_type":"article","og_title":"MyCONCIERGE - Hotel Charles","og_description":"Szakadatlan t\u00f6rekv\u00e9s\u00fcnk, hogy vend\u00e9geink sz\u00e1m\u00e1ra maradand\u00f3 \u00e9lm\u00e9nyeket szerezhess\u00fcnk. Ennek eredm\u00e9nyek\u00e9nt sz\u00fcletett meg \u00faj MyConcierge szolg\u00e1ltat\u00e1sunk is. Ha b\u00e1rmilyen inform\u00e1ci\u00f3ra lenne sz\u00fcks\u00e9ge a v\u00e1rossal, l\u00e1tnival\u00f3kkal, programlehet\u0151s\u00e9gekkel kapcsolatban, vagy csak taxit szeretne rendelni, csup\u00e1n annyit kell tennie, hogy meg\u00edrja k\u00e9rd\u00e9seit \u00e9s k\u00edv\u00e1ns\u00e1gait az itt l\u00e1that\u00f3 sz\u00f6vegdobozba. Koll\u00e9g\u00e1ink a lehet\u0151 leghamarabb v\u00e1laszolnak majd, \u00e9s igyekeznek minden seg\u00edts\u00e9get megadni.","og_url":"https:\/\/www.charleshotel.hu\/hu\/myconcierge\/","og_site_name":"Hotel Charles","article_modified_time":"2020-03-11T12:50:42+00:00","twitter_card":"summary_large_image","schema":{"@context":"https:\/\/schema.org","@graph":[{"@type":"WebPage","@id":"https:\/\/www.charleshotel.hu\/hu\/myconcierge\/","url":"https:\/\/www.charleshotel.hu\/hu\/myconcierge\/","name":"MyCONCIERGE - Hotel Charles","isPartOf":{"@id":"https:\/\/www.charleshotel.hu\/hu\/#website"},"datePublished":"2020-01-27T10:39:14+00:00","dateModified":"2020-03-11T12:50:42+00:00","breadcrumb":{"@id":"https:\/\/www.charleshotel.hu\/hu\/myconcierge\/#breadcrumb"},"inLanguage":"hu","potentialAction":[{"@type":"ReadAction","target":["https:\/\/www.charleshotel.hu\/hu\/myconcierge\/"]}]},{"@type":"BreadcrumbList","@id":"https:\/\/www.charleshotel.hu\/hu\/myconcierge\/#breadcrumb","itemListElement":[{"@type":"ListItem","position":1,"name":"Home","item":"https:\/\/www.charleshotel.hu\/hu\/"},{"@type":"ListItem","position":2,"name":"MyCONCIERGE"}]},{"@type":"WebSite","@id":"https:\/\/www.charleshotel.hu\/hu\/#website","url":"https:\/\/www.charleshotel.hu\/hu\/","name":"Hotel Charles","description":"Just another ms.decms.eu site","potentialAction":[{"@type":"SearchAction","target":{"@type":"EntryPoint","urlTemplate":"https:\/\/www.charleshotel.hu\/hu\/?s={search_term_string}"},"query-input":{"@type":"PropertyValueSpecification","valueRequired":true,"valueName":"search_term_string"}}],"inLanguage":"hu"}]}},"acf":[],"_links":{"self":[{"href":"https:\/\/www.charleshotel.hu\/hu\/wp-json\/wp\/v2\/pages\/195","targetHints":{"allow":["GET"]}}],"collection":[{"href":"https:\/\/www.charleshotel.hu\/hu\/wp-json\/wp\/v2\/pages"}],"about":[{"href":"https:\/\/www.charleshotel.hu\/hu\/wp-json\/wp\/v2\/types\/page"}],"author":[{"embeddable":true,"href":"https:\/\/www.charleshotel.hu\/hu\/wp-json\/wp\/v2\/users\/4"}],"replies":[{"embeddable":true,"href":"https:\/\/www.charleshotel.hu\/hu\/wp-json\/wp\/v2\/comments?post=195"}],"version-history":[{"count":0,"href":"https:\/\/www.charleshotel.hu\/hu\/wp-json\/wp\/v2\/pages\/195\/revisions"}],"wp:attachment":[{"href":"https:\/\/www.charleshotel.hu\/hu\/wp-json\/wp\/v2\/media?parent=195"}],"curies":[{"name":"wp","href":"https:\/\/api.w.org\/{rel}","templated":true}]}}