{"id":194,"date":"2020-01-27T10:34:26","date_gmt":"2020-01-27T10:34:26","guid":{"rendered":"http:\/\/hotel-charles.ms.decms.eu\/?page_id=194"},"modified":"2024-03-18T13:58:58","modified_gmt":"2024-03-18T13:58:58","slug":"parkolas","status":"publish","type":"page","link":"https:\/\/www.charleshotel.hu\/hu\/szolgaltatasaink\/parkolas\/","title":{"rendered":"Parkol\u00e1s"},"content":{"rendered":"<p>Sz\u00e1llod\u00e1nk parkol\u00e1si d\u00edjas \u00f6vezetben tal\u00e1lhat\u00f3. Az utc\u00e1n t\u00f6rt\u00e9n\u0151 parkol\u00e1s az aktu\u00e1lis \u00f6nkorm\u00e1nyzati d\u00edjszab\u00e1ssal vehet\u0151 ig\u00e9nybe.<br \/>\nVend\u00e9geink sz\u00e1m\u00e1ra korl\u00e1tozott sz\u00e1m\u00fa z\u00e1rt parkol\u00e1si lehet\u0151s\u00e9get k\u00edn\u00e1lunk udvarunkon. Amennyiben aut\u00f3val \u00e9rkezik \u00e9s szeretne be\u00e1llni udvarunkra, k\u00e9rj\u00fck jelezze m\u00e1r foglal\u00e1skor!<br \/>\nParkol\u00f3nk nem \u0151rz\u00f6tt, de kamer\u00e1val megfigyelt!<\/p>\n<p>A parkol\u00e1s d\u00edja 16 EUR\/aut\u00f3\/\u00e9jszaka.<\/p>\n","protected":false},"excerpt":{"rendered":"<p>Sz\u00e1llod\u00e1nk parkol\u00e1si d\u00edjas \u00f6vezetben tal\u00e1lhat\u00f3. Az utc\u00e1n t\u00f6rt\u00e9n\u0151 parkol\u00e1s az aktu\u00e1lis \u00f6nkorm\u00e1nyzati d\u00edjszab\u00e1ssal vehet\u0151 ig\u00e9nybe. Vend\u00e9geink sz\u00e1m\u00e1ra korl\u00e1tozott sz\u00e1m\u00fa z\u00e1rt parkol\u00e1si lehet\u0151s\u00e9get k\u00edn\u00e1lunk udvarunkon. Amennyiben aut\u00f3val \u00e9rkezik \u00e9s szeretne be\u00e1llni udvarunkra, k\u00e9rj\u00fck jelezze m\u00e1r foglal\u00e1skor! Parkol\u00f3nk nem \u0151rz\u00f6tt, de kamer\u00e1val megfigyelt! A parkol\u00e1s d\u00edja 16 EUR\/aut\u00f3\/\u00e9jszaka.<\/p>\n","protected":false},"author":4,"featured_media":0,"parent":185,"menu_order":9,"comment_status":"closed","ping_status":"closed","template":"","meta":{"footnotes":""},"class_list":["post-194","page","type-page","status-publish","hentry"],"yoast_head":"<!-- This site is optimized with the Yoast SEO plugin v26.9 - https:\/\/yoast.com\/product\/yoast-seo-wordpress\/ -->\n<title>Parkol\u00e1s - Hotel Charles<\/title>\n<meta name=\"robots\" content=\"index, follow, max-snippet:-1, max-image-preview:large, max-video-preview:-1\" \/>\n<link rel=\"canonical\" href=\"https:\/\/www.charleshotel.hu\/hu\/szolgaltatasaink\/parkolas\/\" \/>\n<meta property=\"og:locale\" content=\"hu_HU\" \/>\n<meta property=\"og:type\" content=\"article\" \/>\n<meta property=\"og:title\" content=\"Parkol\u00e1s - Hotel Charles\" \/>\n<meta property=\"og:description\" content=\"Sz\u00e1llod\u00e1nk parkol\u00e1si d\u00edjas \u00f6vezetben tal\u00e1lhat\u00f3. Az utc\u00e1n t\u00f6rt\u00e9n\u0151 parkol\u00e1s az aktu\u00e1lis \u00f6nkorm\u00e1nyzati d\u00edjszab\u00e1ssal vehet\u0151 ig\u00e9nybe. Vend\u00e9geink sz\u00e1m\u00e1ra korl\u00e1tozott sz\u00e1m\u00fa z\u00e1rt parkol\u00e1si lehet\u0151s\u00e9get k\u00edn\u00e1lunk udvarunkon. Amennyiben aut\u00f3val \u00e9rkezik \u00e9s szeretne be\u00e1llni udvarunkra, k\u00e9rj\u00fck jelezze m\u00e1r foglal\u00e1skor! Parkol\u00f3nk nem \u0151rz\u00f6tt, de kamer\u00e1val megfigyelt! A parkol\u00e1s d\u00edja 16 EUR\/aut\u00f3\/\u00e9jszaka.\" \/>\n<meta property=\"og:url\" content=\"https:\/\/www.charleshotel.hu\/hu\/szolgaltatasaink\/parkolas\/\" \/>\n<meta property=\"og:site_name\" content=\"Hotel Charles\" \/>\n<meta property=\"article:modified_time\" content=\"2024-03-18T13:58:58+00:00\" \/>\n<meta name=\"twitter:card\" content=\"summary_large_image\" \/>\n<meta name=\"twitter:label1\" content=\"Becs\u00fclt olvas\u00e1si id\u0151\" \/>\n\t<meta name=\"twitter:data1\" content=\"1 perc\" \/>\n<script type=\"application\/ld+json\" class=\"yoast-schema-graph\">{\"@context\":\"https:\/\/schema.org\",\"@graph\":[{\"@type\":\"WebPage\",\"@id\":\"https:\/\/www.charleshotel.hu\/hu\/szolgaltatasaink\/parkolas\/\",\"url\":\"https:\/\/www.charleshotel.hu\/hu\/szolgaltatasaink\/parkolas\/\",\"name\":\"Parkol\u00e1s - Hotel Charles\",\"isPartOf\":{\"@id\":\"https:\/\/www.charleshotel.hu\/hu\/#website\"},\"datePublished\":\"2020-01-27T10:34:26+00:00\",\"dateModified\":\"2024-03-18T13:58:58+00:00\",\"breadcrumb\":{\"@id\":\"https:\/\/www.charleshotel.hu\/hu\/szolgaltatasaink\/parkolas\/#breadcrumb\"},\"inLanguage\":\"hu\",\"potentialAction\":[{\"@type\":\"ReadAction\",\"target\":[\"https:\/\/www.charleshotel.hu\/hu\/szolgaltatasaink\/parkolas\/\"]}]},{\"@type\":\"BreadcrumbList\",\"@id\":\"https:\/\/www.charleshotel.hu\/hu\/szolgaltatasaink\/parkolas\/#breadcrumb\",\"itemListElement\":[{\"@type\":\"ListItem\",\"position\":1,\"name\":\"Home\",\"item\":\"https:\/\/www.charleshotel.hu\/hu\/\"},{\"@type\":\"ListItem\",\"position\":2,\"name\":\"SZOLG\u00c1LTAT\u00c1SAINK\",\"item\":\"https:\/\/www.charleshotel.hu\/hu\/szolgaltatasaink\/\"},{\"@type\":\"ListItem\",\"position\":3,\"name\":\"Parkol\u00e1s\"}]},{\"@type\":\"WebSite\",\"@id\":\"https:\/\/www.charleshotel.hu\/hu\/#website\",\"url\":\"https:\/\/www.charleshotel.hu\/hu\/\",\"name\":\"Hotel Charles\",\"description\":\"Just another ms.decms.eu site\",\"potentialAction\":[{\"@type\":\"SearchAction\",\"target\":{\"@type\":\"EntryPoint\",\"urlTemplate\":\"https:\/\/www.charleshotel.hu\/hu\/?s={search_term_string}\"},\"query-input\":{\"@type\":\"PropertyValueSpecification\",\"valueRequired\":true,\"valueName\":\"search_term_string\"}}],\"inLanguage\":\"hu\"}]}<\/script>\n<!-- \/ Yoast SEO plugin. -->","yoast_head_json":{"title":"Parkol\u00e1s - Hotel Charles","robots":{"index":"index","follow":"follow","max-snippet":"max-snippet:-1","max-image-preview":"max-image-preview:large","max-video-preview":"max-video-preview:-1"},"canonical":"https:\/\/www.charleshotel.hu\/hu\/szolgaltatasaink\/parkolas\/","og_locale":"hu_HU","og_type":"article","og_title":"Parkol\u00e1s - Hotel Charles","og_description":"Sz\u00e1llod\u00e1nk parkol\u00e1si d\u00edjas \u00f6vezetben tal\u00e1lhat\u00f3. Az utc\u00e1n t\u00f6rt\u00e9n\u0151 parkol\u00e1s az aktu\u00e1lis \u00f6nkorm\u00e1nyzati d\u00edjszab\u00e1ssal vehet\u0151 ig\u00e9nybe. Vend\u00e9geink sz\u00e1m\u00e1ra korl\u00e1tozott sz\u00e1m\u00fa z\u00e1rt parkol\u00e1si lehet\u0151s\u00e9get k\u00edn\u00e1lunk udvarunkon. Amennyiben aut\u00f3val \u00e9rkezik \u00e9s szeretne be\u00e1llni udvarunkra, k\u00e9rj\u00fck jelezze m\u00e1r foglal\u00e1skor! Parkol\u00f3nk nem \u0151rz\u00f6tt, de kamer\u00e1val megfigyelt! A parkol\u00e1s d\u00edja 16 EUR\/aut\u00f3\/\u00e9jszaka.","og_url":"https:\/\/www.charleshotel.hu\/hu\/szolgaltatasaink\/parkolas\/","og_site_name":"Hotel Charles","article_modified_time":"2024-03-18T13:58:58+00:00","twitter_card":"summary_large_image","twitter_misc":{"Becs\u00fclt olvas\u00e1si id\u0151":"1 perc"},"schema":{"@context":"https:\/\/schema.org","@graph":[{"@type":"WebPage","@id":"https:\/\/www.charleshotel.hu\/hu\/szolgaltatasaink\/parkolas\/","url":"https:\/\/www.charleshotel.hu\/hu\/szolgaltatasaink\/parkolas\/","name":"Parkol\u00e1s - Hotel Charles","isPartOf":{"@id":"https:\/\/www.charleshotel.hu\/hu\/#website"},"datePublished":"2020-01-27T10:34:26+00:00","dateModified":"2024-03-18T13:58:58+00:00","breadcrumb":{"@id":"https:\/\/www.charleshotel.hu\/hu\/szolgaltatasaink\/parkolas\/#breadcrumb"},"inLanguage":"hu","potentialAction":[{"@type":"ReadAction","target":["https:\/\/www.charleshotel.hu\/hu\/szolgaltatasaink\/parkolas\/"]}]},{"@type":"BreadcrumbList","@id":"https:\/\/www.charleshotel.hu\/hu\/szolgaltatasaink\/parkolas\/#breadcrumb","itemListElement":[{"@type":"ListItem","position":1,"name":"Home","item":"https:\/\/www.charleshotel.hu\/hu\/"},{"@type":"ListItem","position":2,"name":"SZOLG\u00c1LTAT\u00c1SAINK","item":"https:\/\/www.charleshotel.hu\/hu\/szolgaltatasaink\/"},{"@type":"ListItem","position":3,"name":"Parkol\u00e1s"}]},{"@type":"WebSite","@id":"https:\/\/www.charleshotel.hu\/hu\/#website","url":"https:\/\/www.charleshotel.hu\/hu\/","name":"Hotel Charles","description":"Just another ms.decms.eu site","potentialAction":[{"@type":"SearchAction","target":{"@type":"EntryPoint","urlTemplate":"https:\/\/www.charleshotel.hu\/hu\/?s={search_term_string}"},"query-input":{"@type":"PropertyValueSpecification","valueRequired":true,"valueName":"search_term_string"}}],"inLanguage":"hu"}]}},"acf":[],"_links":{"self":[{"href":"https:\/\/www.charleshotel.hu\/hu\/wp-json\/wp\/v2\/pages\/194","targetHints":{"allow":["GET"]}}],"collection":[{"href":"https:\/\/www.charleshotel.hu\/hu\/wp-json\/wp\/v2\/pages"}],"about":[{"href":"https:\/\/www.charleshotel.hu\/hu\/wp-json\/wp\/v2\/types\/page"}],"author":[{"embeddable":true,"href":"https:\/\/www.charleshotel.hu\/hu\/wp-json\/wp\/v2\/users\/4"}],"replies":[{"embeddable":true,"href":"https:\/\/www.charleshotel.hu\/hu\/wp-json\/wp\/v2\/comments?post=194"}],"version-history":[{"count":0,"href":"https:\/\/www.charleshotel.hu\/hu\/wp-json\/wp\/v2\/pages\/194\/revisions"}],"up":[{"embeddable":true,"href":"https:\/\/www.charleshotel.hu\/hu\/wp-json\/wp\/v2\/pages\/185"}],"wp:attachment":[{"href":"https:\/\/www.charleshotel.hu\/hu\/wp-json\/wp\/v2\/media?parent=194"}],"curies":[{"name":"wp","href":"https:\/\/api.w.org\/{rel}","templated":true}]}}