{"id":193,"date":"2020-01-27T10:32:56","date_gmt":"2020-01-27T10:32:56","guid":{"rendered":"http:\/\/hotel-charles.ms.decms.eu\/?page_id=193"},"modified":"2022-05-12T09:38:25","modified_gmt":"2022-05-12T09:38:25","slug":"hosszutavu-szobaberles","status":"publish","type":"page","link":"https:\/\/www.charleshotel.hu\/hu\/szolgaltatasaink\/hosszutavu-szobaberles\/","title":{"rendered":"Hossz\u00fat\u00e1v\u00fa szobab\u00e9rl\u00e9s (alb\u00e9rlet)"},"content":{"rendered":"<p>Szob\u00e1ink nagyok, \u00e9s azok mindegyike konyhasarokkal\/konyh\u00e1val van felszerelve, \u00edgy alkalmasak huzamosabb tart\u00f3zkod\u00e1sra.<br \/>\nMost lehet\u0151s\u00e9ge van havi szint\u0171, kedvezm\u00e9nyes b\u00e9rletre ak\u00e1r a szob\u00e1hoz tartoz\u00f3 szolg\u00e1ltat\u00e1sok megv\u00e1laszt\u00e1s\u00e1val is (pl. takar\u00edt\u00e1s, \u00e1gynem\u0171\/t\u00f6r\u00f6lk\u00f6z\u0151csere, parkol\u00e1s, stb.).<br \/>\nK\u00fcl\u00f6nb\u00f6z\u0151 szobat\u00edpusainkat a <a href=\"https:\/\/www.charleshotel.hu\/hu\/kep-galeria\/\">Gal\u00e9ria<\/a>\/Szob\u00e1k men\u00fcpont alatt tal\u00e1lja. A kurzor k\u00e9pre t\u00f6rt\u00e9n\u0151 mozgat\u00e1s\u00e1val megjelenik a k\u00e9phez tartoz\u00f3 szobat\u00edpus.<br \/>\nAz \u00e9p\u00fclet legfels\u0151 szintj\u00e9n mos\u00e1si\/sz\u00e1r\u00edt\u00e1si lehet\u0151s\u00e9g is van!<\/p>\n<p>Hossz\u00fa t\u00e1v\u00fa b\u00e9rl\u00e9s kiz\u00e1r\u00f3lag egyedi szerz\u0151d\u00e9sk\u00f6t\u00e9ssel int\u00e9zhet\u0151 az al\u00e1bbi sz\u00e1mon t\u00f6rt\u00e9n\u0151 jelentkez\u00e9st k\u00f6vet\u0151en!<\/p>\n<p>Tov\u00e1bbi inform\u00e1ci\u00f3\u00e9rt, az al\u00e1bbi telefonsz\u00e1mon tud \u00e9rdekl\u0151dni:<br \/>\n+36-30-3313233<\/p>\n","protected":false},"excerpt":{"rendered":"<p>Szob\u00e1ink nagyok, \u00e9s azok mindegyike konyhasarokkal\/konyh\u00e1val van felszerelve, \u00edgy alkalmasak huzamosabb tart\u00f3zkod\u00e1sra. Most lehet\u0151s\u00e9ge van havi szint\u0171, kedvezm\u00e9nyes b\u00e9rletre ak\u00e1r a szob\u00e1hoz tartoz\u00f3 szolg\u00e1ltat\u00e1sok megv\u00e1laszt\u00e1s\u00e1val is (pl. takar\u00edt\u00e1s, \u00e1gynem\u0171\/t\u00f6r\u00f6lk\u00f6z\u0151csere, parkol\u00e1s, stb.). K\u00fcl\u00f6nb\u00f6z\u0151 szobat\u00edpusainkat a Gal\u00e9ria\/Szob\u00e1k men\u00fcpont alatt tal\u00e1lja. A kurzor k\u00e9pre t\u00f6rt\u00e9n\u0151 mozgat\u00e1s\u00e1val megjelenik a k\u00e9phez tartoz\u00f3 szobat\u00edpus. Az \u00e9p\u00fclet legfels\u0151 szintj\u00e9n mos\u00e1si\/sz\u00e1r\u00edt\u00e1si lehet\u0151s\u00e9g is [&hellip;]<\/p>\n","protected":false},"author":4,"featured_media":0,"parent":185,"menu_order":8,"comment_status":"closed","ping_status":"closed","template":"","meta":{"footnotes":""},"class_list":["post-193","page","type-page","status-publish","hentry"],"yoast_head":"<!-- This site is optimized with the Yoast SEO plugin v26.9 - https:\/\/yoast.com\/product\/yoast-seo-wordpress\/ -->\n<title>Hossz\u00fat\u00e1v\u00fa szobab\u00e9rl\u00e9s (alb\u00e9rlet) - Hotel Charles<\/title>\n<meta name=\"robots\" content=\"index, follow, max-snippet:-1, max-image-preview:large, max-video-preview:-1\" \/>\n<link rel=\"canonical\" href=\"https:\/\/www.charleshotel.hu\/hu\/szolgaltatasaink\/hosszutavu-szobaberles\/\" \/>\n<meta property=\"og:locale\" content=\"hu_HU\" \/>\n<meta property=\"og:type\" content=\"article\" \/>\n<meta property=\"og:title\" content=\"Hossz\u00fat\u00e1v\u00fa szobab\u00e9rl\u00e9s (alb\u00e9rlet) - Hotel Charles\" \/>\n<meta property=\"og:description\" content=\"Szob\u00e1ink nagyok, \u00e9s azok mindegyike konyhasarokkal\/konyh\u00e1val van felszerelve, \u00edgy alkalmasak huzamosabb tart\u00f3zkod\u00e1sra. Most lehet\u0151s\u00e9ge van havi szint\u0171, kedvezm\u00e9nyes b\u00e9rletre ak\u00e1r a szob\u00e1hoz tartoz\u00f3 szolg\u00e1ltat\u00e1sok megv\u00e1laszt\u00e1s\u00e1val is (pl. takar\u00edt\u00e1s, \u00e1gynem\u0171\/t\u00f6r\u00f6lk\u00f6z\u0151csere, parkol\u00e1s, stb.). K\u00fcl\u00f6nb\u00f6z\u0151 szobat\u00edpusainkat a Gal\u00e9ria\/Szob\u00e1k men\u00fcpont alatt tal\u00e1lja. A kurzor k\u00e9pre t\u00f6rt\u00e9n\u0151 mozgat\u00e1s\u00e1val megjelenik a k\u00e9phez tartoz\u00f3 szobat\u00edpus. Az \u00e9p\u00fclet legfels\u0151 szintj\u00e9n mos\u00e1si\/sz\u00e1r\u00edt\u00e1si lehet\u0151s\u00e9g is [&hellip;]\" \/>\n<meta property=\"og:url\" content=\"https:\/\/www.charleshotel.hu\/hu\/szolgaltatasaink\/hosszutavu-szobaberles\/\" \/>\n<meta property=\"og:site_name\" content=\"Hotel Charles\" \/>\n<meta property=\"article:modified_time\" content=\"2022-05-12T09:38:25+00:00\" \/>\n<meta name=\"twitter:card\" content=\"summary_large_image\" \/>\n<meta name=\"twitter:label1\" content=\"Becs\u00fclt olvas\u00e1si id\u0151\" \/>\n\t<meta name=\"twitter:data1\" content=\"1 perc\" \/>\n<script type=\"application\/ld+json\" class=\"yoast-schema-graph\">{\"@context\":\"https:\/\/schema.org\",\"@graph\":[{\"@type\":\"WebPage\",\"@id\":\"https:\/\/www.charleshotel.hu\/hu\/szolgaltatasaink\/hosszutavu-szobaberles\/\",\"url\":\"https:\/\/www.charleshotel.hu\/hu\/szolgaltatasaink\/hosszutavu-szobaberles\/\",\"name\":\"Hossz\u00fat\u00e1v\u00fa szobab\u00e9rl\u00e9s (alb\u00e9rlet) - Hotel Charles\",\"isPartOf\":{\"@id\":\"https:\/\/www.charleshotel.hu\/hu\/#website\"},\"datePublished\":\"2020-01-27T10:32:56+00:00\",\"dateModified\":\"2022-05-12T09:38:25+00:00\",\"breadcrumb\":{\"@id\":\"https:\/\/www.charleshotel.hu\/hu\/szolgaltatasaink\/hosszutavu-szobaberles\/#breadcrumb\"},\"inLanguage\":\"hu\",\"potentialAction\":[{\"@type\":\"ReadAction\",\"target\":[\"https:\/\/www.charleshotel.hu\/hu\/szolgaltatasaink\/hosszutavu-szobaberles\/\"]}]},{\"@type\":\"BreadcrumbList\",\"@id\":\"https:\/\/www.charleshotel.hu\/hu\/szolgaltatasaink\/hosszutavu-szobaberles\/#breadcrumb\",\"itemListElement\":[{\"@type\":\"ListItem\",\"position\":1,\"name\":\"Home\",\"item\":\"https:\/\/www.charleshotel.hu\/hu\/\"},{\"@type\":\"ListItem\",\"position\":2,\"name\":\"SZOLG\u00c1LTAT\u00c1SAINK\",\"item\":\"https:\/\/www.charleshotel.hu\/hu\/szolgaltatasaink\/\"},{\"@type\":\"ListItem\",\"position\":3,\"name\":\"Hossz\u00fat\u00e1v\u00fa szobab\u00e9rl\u00e9s (alb\u00e9rlet)\"}]},{\"@type\":\"WebSite\",\"@id\":\"https:\/\/www.charleshotel.hu\/hu\/#website\",\"url\":\"https:\/\/www.charleshotel.hu\/hu\/\",\"name\":\"Hotel Charles\",\"description\":\"Just another ms.decms.eu site\",\"potentialAction\":[{\"@type\":\"SearchAction\",\"target\":{\"@type\":\"EntryPoint\",\"urlTemplate\":\"https:\/\/www.charleshotel.hu\/hu\/?s={search_term_string}\"},\"query-input\":{\"@type\":\"PropertyValueSpecification\",\"valueRequired\":true,\"valueName\":\"search_term_string\"}}],\"inLanguage\":\"hu\"}]}<\/script>\n<!-- \/ Yoast SEO plugin. -->","yoast_head_json":{"title":"Hossz\u00fat\u00e1v\u00fa szobab\u00e9rl\u00e9s (alb\u00e9rlet) - Hotel Charles","robots":{"index":"index","follow":"follow","max-snippet":"max-snippet:-1","max-image-preview":"max-image-preview:large","max-video-preview":"max-video-preview:-1"},"canonical":"https:\/\/www.charleshotel.hu\/hu\/szolgaltatasaink\/hosszutavu-szobaberles\/","og_locale":"hu_HU","og_type":"article","og_title":"Hossz\u00fat\u00e1v\u00fa szobab\u00e9rl\u00e9s (alb\u00e9rlet) - Hotel Charles","og_description":"Szob\u00e1ink nagyok, \u00e9s azok mindegyike konyhasarokkal\/konyh\u00e1val van felszerelve, \u00edgy alkalmasak huzamosabb tart\u00f3zkod\u00e1sra. Most lehet\u0151s\u00e9ge van havi szint\u0171, kedvezm\u00e9nyes b\u00e9rletre ak\u00e1r a szob\u00e1hoz tartoz\u00f3 szolg\u00e1ltat\u00e1sok megv\u00e1laszt\u00e1s\u00e1val is (pl. takar\u00edt\u00e1s, \u00e1gynem\u0171\/t\u00f6r\u00f6lk\u00f6z\u0151csere, parkol\u00e1s, stb.). K\u00fcl\u00f6nb\u00f6z\u0151 szobat\u00edpusainkat a Gal\u00e9ria\/Szob\u00e1k men\u00fcpont alatt tal\u00e1lja. A kurzor k\u00e9pre t\u00f6rt\u00e9n\u0151 mozgat\u00e1s\u00e1val megjelenik a k\u00e9phez tartoz\u00f3 szobat\u00edpus. Az \u00e9p\u00fclet legfels\u0151 szintj\u00e9n mos\u00e1si\/sz\u00e1r\u00edt\u00e1si lehet\u0151s\u00e9g is [&hellip;]","og_url":"https:\/\/www.charleshotel.hu\/hu\/szolgaltatasaink\/hosszutavu-szobaberles\/","og_site_name":"Hotel Charles","article_modified_time":"2022-05-12T09:38:25+00:00","twitter_card":"summary_large_image","twitter_misc":{"Becs\u00fclt olvas\u00e1si id\u0151":"1 perc"},"schema":{"@context":"https:\/\/schema.org","@graph":[{"@type":"WebPage","@id":"https:\/\/www.charleshotel.hu\/hu\/szolgaltatasaink\/hosszutavu-szobaberles\/","url":"https:\/\/www.charleshotel.hu\/hu\/szolgaltatasaink\/hosszutavu-szobaberles\/","name":"Hossz\u00fat\u00e1v\u00fa szobab\u00e9rl\u00e9s (alb\u00e9rlet) - Hotel Charles","isPartOf":{"@id":"https:\/\/www.charleshotel.hu\/hu\/#website"},"datePublished":"2020-01-27T10:32:56+00:00","dateModified":"2022-05-12T09:38:25+00:00","breadcrumb":{"@id":"https:\/\/www.charleshotel.hu\/hu\/szolgaltatasaink\/hosszutavu-szobaberles\/#breadcrumb"},"inLanguage":"hu","potentialAction":[{"@type":"ReadAction","target":["https:\/\/www.charleshotel.hu\/hu\/szolgaltatasaink\/hosszutavu-szobaberles\/"]}]},{"@type":"BreadcrumbList","@id":"https:\/\/www.charleshotel.hu\/hu\/szolgaltatasaink\/hosszutavu-szobaberles\/#breadcrumb","itemListElement":[{"@type":"ListItem","position":1,"name":"Home","item":"https:\/\/www.charleshotel.hu\/hu\/"},{"@type":"ListItem","position":2,"name":"SZOLG\u00c1LTAT\u00c1SAINK","item":"https:\/\/www.charleshotel.hu\/hu\/szolgaltatasaink\/"},{"@type":"ListItem","position":3,"name":"Hossz\u00fat\u00e1v\u00fa szobab\u00e9rl\u00e9s (alb\u00e9rlet)"}]},{"@type":"WebSite","@id":"https:\/\/www.charleshotel.hu\/hu\/#website","url":"https:\/\/www.charleshotel.hu\/hu\/","name":"Hotel Charles","description":"Just another ms.decms.eu site","potentialAction":[{"@type":"SearchAction","target":{"@type":"EntryPoint","urlTemplate":"https:\/\/www.charleshotel.hu\/hu\/?s={search_term_string}"},"query-input":{"@type":"PropertyValueSpecification","valueRequired":true,"valueName":"search_term_string"}}],"inLanguage":"hu"}]}},"acf":[],"_links":{"self":[{"href":"https:\/\/www.charleshotel.hu\/hu\/wp-json\/wp\/v2\/pages\/193","targetHints":{"allow":["GET"]}}],"collection":[{"href":"https:\/\/www.charleshotel.hu\/hu\/wp-json\/wp\/v2\/pages"}],"about":[{"href":"https:\/\/www.charleshotel.hu\/hu\/wp-json\/wp\/v2\/types\/page"}],"author":[{"embeddable":true,"href":"https:\/\/www.charleshotel.hu\/hu\/wp-json\/wp\/v2\/users\/4"}],"replies":[{"embeddable":true,"href":"https:\/\/www.charleshotel.hu\/hu\/wp-json\/wp\/v2\/comments?post=193"}],"version-history":[{"count":0,"href":"https:\/\/www.charleshotel.hu\/hu\/wp-json\/wp\/v2\/pages\/193\/revisions"}],"up":[{"embeddable":true,"href":"https:\/\/www.charleshotel.hu\/hu\/wp-json\/wp\/v2\/pages\/185"}],"wp:attachment":[{"href":"https:\/\/www.charleshotel.hu\/hu\/wp-json\/wp\/v2\/media?parent=193"}],"curies":[{"name":"wp","href":"https:\/\/api.w.org\/{rel}","templated":true}]}}