{"id":192,"date":"2020-01-27T10:25:04","date_gmt":"2020-01-27T10:25:04","guid":{"rendered":"http:\/\/hotel-charles.ms.decms.eu\/?page_id=192"},"modified":"2020-07-13T07:25:17","modified_gmt":"2020-07-13T07:25:17","slug":"visszajovunk","status":"publish","type":"page","link":"https:\/\/www.charleshotel.hu\/hu\/szolgaltatasaink\/visszajovunk\/","title":{"rendered":"\u00c1llatbar\u00e1t"},"content":{"rendered":"<p>\u00c1llatbar\u00e1t sz\u00e1llodak\u00e9nt \u00f6r\u00f6mmel l\u00e1tjuk kedvenceit is, 13-15 Euro \/ \u00e1llat fel\u00e1r ellen\u00e9ben, att\u00f3l f\u00fcgg\u0151en, hogy mely csatorn\u00e1n kereszt\u00fcl foglalta sz\u00e1ll\u00e1s\u00e1t.<\/p>\n<p>N\u00e9h\u00e1ny alapvet\u0151 szab\u00e1ly elfogad\u00e1s\u00e1ra k\u00e9rj\u00fck kis\u00e1llattal \u00e9rkez\u0151 vend\u00e9geinket, hogy a sz\u00e1lloda t\u00f6bbi vend\u00e9g\u00e9nek nyugalm\u00e1t is biztos\u00edthassuk.<\/p>\n<p>Legfontosabb, hogy szob\u00e1nk\u00e9nt legfeljebb k\u00e9t \u00e1llat sz\u00e1ll\u00e1solhat\u00f3 el, de az \u00f6sszes szab\u00e1ly megtal\u00e1lhat\u00f3 a sz\u00e1lloda <strong>Szab\u00e1lyzat\u00e1ban<\/strong>, \u00edgy itt a honlapon is.<\/p>\n","protected":false},"excerpt":{"rendered":"<p>\u00c1llatbar\u00e1t sz\u00e1llodak\u00e9nt \u00f6r\u00f6mmel l\u00e1tjuk kedvenceit is, 13-15 Euro \/ \u00e1llat fel\u00e1r ellen\u00e9ben, att\u00f3l f\u00fcgg\u0151en, hogy mely csatorn\u00e1n kereszt\u00fcl foglalta sz\u00e1ll\u00e1s\u00e1t. N\u00e9h\u00e1ny alapvet\u0151 szab\u00e1ly elfogad\u00e1s\u00e1ra k\u00e9rj\u00fck kis\u00e1llattal \u00e9rkez\u0151 vend\u00e9geinket, hogy a sz\u00e1lloda t\u00f6bbi vend\u00e9g\u00e9nek nyugalm\u00e1t is biztos\u00edthassuk. Legfontosabb, hogy szob\u00e1nk\u00e9nt legfeljebb k\u00e9t \u00e1llat sz\u00e1ll\u00e1solhat\u00f3 el, de az \u00f6sszes szab\u00e1ly megtal\u00e1lhat\u00f3 a sz\u00e1lloda Szab\u00e1lyzat\u00e1ban, \u00edgy itt a [&hellip;]<\/p>\n","protected":false},"author":4,"featured_media":0,"parent":185,"menu_order":7,"comment_status":"closed","ping_status":"closed","template":"","meta":{"footnotes":""},"class_list":["post-192","page","type-page","status-publish","hentry"],"yoast_head":"<!-- This site is optimized with the Yoast SEO plugin v26.9 - https:\/\/yoast.com\/product\/yoast-seo-wordpress\/ -->\n<title>\u00c1llatbar\u00e1t - Hotel Charles<\/title>\n<meta name=\"robots\" content=\"index, follow, max-snippet:-1, max-image-preview:large, max-video-preview:-1\" \/>\n<link rel=\"canonical\" href=\"https:\/\/www.charleshotel.hu\/hu\/szolgaltatasaink\/visszajovunk\/\" \/>\n<meta property=\"og:locale\" content=\"hu_HU\" \/>\n<meta property=\"og:type\" content=\"article\" \/>\n<meta property=\"og:title\" content=\"\u00c1llatbar\u00e1t - Hotel Charles\" \/>\n<meta property=\"og:description\" content=\"\u00c1llatbar\u00e1t sz\u00e1llodak\u00e9nt \u00f6r\u00f6mmel l\u00e1tjuk kedvenceit is, 13-15 Euro \/ \u00e1llat fel\u00e1r ellen\u00e9ben, att\u00f3l f\u00fcgg\u0151en, hogy mely csatorn\u00e1n kereszt\u00fcl foglalta sz\u00e1ll\u00e1s\u00e1t. N\u00e9h\u00e1ny alapvet\u0151 szab\u00e1ly elfogad\u00e1s\u00e1ra k\u00e9rj\u00fck kis\u00e1llattal \u00e9rkez\u0151 vend\u00e9geinket, hogy a sz\u00e1lloda t\u00f6bbi vend\u00e9g\u00e9nek nyugalm\u00e1t is biztos\u00edthassuk. Legfontosabb, hogy szob\u00e1nk\u00e9nt legfeljebb k\u00e9t \u00e1llat sz\u00e1ll\u00e1solhat\u00f3 el, de az \u00f6sszes szab\u00e1ly megtal\u00e1lhat\u00f3 a sz\u00e1lloda Szab\u00e1lyzat\u00e1ban, \u00edgy itt a [&hellip;]\" \/>\n<meta property=\"og:url\" content=\"https:\/\/www.charleshotel.hu\/hu\/szolgaltatasaink\/visszajovunk\/\" \/>\n<meta property=\"og:site_name\" content=\"Hotel Charles\" \/>\n<meta property=\"article:modified_time\" content=\"2020-07-13T07:25:17+00:00\" \/>\n<meta name=\"twitter:card\" content=\"summary_large_image\" \/>\n<script type=\"application\/ld+json\" class=\"yoast-schema-graph\">{\"@context\":\"https:\/\/schema.org\",\"@graph\":[{\"@type\":\"WebPage\",\"@id\":\"https:\/\/www.charleshotel.hu\/hu\/szolgaltatasaink\/visszajovunk\/\",\"url\":\"https:\/\/www.charleshotel.hu\/hu\/szolgaltatasaink\/visszajovunk\/\",\"name\":\"\u00c1llatbar\u00e1t - Hotel Charles\",\"isPartOf\":{\"@id\":\"https:\/\/www.charleshotel.hu\/hu\/#website\"},\"datePublished\":\"2020-01-27T10:25:04+00:00\",\"dateModified\":\"2020-07-13T07:25:17+00:00\",\"breadcrumb\":{\"@id\":\"https:\/\/www.charleshotel.hu\/hu\/szolgaltatasaink\/visszajovunk\/#breadcrumb\"},\"inLanguage\":\"hu\",\"potentialAction\":[{\"@type\":\"ReadAction\",\"target\":[\"https:\/\/www.charleshotel.hu\/hu\/szolgaltatasaink\/visszajovunk\/\"]}]},{\"@type\":\"BreadcrumbList\",\"@id\":\"https:\/\/www.charleshotel.hu\/hu\/szolgaltatasaink\/visszajovunk\/#breadcrumb\",\"itemListElement\":[{\"@type\":\"ListItem\",\"position\":1,\"name\":\"Home\",\"item\":\"https:\/\/www.charleshotel.hu\/hu\/\"},{\"@type\":\"ListItem\",\"position\":2,\"name\":\"SZOLG\u00c1LTAT\u00c1SAINK\",\"item\":\"https:\/\/www.charleshotel.hu\/hu\/szolgaltatasaink\/\"},{\"@type\":\"ListItem\",\"position\":3,\"name\":\"\u00c1llatbar\u00e1t\"}]},{\"@type\":\"WebSite\",\"@id\":\"https:\/\/www.charleshotel.hu\/hu\/#website\",\"url\":\"https:\/\/www.charleshotel.hu\/hu\/\",\"name\":\"Hotel Charles\",\"description\":\"Just another ms.decms.eu site\",\"potentialAction\":[{\"@type\":\"SearchAction\",\"target\":{\"@type\":\"EntryPoint\",\"urlTemplate\":\"https:\/\/www.charleshotel.hu\/hu\/?s={search_term_string}\"},\"query-input\":{\"@type\":\"PropertyValueSpecification\",\"valueRequired\":true,\"valueName\":\"search_term_string\"}}],\"inLanguage\":\"hu\"}]}<\/script>\n<!-- \/ Yoast SEO plugin. -->","yoast_head_json":{"title":"\u00c1llatbar\u00e1t - Hotel Charles","robots":{"index":"index","follow":"follow","max-snippet":"max-snippet:-1","max-image-preview":"max-image-preview:large","max-video-preview":"max-video-preview:-1"},"canonical":"https:\/\/www.charleshotel.hu\/hu\/szolgaltatasaink\/visszajovunk\/","og_locale":"hu_HU","og_type":"article","og_title":"\u00c1llatbar\u00e1t - Hotel Charles","og_description":"\u00c1llatbar\u00e1t sz\u00e1llodak\u00e9nt \u00f6r\u00f6mmel l\u00e1tjuk kedvenceit is, 13-15 Euro \/ \u00e1llat fel\u00e1r ellen\u00e9ben, att\u00f3l f\u00fcgg\u0151en, hogy mely csatorn\u00e1n kereszt\u00fcl foglalta sz\u00e1ll\u00e1s\u00e1t. N\u00e9h\u00e1ny alapvet\u0151 szab\u00e1ly elfogad\u00e1s\u00e1ra k\u00e9rj\u00fck kis\u00e1llattal \u00e9rkez\u0151 vend\u00e9geinket, hogy a sz\u00e1lloda t\u00f6bbi vend\u00e9g\u00e9nek nyugalm\u00e1t is biztos\u00edthassuk. Legfontosabb, hogy szob\u00e1nk\u00e9nt legfeljebb k\u00e9t \u00e1llat sz\u00e1ll\u00e1solhat\u00f3 el, de az \u00f6sszes szab\u00e1ly megtal\u00e1lhat\u00f3 a sz\u00e1lloda Szab\u00e1lyzat\u00e1ban, \u00edgy itt a [&hellip;]","og_url":"https:\/\/www.charleshotel.hu\/hu\/szolgaltatasaink\/visszajovunk\/","og_site_name":"Hotel Charles","article_modified_time":"2020-07-13T07:25:17+00:00","twitter_card":"summary_large_image","schema":{"@context":"https:\/\/schema.org","@graph":[{"@type":"WebPage","@id":"https:\/\/www.charleshotel.hu\/hu\/szolgaltatasaink\/visszajovunk\/","url":"https:\/\/www.charleshotel.hu\/hu\/szolgaltatasaink\/visszajovunk\/","name":"\u00c1llatbar\u00e1t - Hotel Charles","isPartOf":{"@id":"https:\/\/www.charleshotel.hu\/hu\/#website"},"datePublished":"2020-01-27T10:25:04+00:00","dateModified":"2020-07-13T07:25:17+00:00","breadcrumb":{"@id":"https:\/\/www.charleshotel.hu\/hu\/szolgaltatasaink\/visszajovunk\/#breadcrumb"},"inLanguage":"hu","potentialAction":[{"@type":"ReadAction","target":["https:\/\/www.charleshotel.hu\/hu\/szolgaltatasaink\/visszajovunk\/"]}]},{"@type":"BreadcrumbList","@id":"https:\/\/www.charleshotel.hu\/hu\/szolgaltatasaink\/visszajovunk\/#breadcrumb","itemListElement":[{"@type":"ListItem","position":1,"name":"Home","item":"https:\/\/www.charleshotel.hu\/hu\/"},{"@type":"ListItem","position":2,"name":"SZOLG\u00c1LTAT\u00c1SAINK","item":"https:\/\/www.charleshotel.hu\/hu\/szolgaltatasaink\/"},{"@type":"ListItem","position":3,"name":"\u00c1llatbar\u00e1t"}]},{"@type":"WebSite","@id":"https:\/\/www.charleshotel.hu\/hu\/#website","url":"https:\/\/www.charleshotel.hu\/hu\/","name":"Hotel Charles","description":"Just another ms.decms.eu site","potentialAction":[{"@type":"SearchAction","target":{"@type":"EntryPoint","urlTemplate":"https:\/\/www.charleshotel.hu\/hu\/?s={search_term_string}"},"query-input":{"@type":"PropertyValueSpecification","valueRequired":true,"valueName":"search_term_string"}}],"inLanguage":"hu"}]}},"acf":[],"_links":{"self":[{"href":"https:\/\/www.charleshotel.hu\/hu\/wp-json\/wp\/v2\/pages\/192","targetHints":{"allow":["GET"]}}],"collection":[{"href":"https:\/\/www.charleshotel.hu\/hu\/wp-json\/wp\/v2\/pages"}],"about":[{"href":"https:\/\/www.charleshotel.hu\/hu\/wp-json\/wp\/v2\/types\/page"}],"author":[{"embeddable":true,"href":"https:\/\/www.charleshotel.hu\/hu\/wp-json\/wp\/v2\/users\/4"}],"replies":[{"embeddable":true,"href":"https:\/\/www.charleshotel.hu\/hu\/wp-json\/wp\/v2\/comments?post=192"}],"version-history":[{"count":0,"href":"https:\/\/www.charleshotel.hu\/hu\/wp-json\/wp\/v2\/pages\/192\/revisions"}],"up":[{"embeddable":true,"href":"https:\/\/www.charleshotel.hu\/hu\/wp-json\/wp\/v2\/pages\/185"}],"wp:attachment":[{"href":"https:\/\/www.charleshotel.hu\/hu\/wp-json\/wp\/v2\/media?parent=192"}],"curies":[{"name":"wp","href":"https:\/\/api.w.org\/{rel}","templated":true}]}}