{"id":191,"date":"2020-01-27T10:18:22","date_gmt":"2020-01-27T10:18:22","guid":{"rendered":"http:\/\/hotel-charles.ms.decms.eu\/?page_id=191"},"modified":"2020-03-04T13:47:32","modified_gmt":"2020-03-04T13:47:32","slug":"privat-kirandulasok","status":"publish","type":"page","link":"https:\/\/www.charleshotel.hu\/hu\/szolgaltatasaink\/privat-kirandulasok\/","title":{"rendered":"Egy\u00e9ni Programok"},"content":{"rendered":"<p>Sz\u00e1llod\u00e1nk programlehet\u0151s\u00e9gek sz\u00e9les t\u00e1rh\u00e1z\u00e1t k\u00edn\u00e1lja vend\u00e9geink sz\u00e1m\u00e1ra, a f\u00e9l napos kiruccan\u00e1sokt\u00f3l az eg\u00e9sz napos kalandokig, Budapesten, \u00e9s vid\u00e9ken egyar\u00e1nt. Buszos \u00e9s haj\u00f3s programokr\u00f3l is sz\u00e1llod\u00e1nk recepci\u00f3j\u00e1n kaphat felvil\u00e1gos\u00edt\u00e1st.<\/p>\n","protected":false},"excerpt":{"rendered":"<p>Sz\u00e1llod\u00e1nk programlehet\u0151s\u00e9gek sz\u00e9les t\u00e1rh\u00e1z\u00e1t k\u00edn\u00e1lja vend\u00e9geink sz\u00e1m\u00e1ra, a f\u00e9l napos kiruccan\u00e1sokt\u00f3l az eg\u00e9sz napos kalandokig, Budapesten, \u00e9s vid\u00e9ken egyar\u00e1nt. Buszos \u00e9s haj\u00f3s programokr\u00f3l is sz\u00e1llod\u00e1nk recepci\u00f3j\u00e1n kaphat felvil\u00e1gos\u00edt\u00e1st.<\/p>\n","protected":false},"author":4,"featured_media":0,"parent":185,"menu_order":6,"comment_status":"closed","ping_status":"closed","template":"","meta":{"footnotes":""},"class_list":["post-191","page","type-page","status-publish","hentry"],"yoast_head":"<!-- This site is optimized with the Yoast SEO plugin v26.9 - https:\/\/yoast.com\/product\/yoast-seo-wordpress\/ -->\n<title>Egy\u00e9ni Programok - Hotel Charles<\/title>\n<meta name=\"robots\" content=\"index, follow, max-snippet:-1, max-image-preview:large, max-video-preview:-1\" \/>\n<link rel=\"canonical\" href=\"https:\/\/www.charleshotel.hu\/hu\/szolgaltatasaink\/privat-kirandulasok\/\" \/>\n<meta property=\"og:locale\" content=\"hu_HU\" \/>\n<meta property=\"og:type\" content=\"article\" \/>\n<meta property=\"og:title\" content=\"Egy\u00e9ni Programok - Hotel Charles\" \/>\n<meta property=\"og:description\" content=\"Sz\u00e1llod\u00e1nk programlehet\u0151s\u00e9gek sz\u00e9les t\u00e1rh\u00e1z\u00e1t k\u00edn\u00e1lja vend\u00e9geink sz\u00e1m\u00e1ra, a f\u00e9l napos kiruccan\u00e1sokt\u00f3l az eg\u00e9sz napos kalandokig, Budapesten, \u00e9s vid\u00e9ken egyar\u00e1nt. Buszos \u00e9s haj\u00f3s programokr\u00f3l is sz\u00e1llod\u00e1nk recepci\u00f3j\u00e1n kaphat felvil\u00e1gos\u00edt\u00e1st.\" \/>\n<meta property=\"og:url\" content=\"https:\/\/www.charleshotel.hu\/hu\/szolgaltatasaink\/privat-kirandulasok\/\" \/>\n<meta property=\"og:site_name\" content=\"Hotel Charles\" \/>\n<meta property=\"article:modified_time\" content=\"2020-03-04T13:47:32+00:00\" \/>\n<meta name=\"twitter:card\" content=\"summary_large_image\" \/>\n<script type=\"application\/ld+json\" class=\"yoast-schema-graph\">{\"@context\":\"https:\/\/schema.org\",\"@graph\":[{\"@type\":\"WebPage\",\"@id\":\"https:\/\/www.charleshotel.hu\/hu\/szolgaltatasaink\/privat-kirandulasok\/\",\"url\":\"https:\/\/www.charleshotel.hu\/hu\/szolgaltatasaink\/privat-kirandulasok\/\",\"name\":\"Egy\u00e9ni Programok - Hotel Charles\",\"isPartOf\":{\"@id\":\"https:\/\/www.charleshotel.hu\/hu\/#website\"},\"datePublished\":\"2020-01-27T10:18:22+00:00\",\"dateModified\":\"2020-03-04T13:47:32+00:00\",\"breadcrumb\":{\"@id\":\"https:\/\/www.charleshotel.hu\/hu\/szolgaltatasaink\/privat-kirandulasok\/#breadcrumb\"},\"inLanguage\":\"hu\",\"potentialAction\":[{\"@type\":\"ReadAction\",\"target\":[\"https:\/\/www.charleshotel.hu\/hu\/szolgaltatasaink\/privat-kirandulasok\/\"]}]},{\"@type\":\"BreadcrumbList\",\"@id\":\"https:\/\/www.charleshotel.hu\/hu\/szolgaltatasaink\/privat-kirandulasok\/#breadcrumb\",\"itemListElement\":[{\"@type\":\"ListItem\",\"position\":1,\"name\":\"Home\",\"item\":\"https:\/\/www.charleshotel.hu\/hu\/\"},{\"@type\":\"ListItem\",\"position\":2,\"name\":\"SZOLG\u00c1LTAT\u00c1SAINK\",\"item\":\"https:\/\/www.charleshotel.hu\/hu\/szolgaltatasaink\/\"},{\"@type\":\"ListItem\",\"position\":3,\"name\":\"Egy\u00e9ni Programok\"}]},{\"@type\":\"WebSite\",\"@id\":\"https:\/\/www.charleshotel.hu\/hu\/#website\",\"url\":\"https:\/\/www.charleshotel.hu\/hu\/\",\"name\":\"Hotel Charles\",\"description\":\"Just another ms.decms.eu site\",\"potentialAction\":[{\"@type\":\"SearchAction\",\"target\":{\"@type\":\"EntryPoint\",\"urlTemplate\":\"https:\/\/www.charleshotel.hu\/hu\/?s={search_term_string}\"},\"query-input\":{\"@type\":\"PropertyValueSpecification\",\"valueRequired\":true,\"valueName\":\"search_term_string\"}}],\"inLanguage\":\"hu\"}]}<\/script>\n<!-- \/ Yoast SEO plugin. -->","yoast_head_json":{"title":"Egy\u00e9ni Programok - Hotel Charles","robots":{"index":"index","follow":"follow","max-snippet":"max-snippet:-1","max-image-preview":"max-image-preview:large","max-video-preview":"max-video-preview:-1"},"canonical":"https:\/\/www.charleshotel.hu\/hu\/szolgaltatasaink\/privat-kirandulasok\/","og_locale":"hu_HU","og_type":"article","og_title":"Egy\u00e9ni Programok - Hotel Charles","og_description":"Sz\u00e1llod\u00e1nk programlehet\u0151s\u00e9gek sz\u00e9les t\u00e1rh\u00e1z\u00e1t k\u00edn\u00e1lja vend\u00e9geink sz\u00e1m\u00e1ra, a f\u00e9l napos kiruccan\u00e1sokt\u00f3l az eg\u00e9sz napos kalandokig, Budapesten, \u00e9s vid\u00e9ken egyar\u00e1nt. Buszos \u00e9s haj\u00f3s programokr\u00f3l is sz\u00e1llod\u00e1nk recepci\u00f3j\u00e1n kaphat felvil\u00e1gos\u00edt\u00e1st.","og_url":"https:\/\/www.charleshotel.hu\/hu\/szolgaltatasaink\/privat-kirandulasok\/","og_site_name":"Hotel Charles","article_modified_time":"2020-03-04T13:47:32+00:00","twitter_card":"summary_large_image","schema":{"@context":"https:\/\/schema.org","@graph":[{"@type":"WebPage","@id":"https:\/\/www.charleshotel.hu\/hu\/szolgaltatasaink\/privat-kirandulasok\/","url":"https:\/\/www.charleshotel.hu\/hu\/szolgaltatasaink\/privat-kirandulasok\/","name":"Egy\u00e9ni Programok - Hotel Charles","isPartOf":{"@id":"https:\/\/www.charleshotel.hu\/hu\/#website"},"datePublished":"2020-01-27T10:18:22+00:00","dateModified":"2020-03-04T13:47:32+00:00","breadcrumb":{"@id":"https:\/\/www.charleshotel.hu\/hu\/szolgaltatasaink\/privat-kirandulasok\/#breadcrumb"},"inLanguage":"hu","potentialAction":[{"@type":"ReadAction","target":["https:\/\/www.charleshotel.hu\/hu\/szolgaltatasaink\/privat-kirandulasok\/"]}]},{"@type":"BreadcrumbList","@id":"https:\/\/www.charleshotel.hu\/hu\/szolgaltatasaink\/privat-kirandulasok\/#breadcrumb","itemListElement":[{"@type":"ListItem","position":1,"name":"Home","item":"https:\/\/www.charleshotel.hu\/hu\/"},{"@type":"ListItem","position":2,"name":"SZOLG\u00c1LTAT\u00c1SAINK","item":"https:\/\/www.charleshotel.hu\/hu\/szolgaltatasaink\/"},{"@type":"ListItem","position":3,"name":"Egy\u00e9ni Programok"}]},{"@type":"WebSite","@id":"https:\/\/www.charleshotel.hu\/hu\/#website","url":"https:\/\/www.charleshotel.hu\/hu\/","name":"Hotel Charles","description":"Just another ms.decms.eu site","potentialAction":[{"@type":"SearchAction","target":{"@type":"EntryPoint","urlTemplate":"https:\/\/www.charleshotel.hu\/hu\/?s={search_term_string}"},"query-input":{"@type":"PropertyValueSpecification","valueRequired":true,"valueName":"search_term_string"}}],"inLanguage":"hu"}]}},"acf":[],"_links":{"self":[{"href":"https:\/\/www.charleshotel.hu\/hu\/wp-json\/wp\/v2\/pages\/191","targetHints":{"allow":["GET"]}}],"collection":[{"href":"https:\/\/www.charleshotel.hu\/hu\/wp-json\/wp\/v2\/pages"}],"about":[{"href":"https:\/\/www.charleshotel.hu\/hu\/wp-json\/wp\/v2\/types\/page"}],"author":[{"embeddable":true,"href":"https:\/\/www.charleshotel.hu\/hu\/wp-json\/wp\/v2\/users\/4"}],"replies":[{"embeddable":true,"href":"https:\/\/www.charleshotel.hu\/hu\/wp-json\/wp\/v2\/comments?post=191"}],"version-history":[{"count":0,"href":"https:\/\/www.charleshotel.hu\/hu\/wp-json\/wp\/v2\/pages\/191\/revisions"}],"up":[{"embeddable":true,"href":"https:\/\/www.charleshotel.hu\/hu\/wp-json\/wp\/v2\/pages\/185"}],"wp:attachment":[{"href":"https:\/\/www.charleshotel.hu\/hu\/wp-json\/wp\/v2\/media?parent=191"}],"curies":[{"name":"wp","href":"https:\/\/api.w.org\/{rel}","templated":true}]}}