{"id":190,"date":"2020-01-27T10:15:12","date_gmt":"2020-01-27T10:15:12","guid":{"rendered":"http:\/\/hotel-charles.ms.decms.eu\/?page_id=190"},"modified":"2020-03-04T14:02:19","modified_gmt":"2020-03-04T14:02:19","slug":"transfer-szolgaltatas","status":"publish","type":"page","link":"https:\/\/www.charleshotel.hu\/hu\/szolgaltatasaink\/transfer-szolgaltatas\/","title":{"rendered":"Transzfer Szolg\u00e1ltat\u00e1s"},"content":{"rendered":"<p>Ha \u00fatja a rept\u00e9rr\u0151l a sz\u00e1llod\u00e1ba, vagy sz\u00e1llod\u00e1nkb\u00f3l egy m\u00e1sik helysz\u00ednre m\u00e9g nem megoldott, k\u00e9rj\u00fck forduljon bizalommal koll\u00e9g\u00e1inkhoz.<\/p>\n<p>Recepci\u00f3nk k\u00e9szen \u00e1ll, hogy megszervezze \u00fatj\u00e1t, megb\u00edzhat\u00f3 partner t\u00e1rsas\u00e1gaink valamelyik\u00e9vel. Ak\u00e1r egyed\u00fcl utazik, ak\u00e1r egy csoport tagjak\u00e9nt, biztosan versenyk\u00e9pes aj\u00e1nlattal szolg\u00e1lhatunk majd.<\/p>\n<p>Tov\u00e1bbi inform\u00e1ci\u00f3\u00e9rt k\u00e9rj\u00fck \u00edrjon a <a href=\"mailto:reservation@charleshotel.hu\">reservation@charleshotel.hu<\/a> c\u00edmre, h\u00edvja a <a href=\"tel:003612129169\">+36 1 212 9169<\/a> telefonsz\u00e1mot, vagy \u00fczenjen nek\u00fcnk honlapunk <strong>MyConcierge<\/strong> fel\u00fclet\u00e9n kereszt\u00fcl.<\/p>\n","protected":false},"excerpt":{"rendered":"<p>Ha \u00fatja a rept\u00e9rr\u0151l a sz\u00e1llod\u00e1ba, vagy sz\u00e1llod\u00e1nkb\u00f3l egy m\u00e1sik helysz\u00ednre m\u00e9g nem megoldott, k\u00e9rj\u00fck forduljon bizalommal koll\u00e9g\u00e1inkhoz. Recepci\u00f3nk k\u00e9szen \u00e1ll, hogy megszervezze \u00fatj\u00e1t, megb\u00edzhat\u00f3 partner t\u00e1rsas\u00e1gaink valamelyik\u00e9vel. Ak\u00e1r egyed\u00fcl utazik, ak\u00e1r egy csoport tagjak\u00e9nt, biztosan versenyk\u00e9pes aj\u00e1nlattal szolg\u00e1lhatunk majd. Tov\u00e1bbi inform\u00e1ci\u00f3\u00e9rt k\u00e9rj\u00fck \u00edrjon a reservation@charleshotel.hu c\u00edmre, h\u00edvja a +36 1 212 9169 telefonsz\u00e1mot, vagy [&hellip;]<\/p>\n","protected":false},"author":4,"featured_media":0,"parent":185,"menu_order":5,"comment_status":"closed","ping_status":"closed","template":"","meta":{"footnotes":""},"class_list":["post-190","page","type-page","status-publish","hentry"],"yoast_head":"<!-- This site is optimized with the Yoast SEO plugin v26.9 - https:\/\/yoast.com\/product\/yoast-seo-wordpress\/ -->\n<title>Transzfer Szolg\u00e1ltat\u00e1s - Hotel Charles<\/title>\n<meta name=\"robots\" content=\"index, follow, max-snippet:-1, max-image-preview:large, max-video-preview:-1\" \/>\n<link rel=\"canonical\" href=\"https:\/\/www.charleshotel.hu\/hu\/szolgaltatasaink\/transfer-szolgaltatas\/\" \/>\n<meta property=\"og:locale\" content=\"hu_HU\" \/>\n<meta property=\"og:type\" content=\"article\" \/>\n<meta property=\"og:title\" content=\"Transzfer Szolg\u00e1ltat\u00e1s - Hotel Charles\" \/>\n<meta property=\"og:description\" content=\"Ha \u00fatja a rept\u00e9rr\u0151l a sz\u00e1llod\u00e1ba, vagy sz\u00e1llod\u00e1nkb\u00f3l egy m\u00e1sik helysz\u00ednre m\u00e9g nem megoldott, k\u00e9rj\u00fck forduljon bizalommal koll\u00e9g\u00e1inkhoz. Recepci\u00f3nk k\u00e9szen \u00e1ll, hogy megszervezze \u00fatj\u00e1t, megb\u00edzhat\u00f3 partner t\u00e1rsas\u00e1gaink valamelyik\u00e9vel. Ak\u00e1r egyed\u00fcl utazik, ak\u00e1r egy csoport tagjak\u00e9nt, biztosan versenyk\u00e9pes aj\u00e1nlattal szolg\u00e1lhatunk majd. Tov\u00e1bbi inform\u00e1ci\u00f3\u00e9rt k\u00e9rj\u00fck \u00edrjon a reservation@charleshotel.hu c\u00edmre, h\u00edvja a +36 1 212 9169 telefonsz\u00e1mot, vagy [&hellip;]\" \/>\n<meta property=\"og:url\" content=\"https:\/\/www.charleshotel.hu\/hu\/szolgaltatasaink\/transfer-szolgaltatas\/\" \/>\n<meta property=\"og:site_name\" content=\"Hotel Charles\" \/>\n<meta property=\"article:modified_time\" content=\"2020-03-04T14:02:19+00:00\" \/>\n<meta name=\"twitter:card\" content=\"summary_large_image\" \/>\n<script type=\"application\/ld+json\" class=\"yoast-schema-graph\">{\"@context\":\"https:\/\/schema.org\",\"@graph\":[{\"@type\":\"WebPage\",\"@id\":\"https:\/\/www.charleshotel.hu\/hu\/szolgaltatasaink\/transfer-szolgaltatas\/\",\"url\":\"https:\/\/www.charleshotel.hu\/hu\/szolgaltatasaink\/transfer-szolgaltatas\/\",\"name\":\"Transzfer Szolg\u00e1ltat\u00e1s - Hotel Charles\",\"isPartOf\":{\"@id\":\"https:\/\/www.charleshotel.hu\/hu\/#website\"},\"datePublished\":\"2020-01-27T10:15:12+00:00\",\"dateModified\":\"2020-03-04T14:02:19+00:00\",\"breadcrumb\":{\"@id\":\"https:\/\/www.charleshotel.hu\/hu\/szolgaltatasaink\/transfer-szolgaltatas\/#breadcrumb\"},\"inLanguage\":\"hu\",\"potentialAction\":[{\"@type\":\"ReadAction\",\"target\":[\"https:\/\/www.charleshotel.hu\/hu\/szolgaltatasaink\/transfer-szolgaltatas\/\"]}]},{\"@type\":\"BreadcrumbList\",\"@id\":\"https:\/\/www.charleshotel.hu\/hu\/szolgaltatasaink\/transfer-szolgaltatas\/#breadcrumb\",\"itemListElement\":[{\"@type\":\"ListItem\",\"position\":1,\"name\":\"Home\",\"item\":\"https:\/\/www.charleshotel.hu\/hu\/\"},{\"@type\":\"ListItem\",\"position\":2,\"name\":\"SZOLG\u00c1LTAT\u00c1SAINK\",\"item\":\"https:\/\/www.charleshotel.hu\/hu\/szolgaltatasaink\/\"},{\"@type\":\"ListItem\",\"position\":3,\"name\":\"Transzfer Szolg\u00e1ltat\u00e1s\"}]},{\"@type\":\"WebSite\",\"@id\":\"https:\/\/www.charleshotel.hu\/hu\/#website\",\"url\":\"https:\/\/www.charleshotel.hu\/hu\/\",\"name\":\"Hotel Charles\",\"description\":\"Just another ms.decms.eu site\",\"potentialAction\":[{\"@type\":\"SearchAction\",\"target\":{\"@type\":\"EntryPoint\",\"urlTemplate\":\"https:\/\/www.charleshotel.hu\/hu\/?s={search_term_string}\"},\"query-input\":{\"@type\":\"PropertyValueSpecification\",\"valueRequired\":true,\"valueName\":\"search_term_string\"}}],\"inLanguage\":\"hu\"}]}<\/script>\n<!-- \/ Yoast SEO plugin. -->","yoast_head_json":{"title":"Transzfer Szolg\u00e1ltat\u00e1s - Hotel Charles","robots":{"index":"index","follow":"follow","max-snippet":"max-snippet:-1","max-image-preview":"max-image-preview:large","max-video-preview":"max-video-preview:-1"},"canonical":"https:\/\/www.charleshotel.hu\/hu\/szolgaltatasaink\/transfer-szolgaltatas\/","og_locale":"hu_HU","og_type":"article","og_title":"Transzfer Szolg\u00e1ltat\u00e1s - Hotel Charles","og_description":"Ha \u00fatja a rept\u00e9rr\u0151l a sz\u00e1llod\u00e1ba, vagy sz\u00e1llod\u00e1nkb\u00f3l egy m\u00e1sik helysz\u00ednre m\u00e9g nem megoldott, k\u00e9rj\u00fck forduljon bizalommal koll\u00e9g\u00e1inkhoz. Recepci\u00f3nk k\u00e9szen \u00e1ll, hogy megszervezze \u00fatj\u00e1t, megb\u00edzhat\u00f3 partner t\u00e1rsas\u00e1gaink valamelyik\u00e9vel. Ak\u00e1r egyed\u00fcl utazik, ak\u00e1r egy csoport tagjak\u00e9nt, biztosan versenyk\u00e9pes aj\u00e1nlattal szolg\u00e1lhatunk majd. Tov\u00e1bbi inform\u00e1ci\u00f3\u00e9rt k\u00e9rj\u00fck \u00edrjon a reservation@charleshotel.hu c\u00edmre, h\u00edvja a +36 1 212 9169 telefonsz\u00e1mot, vagy [&hellip;]","og_url":"https:\/\/www.charleshotel.hu\/hu\/szolgaltatasaink\/transfer-szolgaltatas\/","og_site_name":"Hotel Charles","article_modified_time":"2020-03-04T14:02:19+00:00","twitter_card":"summary_large_image","schema":{"@context":"https:\/\/schema.org","@graph":[{"@type":"WebPage","@id":"https:\/\/www.charleshotel.hu\/hu\/szolgaltatasaink\/transfer-szolgaltatas\/","url":"https:\/\/www.charleshotel.hu\/hu\/szolgaltatasaink\/transfer-szolgaltatas\/","name":"Transzfer Szolg\u00e1ltat\u00e1s - Hotel Charles","isPartOf":{"@id":"https:\/\/www.charleshotel.hu\/hu\/#website"},"datePublished":"2020-01-27T10:15:12+00:00","dateModified":"2020-03-04T14:02:19+00:00","breadcrumb":{"@id":"https:\/\/www.charleshotel.hu\/hu\/szolgaltatasaink\/transfer-szolgaltatas\/#breadcrumb"},"inLanguage":"hu","potentialAction":[{"@type":"ReadAction","target":["https:\/\/www.charleshotel.hu\/hu\/szolgaltatasaink\/transfer-szolgaltatas\/"]}]},{"@type":"BreadcrumbList","@id":"https:\/\/www.charleshotel.hu\/hu\/szolgaltatasaink\/transfer-szolgaltatas\/#breadcrumb","itemListElement":[{"@type":"ListItem","position":1,"name":"Home","item":"https:\/\/www.charleshotel.hu\/hu\/"},{"@type":"ListItem","position":2,"name":"SZOLG\u00c1LTAT\u00c1SAINK","item":"https:\/\/www.charleshotel.hu\/hu\/szolgaltatasaink\/"},{"@type":"ListItem","position":3,"name":"Transzfer Szolg\u00e1ltat\u00e1s"}]},{"@type":"WebSite","@id":"https:\/\/www.charleshotel.hu\/hu\/#website","url":"https:\/\/www.charleshotel.hu\/hu\/","name":"Hotel Charles","description":"Just another ms.decms.eu site","potentialAction":[{"@type":"SearchAction","target":{"@type":"EntryPoint","urlTemplate":"https:\/\/www.charleshotel.hu\/hu\/?s={search_term_string}"},"query-input":{"@type":"PropertyValueSpecification","valueRequired":true,"valueName":"search_term_string"}}],"inLanguage":"hu"}]}},"acf":[],"_links":{"self":[{"href":"https:\/\/www.charleshotel.hu\/hu\/wp-json\/wp\/v2\/pages\/190","targetHints":{"allow":["GET"]}}],"collection":[{"href":"https:\/\/www.charleshotel.hu\/hu\/wp-json\/wp\/v2\/pages"}],"about":[{"href":"https:\/\/www.charleshotel.hu\/hu\/wp-json\/wp\/v2\/types\/page"}],"author":[{"embeddable":true,"href":"https:\/\/www.charleshotel.hu\/hu\/wp-json\/wp\/v2\/users\/4"}],"replies":[{"embeddable":true,"href":"https:\/\/www.charleshotel.hu\/hu\/wp-json\/wp\/v2\/comments?post=190"}],"version-history":[{"count":0,"href":"https:\/\/www.charleshotel.hu\/hu\/wp-json\/wp\/v2\/pages\/190\/revisions"}],"up":[{"embeddable":true,"href":"https:\/\/www.charleshotel.hu\/hu\/wp-json\/wp\/v2\/pages\/185"}],"wp:attachment":[{"href":"https:\/\/www.charleshotel.hu\/hu\/wp-json\/wp\/v2\/media?parent=190"}],"curies":[{"name":"wp","href":"https:\/\/api.w.org\/{rel}","templated":true}]}}