{"id":189,"date":"2020-01-27T10:12:14","date_gmt":"2020-01-27T10:12:14","guid":{"rendered":"http:\/\/hotel-charles.ms.decms.eu\/?page_id=189"},"modified":"2020-03-04T13:58:57","modified_gmt":"2020-03-04T13:58:57","slug":"ingyenes-internet-hozzaferes","status":"publish","type":"page","link":"https:\/\/www.charleshotel.hu\/hu\/szolgaltatasaink\/ingyenes-internet-hozzaferes\/","title":{"rendered":"Ingyenes Internet Hozz\u00e1f\u00e9r\u00e9s"},"content":{"rendered":"<p>Vezet\u00e9k n\u00e9lk\u00fcli internet hozz\u00e1f\u00e9r\u00e9st biztos\u00edtunk kedves vend\u00e9geink sz\u00e1m\u00e1ra a sz\u00e1lloda eg\u00e9sz ter\u00fclet\u00e9n.<br \/>\nA Wifi jelsz\u00f3t k\u00e9rj\u00fck ig\u00e9nyelj\u00e9k a recepci\u00f3n, vagy tekints\u00e9k meg a szob\u00e1kban elhelyezett t\u00e1j\u00e9koztat\u00f3kon.<\/p>\n","protected":false},"excerpt":{"rendered":"<p>Vezet\u00e9k n\u00e9lk\u00fcli internet hozz\u00e1f\u00e9r\u00e9st biztos\u00edtunk kedves vend\u00e9geink sz\u00e1m\u00e1ra a sz\u00e1lloda eg\u00e9sz ter\u00fclet\u00e9n. A Wifi jelsz\u00f3t k\u00e9rj\u00fck ig\u00e9nyelj\u00e9k a recepci\u00f3n, vagy tekints\u00e9k meg a szob\u00e1kban elhelyezett t\u00e1j\u00e9koztat\u00f3kon.<\/p>\n","protected":false},"author":4,"featured_media":0,"parent":185,"menu_order":4,"comment_status":"closed","ping_status":"closed","template":"","meta":{"footnotes":""},"class_list":["post-189","page","type-page","status-publish","hentry"],"yoast_head":"<!-- This site is optimized with the Yoast SEO plugin v26.9 - https:\/\/yoast.com\/product\/yoast-seo-wordpress\/ -->\n<title>Ingyenes Internet Hozz\u00e1f\u00e9r\u00e9s - Hotel Charles<\/title>\n<meta name=\"robots\" content=\"index, follow, max-snippet:-1, max-image-preview:large, max-video-preview:-1\" \/>\n<link rel=\"canonical\" href=\"https:\/\/www.charleshotel.hu\/hu\/szolgaltatasaink\/ingyenes-internet-hozzaferes\/\" \/>\n<meta property=\"og:locale\" content=\"hu_HU\" \/>\n<meta property=\"og:type\" content=\"article\" \/>\n<meta property=\"og:title\" content=\"Ingyenes Internet Hozz\u00e1f\u00e9r\u00e9s - Hotel Charles\" \/>\n<meta property=\"og:description\" content=\"Vezet\u00e9k n\u00e9lk\u00fcli internet hozz\u00e1f\u00e9r\u00e9st biztos\u00edtunk kedves vend\u00e9geink sz\u00e1m\u00e1ra a sz\u00e1lloda eg\u00e9sz ter\u00fclet\u00e9n. A Wifi jelsz\u00f3t k\u00e9rj\u00fck ig\u00e9nyelj\u00e9k a recepci\u00f3n, vagy tekints\u00e9k meg a szob\u00e1kban elhelyezett t\u00e1j\u00e9koztat\u00f3kon.\" \/>\n<meta property=\"og:url\" content=\"https:\/\/www.charleshotel.hu\/hu\/szolgaltatasaink\/ingyenes-internet-hozzaferes\/\" \/>\n<meta property=\"og:site_name\" content=\"Hotel Charles\" \/>\n<meta property=\"article:modified_time\" content=\"2020-03-04T13:58:57+00:00\" \/>\n<meta name=\"twitter:card\" content=\"summary_large_image\" \/>\n<script type=\"application\/ld+json\" class=\"yoast-schema-graph\">{\"@context\":\"https:\/\/schema.org\",\"@graph\":[{\"@type\":\"WebPage\",\"@id\":\"https:\/\/www.charleshotel.hu\/hu\/szolgaltatasaink\/ingyenes-internet-hozzaferes\/\",\"url\":\"https:\/\/www.charleshotel.hu\/hu\/szolgaltatasaink\/ingyenes-internet-hozzaferes\/\",\"name\":\"Ingyenes Internet Hozz\u00e1f\u00e9r\u00e9s - Hotel Charles\",\"isPartOf\":{\"@id\":\"https:\/\/www.charleshotel.hu\/hu\/#website\"},\"datePublished\":\"2020-01-27T10:12:14+00:00\",\"dateModified\":\"2020-03-04T13:58:57+00:00\",\"breadcrumb\":{\"@id\":\"https:\/\/www.charleshotel.hu\/hu\/szolgaltatasaink\/ingyenes-internet-hozzaferes\/#breadcrumb\"},\"inLanguage\":\"hu\",\"potentialAction\":[{\"@type\":\"ReadAction\",\"target\":[\"https:\/\/www.charleshotel.hu\/hu\/szolgaltatasaink\/ingyenes-internet-hozzaferes\/\"]}]},{\"@type\":\"BreadcrumbList\",\"@id\":\"https:\/\/www.charleshotel.hu\/hu\/szolgaltatasaink\/ingyenes-internet-hozzaferes\/#breadcrumb\",\"itemListElement\":[{\"@type\":\"ListItem\",\"position\":1,\"name\":\"Home\",\"item\":\"https:\/\/www.charleshotel.hu\/hu\/\"},{\"@type\":\"ListItem\",\"position\":2,\"name\":\"SZOLG\u00c1LTAT\u00c1SAINK\",\"item\":\"https:\/\/www.charleshotel.hu\/hu\/szolgaltatasaink\/\"},{\"@type\":\"ListItem\",\"position\":3,\"name\":\"Ingyenes Internet Hozz\u00e1f\u00e9r\u00e9s\"}]},{\"@type\":\"WebSite\",\"@id\":\"https:\/\/www.charleshotel.hu\/hu\/#website\",\"url\":\"https:\/\/www.charleshotel.hu\/hu\/\",\"name\":\"Hotel Charles\",\"description\":\"Just another ms.decms.eu site\",\"potentialAction\":[{\"@type\":\"SearchAction\",\"target\":{\"@type\":\"EntryPoint\",\"urlTemplate\":\"https:\/\/www.charleshotel.hu\/hu\/?s={search_term_string}\"},\"query-input\":{\"@type\":\"PropertyValueSpecification\",\"valueRequired\":true,\"valueName\":\"search_term_string\"}}],\"inLanguage\":\"hu\"}]}<\/script>\n<!-- \/ Yoast SEO plugin. -->","yoast_head_json":{"title":"Ingyenes Internet Hozz\u00e1f\u00e9r\u00e9s - Hotel Charles","robots":{"index":"index","follow":"follow","max-snippet":"max-snippet:-1","max-image-preview":"max-image-preview:large","max-video-preview":"max-video-preview:-1"},"canonical":"https:\/\/www.charleshotel.hu\/hu\/szolgaltatasaink\/ingyenes-internet-hozzaferes\/","og_locale":"hu_HU","og_type":"article","og_title":"Ingyenes Internet Hozz\u00e1f\u00e9r\u00e9s - Hotel Charles","og_description":"Vezet\u00e9k n\u00e9lk\u00fcli internet hozz\u00e1f\u00e9r\u00e9st biztos\u00edtunk kedves vend\u00e9geink sz\u00e1m\u00e1ra a sz\u00e1lloda eg\u00e9sz ter\u00fclet\u00e9n. A Wifi jelsz\u00f3t k\u00e9rj\u00fck ig\u00e9nyelj\u00e9k a recepci\u00f3n, vagy tekints\u00e9k meg a szob\u00e1kban elhelyezett t\u00e1j\u00e9koztat\u00f3kon.","og_url":"https:\/\/www.charleshotel.hu\/hu\/szolgaltatasaink\/ingyenes-internet-hozzaferes\/","og_site_name":"Hotel Charles","article_modified_time":"2020-03-04T13:58:57+00:00","twitter_card":"summary_large_image","schema":{"@context":"https:\/\/schema.org","@graph":[{"@type":"WebPage","@id":"https:\/\/www.charleshotel.hu\/hu\/szolgaltatasaink\/ingyenes-internet-hozzaferes\/","url":"https:\/\/www.charleshotel.hu\/hu\/szolgaltatasaink\/ingyenes-internet-hozzaferes\/","name":"Ingyenes Internet Hozz\u00e1f\u00e9r\u00e9s - Hotel Charles","isPartOf":{"@id":"https:\/\/www.charleshotel.hu\/hu\/#website"},"datePublished":"2020-01-27T10:12:14+00:00","dateModified":"2020-03-04T13:58:57+00:00","breadcrumb":{"@id":"https:\/\/www.charleshotel.hu\/hu\/szolgaltatasaink\/ingyenes-internet-hozzaferes\/#breadcrumb"},"inLanguage":"hu","potentialAction":[{"@type":"ReadAction","target":["https:\/\/www.charleshotel.hu\/hu\/szolgaltatasaink\/ingyenes-internet-hozzaferes\/"]}]},{"@type":"BreadcrumbList","@id":"https:\/\/www.charleshotel.hu\/hu\/szolgaltatasaink\/ingyenes-internet-hozzaferes\/#breadcrumb","itemListElement":[{"@type":"ListItem","position":1,"name":"Home","item":"https:\/\/www.charleshotel.hu\/hu\/"},{"@type":"ListItem","position":2,"name":"SZOLG\u00c1LTAT\u00c1SAINK","item":"https:\/\/www.charleshotel.hu\/hu\/szolgaltatasaink\/"},{"@type":"ListItem","position":3,"name":"Ingyenes Internet Hozz\u00e1f\u00e9r\u00e9s"}]},{"@type":"WebSite","@id":"https:\/\/www.charleshotel.hu\/hu\/#website","url":"https:\/\/www.charleshotel.hu\/hu\/","name":"Hotel Charles","description":"Just another ms.decms.eu site","potentialAction":[{"@type":"SearchAction","target":{"@type":"EntryPoint","urlTemplate":"https:\/\/www.charleshotel.hu\/hu\/?s={search_term_string}"},"query-input":{"@type":"PropertyValueSpecification","valueRequired":true,"valueName":"search_term_string"}}],"inLanguage":"hu"}]}},"acf":[],"_links":{"self":[{"href":"https:\/\/www.charleshotel.hu\/hu\/wp-json\/wp\/v2\/pages\/189","targetHints":{"allow":["GET"]}}],"collection":[{"href":"https:\/\/www.charleshotel.hu\/hu\/wp-json\/wp\/v2\/pages"}],"about":[{"href":"https:\/\/www.charleshotel.hu\/hu\/wp-json\/wp\/v2\/types\/page"}],"author":[{"embeddable":true,"href":"https:\/\/www.charleshotel.hu\/hu\/wp-json\/wp\/v2\/users\/4"}],"replies":[{"embeddable":true,"href":"https:\/\/www.charleshotel.hu\/hu\/wp-json\/wp\/v2\/comments?post=189"}],"version-history":[{"count":0,"href":"https:\/\/www.charleshotel.hu\/hu\/wp-json\/wp\/v2\/pages\/189\/revisions"}],"up":[{"embeddable":true,"href":"https:\/\/www.charleshotel.hu\/hu\/wp-json\/wp\/v2\/pages\/185"}],"wp:attachment":[{"href":"https:\/\/www.charleshotel.hu\/hu\/wp-json\/wp\/v2\/media?parent=189"}],"curies":[{"name":"wp","href":"https:\/\/api.w.org\/{rel}","templated":true}]}}