{"id":185,"date":"2020-01-27T09:54:49","date_gmt":"2020-01-27T09:54:49","guid":{"rendered":"http:\/\/hotel-charles.ms.decms.eu\/?page_id=185"},"modified":"2020-01-27T11:00:46","modified_gmt":"2020-01-27T11:00:46","slug":"szolgaltatasaink","status":"publish","type":"page","link":"https:\/\/www.charleshotel.hu\/hu\/szolgaltatasaink\/","title":{"rendered":"SZOLG\u00c1LTAT\u00c1SAINK"},"content":{"rendered":"<p>T\u00f6bb nyelven besz\u00e9l\u0151 munkat\u00e1rsaink &#8211; recepci\u00f3saink, \u00e9s londinereink &#8211; k\u00e9szen \u00e1llnak arra, hogy a nap b\u00e1rmely szak\u00e1ban seg\u00edts\u00e9get ny\u00fajtsanak: v\u00e1laszt adnak k\u00e9rd\u00e9seikre, \u00fatbaigaz\u00edt\u00e1st adnak, s\u0151t, ak\u00e1r sz\u00ednh\u00e1zjegyet is foglalnak k\u00e9r\u00e9s\u00fckre. Az al\u00e1bbiakban csak egy \u00edzel\u00edt\u0151t ny\u00fajtunk az \u00e1ltalunk k\u00edn\u00e1lt szolg\u00e1ltat\u00e1sokb\u00f3l, melyekkel vend\u00e9geink k\u00e9nyelm\u00e9t igyeksz\u00fcnk el\u0151seg\u00edteni.<\/p>\n<p>Tov\u00e1bbi inform\u00e1ci\u00f3\u00e9rt k\u00e9rj\u00fck forduljon koll\u00e9g\u00e1inkhoz, vagy haszn\u00e1lja a weboldal <strong>MyConcierge<\/strong> szolg\u00e1ltat\u00e1s\u00e1t.<\/p>\n","protected":false},"excerpt":{"rendered":"<p>T\u00f6bb nyelven besz\u00e9l\u0151 munkat\u00e1rsaink &#8211; recepci\u00f3saink, \u00e9s londinereink &#8211; k\u00e9szen \u00e1llnak arra, hogy a nap b\u00e1rmely szak\u00e1ban seg\u00edts\u00e9get ny\u00fajtsanak: v\u00e1laszt adnak k\u00e9rd\u00e9seikre, \u00fatbaigaz\u00edt\u00e1st adnak, s\u0151t, ak\u00e1r sz\u00ednh\u00e1zjegyet is foglalnak k\u00e9r\u00e9s\u00fckre. Az al\u00e1bbiakban csak egy \u00edzel\u00edt\u0151t ny\u00fajtunk az \u00e1ltalunk k\u00edn\u00e1lt szolg\u00e1ltat\u00e1sokb\u00f3l, melyekkel vend\u00e9geink k\u00e9nyelm\u00e9t igyeksz\u00fcnk el\u0151seg\u00edteni. Tov\u00e1bbi inform\u00e1ci\u00f3\u00e9rt k\u00e9rj\u00fck forduljon koll\u00e9g\u00e1inkhoz, vagy haszn\u00e1lja a weboldal MyConcierge [&hellip;]<\/p>\n","protected":false},"author":4,"featured_media":0,"parent":0,"menu_order":7,"comment_status":"closed","ping_status":"closed","template":"","meta":{"footnotes":""},"class_list":["post-185","page","type-page","status-publish","hentry"],"yoast_head":"<!-- This site is optimized with the Yoast SEO plugin v26.9 - https:\/\/yoast.com\/product\/yoast-seo-wordpress\/ -->\n<title>SZOLG\u00c1LTAT\u00c1SAINK - Hotel Charles<\/title>\n<meta name=\"robots\" content=\"index, follow, max-snippet:-1, max-image-preview:large, max-video-preview:-1\" \/>\n<link rel=\"canonical\" href=\"https:\/\/www.charleshotel.hu\/hu\/szolgaltatasaink\/\" \/>\n<meta property=\"og:locale\" content=\"hu_HU\" \/>\n<meta property=\"og:type\" content=\"article\" \/>\n<meta property=\"og:title\" content=\"SZOLG\u00c1LTAT\u00c1SAINK - Hotel Charles\" \/>\n<meta property=\"og:description\" content=\"T\u00f6bb nyelven besz\u00e9l\u0151 munkat\u00e1rsaink &#8211; recepci\u00f3saink, \u00e9s londinereink &#8211; k\u00e9szen \u00e1llnak arra, hogy a nap b\u00e1rmely szak\u00e1ban seg\u00edts\u00e9get ny\u00fajtsanak: v\u00e1laszt adnak k\u00e9rd\u00e9seikre, \u00fatbaigaz\u00edt\u00e1st adnak, s\u0151t, ak\u00e1r sz\u00ednh\u00e1zjegyet is foglalnak k\u00e9r\u00e9s\u00fckre. Az al\u00e1bbiakban csak egy \u00edzel\u00edt\u0151t ny\u00fajtunk az \u00e1ltalunk k\u00edn\u00e1lt szolg\u00e1ltat\u00e1sokb\u00f3l, melyekkel vend\u00e9geink k\u00e9nyelm\u00e9t igyeksz\u00fcnk el\u0151seg\u00edteni. Tov\u00e1bbi inform\u00e1ci\u00f3\u00e9rt k\u00e9rj\u00fck forduljon koll\u00e9g\u00e1inkhoz, vagy haszn\u00e1lja a weboldal MyConcierge [&hellip;]\" \/>\n<meta property=\"og:url\" content=\"https:\/\/www.charleshotel.hu\/hu\/szolgaltatasaink\/\" \/>\n<meta property=\"og:site_name\" content=\"Hotel Charles\" \/>\n<meta property=\"article:modified_time\" content=\"2020-01-27T11:00:46+00:00\" \/>\n<meta name=\"twitter:card\" content=\"summary_large_image\" \/>\n<meta name=\"twitter:label1\" content=\"Becs\u00fclt olvas\u00e1si id\u0151\" \/>\n\t<meta name=\"twitter:data1\" content=\"1 perc\" \/>\n<script type=\"application\/ld+json\" class=\"yoast-schema-graph\">{\"@context\":\"https:\/\/schema.org\",\"@graph\":[{\"@type\":\"WebPage\",\"@id\":\"https:\/\/www.charleshotel.hu\/hu\/szolgaltatasaink\/\",\"url\":\"https:\/\/www.charleshotel.hu\/hu\/szolgaltatasaink\/\",\"name\":\"SZOLG\u00c1LTAT\u00c1SAINK - Hotel Charles\",\"isPartOf\":{\"@id\":\"https:\/\/www.charleshotel.hu\/hu\/#website\"},\"datePublished\":\"2020-01-27T09:54:49+00:00\",\"dateModified\":\"2020-01-27T11:00:46+00:00\",\"breadcrumb\":{\"@id\":\"https:\/\/www.charleshotel.hu\/hu\/szolgaltatasaink\/#breadcrumb\"},\"inLanguage\":\"hu\",\"potentialAction\":[{\"@type\":\"ReadAction\",\"target\":[\"https:\/\/www.charleshotel.hu\/hu\/szolgaltatasaink\/\"]}]},{\"@type\":\"BreadcrumbList\",\"@id\":\"https:\/\/www.charleshotel.hu\/hu\/szolgaltatasaink\/#breadcrumb\",\"itemListElement\":[{\"@type\":\"ListItem\",\"position\":1,\"name\":\"Home\",\"item\":\"https:\/\/www.charleshotel.hu\/hu\/\"},{\"@type\":\"ListItem\",\"position\":2,\"name\":\"SZOLG\u00c1LTAT\u00c1SAINK\"}]},{\"@type\":\"WebSite\",\"@id\":\"https:\/\/www.charleshotel.hu\/hu\/#website\",\"url\":\"https:\/\/www.charleshotel.hu\/hu\/\",\"name\":\"Hotel Charles\",\"description\":\"Just another ms.decms.eu site\",\"potentialAction\":[{\"@type\":\"SearchAction\",\"target\":{\"@type\":\"EntryPoint\",\"urlTemplate\":\"https:\/\/www.charleshotel.hu\/hu\/?s={search_term_string}\"},\"query-input\":{\"@type\":\"PropertyValueSpecification\",\"valueRequired\":true,\"valueName\":\"search_term_string\"}}],\"inLanguage\":\"hu\"}]}<\/script>\n<!-- \/ Yoast SEO plugin. -->","yoast_head_json":{"title":"SZOLG\u00c1LTAT\u00c1SAINK - Hotel Charles","robots":{"index":"index","follow":"follow","max-snippet":"max-snippet:-1","max-image-preview":"max-image-preview:large","max-video-preview":"max-video-preview:-1"},"canonical":"https:\/\/www.charleshotel.hu\/hu\/szolgaltatasaink\/","og_locale":"hu_HU","og_type":"article","og_title":"SZOLG\u00c1LTAT\u00c1SAINK - Hotel Charles","og_description":"T\u00f6bb nyelven besz\u00e9l\u0151 munkat\u00e1rsaink &#8211; recepci\u00f3saink, \u00e9s londinereink &#8211; k\u00e9szen \u00e1llnak arra, hogy a nap b\u00e1rmely szak\u00e1ban seg\u00edts\u00e9get ny\u00fajtsanak: v\u00e1laszt adnak k\u00e9rd\u00e9seikre, \u00fatbaigaz\u00edt\u00e1st adnak, s\u0151t, ak\u00e1r sz\u00ednh\u00e1zjegyet is foglalnak k\u00e9r\u00e9s\u00fckre. Az al\u00e1bbiakban csak egy \u00edzel\u00edt\u0151t ny\u00fajtunk az \u00e1ltalunk k\u00edn\u00e1lt szolg\u00e1ltat\u00e1sokb\u00f3l, melyekkel vend\u00e9geink k\u00e9nyelm\u00e9t igyeksz\u00fcnk el\u0151seg\u00edteni. Tov\u00e1bbi inform\u00e1ci\u00f3\u00e9rt k\u00e9rj\u00fck forduljon koll\u00e9g\u00e1inkhoz, vagy haszn\u00e1lja a weboldal MyConcierge [&hellip;]","og_url":"https:\/\/www.charleshotel.hu\/hu\/szolgaltatasaink\/","og_site_name":"Hotel Charles","article_modified_time":"2020-01-27T11:00:46+00:00","twitter_card":"summary_large_image","twitter_misc":{"Becs\u00fclt olvas\u00e1si id\u0151":"1 perc"},"schema":{"@context":"https:\/\/schema.org","@graph":[{"@type":"WebPage","@id":"https:\/\/www.charleshotel.hu\/hu\/szolgaltatasaink\/","url":"https:\/\/www.charleshotel.hu\/hu\/szolgaltatasaink\/","name":"SZOLG\u00c1LTAT\u00c1SAINK - Hotel Charles","isPartOf":{"@id":"https:\/\/www.charleshotel.hu\/hu\/#website"},"datePublished":"2020-01-27T09:54:49+00:00","dateModified":"2020-01-27T11:00:46+00:00","breadcrumb":{"@id":"https:\/\/www.charleshotel.hu\/hu\/szolgaltatasaink\/#breadcrumb"},"inLanguage":"hu","potentialAction":[{"@type":"ReadAction","target":["https:\/\/www.charleshotel.hu\/hu\/szolgaltatasaink\/"]}]},{"@type":"BreadcrumbList","@id":"https:\/\/www.charleshotel.hu\/hu\/szolgaltatasaink\/#breadcrumb","itemListElement":[{"@type":"ListItem","position":1,"name":"Home","item":"https:\/\/www.charleshotel.hu\/hu\/"},{"@type":"ListItem","position":2,"name":"SZOLG\u00c1LTAT\u00c1SAINK"}]},{"@type":"WebSite","@id":"https:\/\/www.charleshotel.hu\/hu\/#website","url":"https:\/\/www.charleshotel.hu\/hu\/","name":"Hotel Charles","description":"Just another ms.decms.eu site","potentialAction":[{"@type":"SearchAction","target":{"@type":"EntryPoint","urlTemplate":"https:\/\/www.charleshotel.hu\/hu\/?s={search_term_string}"},"query-input":{"@type":"PropertyValueSpecification","valueRequired":true,"valueName":"search_term_string"}}],"inLanguage":"hu"}]}},"acf":[],"_links":{"self":[{"href":"https:\/\/www.charleshotel.hu\/hu\/wp-json\/wp\/v2\/pages\/185","targetHints":{"allow":["GET"]}}],"collection":[{"href":"https:\/\/www.charleshotel.hu\/hu\/wp-json\/wp\/v2\/pages"}],"about":[{"href":"https:\/\/www.charleshotel.hu\/hu\/wp-json\/wp\/v2\/types\/page"}],"author":[{"embeddable":true,"href":"https:\/\/www.charleshotel.hu\/hu\/wp-json\/wp\/v2\/users\/4"}],"replies":[{"embeddable":true,"href":"https:\/\/www.charleshotel.hu\/hu\/wp-json\/wp\/v2\/comments?post=185"}],"version-history":[{"count":0,"href":"https:\/\/www.charleshotel.hu\/hu\/wp-json\/wp\/v2\/pages\/185\/revisions"}],"wp:attachment":[{"href":"https:\/\/www.charleshotel.hu\/hu\/wp-json\/wp\/v2\/media?parent=185"}],"curies":[{"name":"wp","href":"https:\/\/api.w.org\/{rel}","templated":true}]}}