{"id":181,"date":"2020-01-27T09:43:09","date_gmt":"2020-01-27T09:43:09","guid":{"rendered":"http:\/\/hotel-charles.ms.decms.eu\/?page_id=181"},"modified":"2024-12-11T10:39:10","modified_gmt":"2024-12-11T10:39:10","slug":"janos-etterem","status":"publish","type":"page","link":"https:\/\/www.charleshotel.hu\/hu\/janos-etterem\/","title":{"rendered":"J\u00c1NOS \u00c9TTEREM"},"content":{"rendered":"<p>A J\u00e1nos \u00e9tteremben magas <strong>sz\u00ednvonal\u00fa \u00f6sszetev\u0151ket<\/strong> \u00e9s modern konyhai technol\u00f3gi\u00e1t haszn\u00e1lunk, hogy a legkiv\u00e1l\u00f3bb \u00e9teleket k\u00e9sz\u00edts\u00fck el az \u00d6n sz\u00e1m\u00e1ra.<strong> \u00c9telk\u00fcl\u00f6nlegess\u00e9geinket<\/strong> a magyar \u00e9s a modern eur\u00f3pai gasztron\u00f3mia ihlette. \u00c9tterm\u00fcnk garant\u00e1lja az<strong> \u00edzletes \u00e9teleket<\/strong>, a <strong>hangulatos l\u00e9gk\u00f6rt<\/strong> \u00e9s a <strong>bar\u00e1ts\u00e1gos szem\u00e9lyzetet<\/strong>, melyek elengedhetetlen \u00f6sszetev\u0151i egy <strong>felejthetetlen \u00e9lm\u00e9nynek<\/strong>.<\/p>\n","protected":false},"excerpt":{"rendered":"<p>A J\u00e1nos \u00e9tteremben magas sz\u00ednvonal\u00fa \u00f6sszetev\u0151ket \u00e9s modern konyhai technol\u00f3gi\u00e1t haszn\u00e1lunk, hogy a legkiv\u00e1l\u00f3bb \u00e9teleket k\u00e9sz\u00edts\u00fck el az \u00d6n sz\u00e1m\u00e1ra. \u00c9telk\u00fcl\u00f6nlegess\u00e9geinket a magyar \u00e9s a modern eur\u00f3pai gasztron\u00f3mia ihlette. \u00c9tterm\u00fcnk garant\u00e1lja az \u00edzletes \u00e9teleket, a hangulatos l\u00e9gk\u00f6rt \u00e9s a bar\u00e1ts\u00e1gos szem\u00e9lyzetet, melyek elengedhetetlen \u00f6sszetev\u0151i egy felejthetetlen \u00e9lm\u00e9nynek.<\/p>\n","protected":false},"author":4,"featured_media":0,"parent":0,"menu_order":3,"comment_status":"closed","ping_status":"closed","template":"","meta":{"footnotes":""},"class_list":["post-181","page","type-page","status-publish","hentry"],"yoast_head":"<!-- This site is optimized with the Yoast SEO plugin v26.9 - https:\/\/yoast.com\/product\/yoast-seo-wordpress\/ -->\n<title>J\u00c1NOS \u00c9TTEREM - Hotel Charles<\/title>\n<meta name=\"robots\" content=\"index, follow, max-snippet:-1, max-image-preview:large, max-video-preview:-1\" \/>\n<link rel=\"canonical\" href=\"https:\/\/www.charleshotel.hu\/hu\/janos-etterem\/\" \/>\n<meta property=\"og:locale\" content=\"hu_HU\" \/>\n<meta property=\"og:type\" content=\"article\" \/>\n<meta property=\"og:title\" content=\"J\u00c1NOS \u00c9TTEREM - Hotel Charles\" \/>\n<meta property=\"og:description\" content=\"A J\u00e1nos \u00e9tteremben magas sz\u00ednvonal\u00fa \u00f6sszetev\u0151ket \u00e9s modern konyhai technol\u00f3gi\u00e1t haszn\u00e1lunk, hogy a legkiv\u00e1l\u00f3bb \u00e9teleket k\u00e9sz\u00edts\u00fck el az \u00d6n sz\u00e1m\u00e1ra. \u00c9telk\u00fcl\u00f6nlegess\u00e9geinket a magyar \u00e9s a modern eur\u00f3pai gasztron\u00f3mia ihlette. \u00c9tterm\u00fcnk garant\u00e1lja az \u00edzletes \u00e9teleket, a hangulatos l\u00e9gk\u00f6rt \u00e9s a bar\u00e1ts\u00e1gos szem\u00e9lyzetet, melyek elengedhetetlen \u00f6sszetev\u0151i egy felejthetetlen \u00e9lm\u00e9nynek.\" \/>\n<meta property=\"og:url\" content=\"https:\/\/www.charleshotel.hu\/hu\/janos-etterem\/\" \/>\n<meta property=\"og:site_name\" content=\"Hotel Charles\" \/>\n<meta property=\"article:modified_time\" content=\"2024-12-11T10:39:10+00:00\" \/>\n<meta name=\"twitter:card\" content=\"summary_large_image\" \/>\n<meta name=\"twitter:label1\" content=\"Becs\u00fclt olvas\u00e1si id\u0151\" \/>\n\t<meta name=\"twitter:data1\" content=\"1 perc\" \/>\n<script type=\"application\/ld+json\" class=\"yoast-schema-graph\">{\"@context\":\"https:\/\/schema.org\",\"@graph\":[{\"@type\":\"WebPage\",\"@id\":\"https:\/\/www.charleshotel.hu\/hu\/janos-etterem\/\",\"url\":\"https:\/\/www.charleshotel.hu\/hu\/janos-etterem\/\",\"name\":\"J\u00c1NOS \u00c9TTEREM - Hotel Charles\",\"isPartOf\":{\"@id\":\"https:\/\/www.charleshotel.hu\/hu\/#website\"},\"datePublished\":\"2020-01-27T09:43:09+00:00\",\"dateModified\":\"2024-12-11T10:39:10+00:00\",\"breadcrumb\":{\"@id\":\"https:\/\/www.charleshotel.hu\/hu\/janos-etterem\/#breadcrumb\"},\"inLanguage\":\"hu\",\"potentialAction\":[{\"@type\":\"ReadAction\",\"target\":[\"https:\/\/www.charleshotel.hu\/hu\/janos-etterem\/\"]}]},{\"@type\":\"BreadcrumbList\",\"@id\":\"https:\/\/www.charleshotel.hu\/hu\/janos-etterem\/#breadcrumb\",\"itemListElement\":[{\"@type\":\"ListItem\",\"position\":1,\"name\":\"Home\",\"item\":\"https:\/\/www.charleshotel.hu\/hu\/\"},{\"@type\":\"ListItem\",\"position\":2,\"name\":\"J\u00c1NOS \u00c9TTEREM\"}]},{\"@type\":\"WebSite\",\"@id\":\"https:\/\/www.charleshotel.hu\/hu\/#website\",\"url\":\"https:\/\/www.charleshotel.hu\/hu\/\",\"name\":\"Hotel Charles\",\"description\":\"Just another ms.decms.eu site\",\"potentialAction\":[{\"@type\":\"SearchAction\",\"target\":{\"@type\":\"EntryPoint\",\"urlTemplate\":\"https:\/\/www.charleshotel.hu\/hu\/?s={search_term_string}\"},\"query-input\":{\"@type\":\"PropertyValueSpecification\",\"valueRequired\":true,\"valueName\":\"search_term_string\"}}],\"inLanguage\":\"hu\"}]}<\/script>\n<!-- \/ Yoast SEO plugin. -->","yoast_head_json":{"title":"J\u00c1NOS \u00c9TTEREM - Hotel Charles","robots":{"index":"index","follow":"follow","max-snippet":"max-snippet:-1","max-image-preview":"max-image-preview:large","max-video-preview":"max-video-preview:-1"},"canonical":"https:\/\/www.charleshotel.hu\/hu\/janos-etterem\/","og_locale":"hu_HU","og_type":"article","og_title":"J\u00c1NOS \u00c9TTEREM - Hotel Charles","og_description":"A J\u00e1nos \u00e9tteremben magas sz\u00ednvonal\u00fa \u00f6sszetev\u0151ket \u00e9s modern konyhai technol\u00f3gi\u00e1t haszn\u00e1lunk, hogy a legkiv\u00e1l\u00f3bb \u00e9teleket k\u00e9sz\u00edts\u00fck el az \u00d6n sz\u00e1m\u00e1ra. \u00c9telk\u00fcl\u00f6nlegess\u00e9geinket a magyar \u00e9s a modern eur\u00f3pai gasztron\u00f3mia ihlette. \u00c9tterm\u00fcnk garant\u00e1lja az \u00edzletes \u00e9teleket, a hangulatos l\u00e9gk\u00f6rt \u00e9s a bar\u00e1ts\u00e1gos szem\u00e9lyzetet, melyek elengedhetetlen \u00f6sszetev\u0151i egy felejthetetlen \u00e9lm\u00e9nynek.","og_url":"https:\/\/www.charleshotel.hu\/hu\/janos-etterem\/","og_site_name":"Hotel Charles","article_modified_time":"2024-12-11T10:39:10+00:00","twitter_card":"summary_large_image","twitter_misc":{"Becs\u00fclt olvas\u00e1si id\u0151":"1 perc"},"schema":{"@context":"https:\/\/schema.org","@graph":[{"@type":"WebPage","@id":"https:\/\/www.charleshotel.hu\/hu\/janos-etterem\/","url":"https:\/\/www.charleshotel.hu\/hu\/janos-etterem\/","name":"J\u00c1NOS \u00c9TTEREM - Hotel Charles","isPartOf":{"@id":"https:\/\/www.charleshotel.hu\/hu\/#website"},"datePublished":"2020-01-27T09:43:09+00:00","dateModified":"2024-12-11T10:39:10+00:00","breadcrumb":{"@id":"https:\/\/www.charleshotel.hu\/hu\/janos-etterem\/#breadcrumb"},"inLanguage":"hu","potentialAction":[{"@type":"ReadAction","target":["https:\/\/www.charleshotel.hu\/hu\/janos-etterem\/"]}]},{"@type":"BreadcrumbList","@id":"https:\/\/www.charleshotel.hu\/hu\/janos-etterem\/#breadcrumb","itemListElement":[{"@type":"ListItem","position":1,"name":"Home","item":"https:\/\/www.charleshotel.hu\/hu\/"},{"@type":"ListItem","position":2,"name":"J\u00c1NOS \u00c9TTEREM"}]},{"@type":"WebSite","@id":"https:\/\/www.charleshotel.hu\/hu\/#website","url":"https:\/\/www.charleshotel.hu\/hu\/","name":"Hotel Charles","description":"Just another ms.decms.eu site","potentialAction":[{"@type":"SearchAction","target":{"@type":"EntryPoint","urlTemplate":"https:\/\/www.charleshotel.hu\/hu\/?s={search_term_string}"},"query-input":{"@type":"PropertyValueSpecification","valueRequired":true,"valueName":"search_term_string"}}],"inLanguage":"hu"}]}},"acf":[],"_links":{"self":[{"href":"https:\/\/www.charleshotel.hu\/hu\/wp-json\/wp\/v2\/pages\/181","targetHints":{"allow":["GET"]}}],"collection":[{"href":"https:\/\/www.charleshotel.hu\/hu\/wp-json\/wp\/v2\/pages"}],"about":[{"href":"https:\/\/www.charleshotel.hu\/hu\/wp-json\/wp\/v2\/types\/page"}],"author":[{"embeddable":true,"href":"https:\/\/www.charleshotel.hu\/hu\/wp-json\/wp\/v2\/users\/4"}],"replies":[{"embeddable":true,"href":"https:\/\/www.charleshotel.hu\/hu\/wp-json\/wp\/v2\/comments?post=181"}],"version-history":[{"count":0,"href":"https:\/\/www.charleshotel.hu\/hu\/wp-json\/wp\/v2\/pages\/181\/revisions"}],"wp:attachment":[{"href":"https:\/\/www.charleshotel.hu\/hu\/wp-json\/wp\/v2\/media?parent=181"}],"curies":[{"name":"wp","href":"https:\/\/api.w.org\/{rel}","templated":true}]}}