{"id":177,"date":"2020-01-27T09:22:40","date_gmt":"2020-01-27T09:22:40","guid":{"rendered":"http:\/\/hotel-charles.ms.decms.eu\/?page_id=177"},"modified":"2023-07-07T14:46:23","modified_gmt":"2023-07-07T14:46:23","slug":"economy-studio","status":"publish","type":"page","link":"https:\/\/www.charleshotel.hu\/hu\/studio-szobaink\/economy-studio\/","title":{"rendered":"Economy st\u00fadi\u00f3s"},"content":{"rendered":"<p>A <strong>30<\/strong><strong> m2-es<\/strong>, l\u00e9gkondicion\u00e1lt Economy St\u00fadi\u00f3inkban egy el\u0151szoba, egy h\u00e1l\u00f3szoba, egy <strong>f\u00fcrd\u0151k\u00e1das f\u00fcrd\u0151szoba<\/strong> \u00e9s egy teljesen felszerelt konyha kapott helyet, ut\u00f3bbiban <strong>konyhai<\/strong> ed\u00e9nyek, ev\u0151eszk\u00f6z\u00f6k, \u00e9s egy f\u0151z\u0151lap tal\u00e1lhat\u00f3, valamint egy h\u0171t\u0151szekr\u00e9ny, ami minib\u00e1rk\u00e9nt is szolg\u00e1l. K\u00e9r\u00e9sre mikrohull\u00e1m\u00fa s\u00fct\u0151t is bek\u00e9sz\u00edt\u00fcnk!A szob\u00e1kban l\u00e9v\u0151 \u00e1gyak (200\u00d7100 cm) ig\u00e9ny szerint elk\u00fcl\u00f6n\u00edthet\u0151ek egym\u00e1st\u00f3l. Minden szob\u00e1ban van sz\u00e9f, ruh\u00e1sszekr\u00e9ny, \u00e9jjeliszekr\u00e9ny, \u00e9jjeli l\u00e1mpa, karossz\u00e9kek kis asztallal, illetve <strong>egy modern, digit\u00e1lis csatlakoztat\u00e1sra alkalmas LED TV.<\/strong><\/p>\n","protected":false},"excerpt":{"rendered":"<p>A 30 m2-es, l\u00e9gkondicion\u00e1lt Economy St\u00fadi\u00f3inkban egy el\u0151szoba, egy h\u00e1l\u00f3szoba, egy f\u00fcrd\u0151k\u00e1das f\u00fcrd\u0151szoba \u00e9s egy teljesen felszerelt konyha kapott helyet, ut\u00f3bbiban konyhai ed\u00e9nyek, ev\u0151eszk\u00f6z\u00f6k, \u00e9s egy f\u0151z\u0151lap tal\u00e1lhat\u00f3, valamint egy h\u0171t\u0151szekr\u00e9ny, ami minib\u00e1rk\u00e9nt is szolg\u00e1l. K\u00e9r\u00e9sre mikrohull\u00e1m\u00fa s\u00fct\u0151t is bek\u00e9sz\u00edt\u00fcnk!A szob\u00e1kban l\u00e9v\u0151 \u00e1gyak (200\u00d7100 cm) ig\u00e9ny szerint elk\u00fcl\u00f6n\u00edthet\u0151ek egym\u00e1st\u00f3l. Minden szob\u00e1ban van sz\u00e9f, ruh\u00e1sszekr\u00e9ny, \u00e9jjeliszekr\u00e9ny, [&hellip;]<\/p>\n","protected":false},"author":4,"featured_media":0,"parent":176,"menu_order":1,"comment_status":"closed","ping_status":"closed","template":"template-single-room.php","meta":{"footnotes":""},"class_list":["post-177","page","type-page","status-publish","hentry"],"yoast_head":"<!-- This site is optimized with the Yoast SEO plugin v26.9 - https:\/\/yoast.com\/product\/yoast-seo-wordpress\/ -->\n<title>Economy st\u00fadi\u00f3s - Hotel Charles<\/title>\n<meta name=\"robots\" content=\"index, follow, max-snippet:-1, max-image-preview:large, max-video-preview:-1\" \/>\n<link rel=\"canonical\" href=\"https:\/\/www.charleshotel.hu\/hu\/studio-szobaink\/economy-studio\/\" \/>\n<meta property=\"og:locale\" content=\"hu_HU\" \/>\n<meta property=\"og:type\" content=\"article\" \/>\n<meta property=\"og:title\" content=\"Economy st\u00fadi\u00f3s - Hotel Charles\" \/>\n<meta property=\"og:description\" content=\"A 30 m2-es, l\u00e9gkondicion\u00e1lt Economy St\u00fadi\u00f3inkban egy el\u0151szoba, egy h\u00e1l\u00f3szoba, egy f\u00fcrd\u0151k\u00e1das f\u00fcrd\u0151szoba \u00e9s egy teljesen felszerelt konyha kapott helyet, ut\u00f3bbiban konyhai ed\u00e9nyek, ev\u0151eszk\u00f6z\u00f6k, \u00e9s egy f\u0151z\u0151lap tal\u00e1lhat\u00f3, valamint egy h\u0171t\u0151szekr\u00e9ny, ami minib\u00e1rk\u00e9nt is szolg\u00e1l. K\u00e9r\u00e9sre mikrohull\u00e1m\u00fa s\u00fct\u0151t is bek\u00e9sz\u00edt\u00fcnk!A szob\u00e1kban l\u00e9v\u0151 \u00e1gyak (200\u00d7100 cm) ig\u00e9ny szerint elk\u00fcl\u00f6n\u00edthet\u0151ek egym\u00e1st\u00f3l. Minden szob\u00e1ban van sz\u00e9f, ruh\u00e1sszekr\u00e9ny, \u00e9jjeliszekr\u00e9ny, [&hellip;]\" \/>\n<meta property=\"og:url\" content=\"https:\/\/www.charleshotel.hu\/hu\/studio-szobaink\/economy-studio\/\" \/>\n<meta property=\"og:site_name\" content=\"Hotel Charles\" \/>\n<meta property=\"article:modified_time\" content=\"2023-07-07T14:46:23+00:00\" \/>\n<meta name=\"twitter:card\" content=\"summary_large_image\" \/>\n<meta name=\"twitter:label1\" content=\"Becs\u00fclt olvas\u00e1si id\u0151\" \/>\n\t<meta name=\"twitter:data1\" content=\"1 perc\" \/>\n<script type=\"application\/ld+json\" class=\"yoast-schema-graph\">{\"@context\":\"https:\/\/schema.org\",\"@graph\":[{\"@type\":\"WebPage\",\"@id\":\"https:\/\/www.charleshotel.hu\/hu\/studio-szobaink\/economy-studio\/\",\"url\":\"https:\/\/www.charleshotel.hu\/hu\/studio-szobaink\/economy-studio\/\",\"name\":\"Economy st\u00fadi\u00f3s - Hotel Charles\",\"isPartOf\":{\"@id\":\"https:\/\/www.charleshotel.hu\/hu\/#website\"},\"datePublished\":\"2020-01-27T09:22:40+00:00\",\"dateModified\":\"2023-07-07T14:46:23+00:00\",\"breadcrumb\":{\"@id\":\"https:\/\/www.charleshotel.hu\/hu\/studio-szobaink\/economy-studio\/#breadcrumb\"},\"inLanguage\":\"hu\",\"potentialAction\":[{\"@type\":\"ReadAction\",\"target\":[\"https:\/\/www.charleshotel.hu\/hu\/studio-szobaink\/economy-studio\/\"]}]},{\"@type\":\"BreadcrumbList\",\"@id\":\"https:\/\/www.charleshotel.hu\/hu\/studio-szobaink\/economy-studio\/#breadcrumb\",\"itemListElement\":[{\"@type\":\"ListItem\",\"position\":1,\"name\":\"Home\",\"item\":\"https:\/\/www.charleshotel.hu\/hu\/\"},{\"@type\":\"ListItem\",\"position\":2,\"name\":\"SZOB\u00c1INK\",\"item\":\"https:\/\/www.charleshotel.hu\/hu\/studio-szobaink\/\"},{\"@type\":\"ListItem\",\"position\":3,\"name\":\"Economy st\u00fadi\u00f3s\"}]},{\"@type\":\"WebSite\",\"@id\":\"https:\/\/www.charleshotel.hu\/hu\/#website\",\"url\":\"https:\/\/www.charleshotel.hu\/hu\/\",\"name\":\"Hotel Charles\",\"description\":\"Just another ms.decms.eu site\",\"potentialAction\":[{\"@type\":\"SearchAction\",\"target\":{\"@type\":\"EntryPoint\",\"urlTemplate\":\"https:\/\/www.charleshotel.hu\/hu\/?s={search_term_string}\"},\"query-input\":{\"@type\":\"PropertyValueSpecification\",\"valueRequired\":true,\"valueName\":\"search_term_string\"}}],\"inLanguage\":\"hu\"}]}<\/script>\n<!-- \/ Yoast SEO plugin. -->","yoast_head_json":{"title":"Economy st\u00fadi\u00f3s - Hotel Charles","robots":{"index":"index","follow":"follow","max-snippet":"max-snippet:-1","max-image-preview":"max-image-preview:large","max-video-preview":"max-video-preview:-1"},"canonical":"https:\/\/www.charleshotel.hu\/hu\/studio-szobaink\/economy-studio\/","og_locale":"hu_HU","og_type":"article","og_title":"Economy st\u00fadi\u00f3s - Hotel Charles","og_description":"A 30 m2-es, l\u00e9gkondicion\u00e1lt Economy St\u00fadi\u00f3inkban egy el\u0151szoba, egy h\u00e1l\u00f3szoba, egy f\u00fcrd\u0151k\u00e1das f\u00fcrd\u0151szoba \u00e9s egy teljesen felszerelt konyha kapott helyet, ut\u00f3bbiban konyhai ed\u00e9nyek, ev\u0151eszk\u00f6z\u00f6k, \u00e9s egy f\u0151z\u0151lap tal\u00e1lhat\u00f3, valamint egy h\u0171t\u0151szekr\u00e9ny, ami minib\u00e1rk\u00e9nt is szolg\u00e1l. K\u00e9r\u00e9sre mikrohull\u00e1m\u00fa s\u00fct\u0151t is bek\u00e9sz\u00edt\u00fcnk!A szob\u00e1kban l\u00e9v\u0151 \u00e1gyak (200\u00d7100 cm) ig\u00e9ny szerint elk\u00fcl\u00f6n\u00edthet\u0151ek egym\u00e1st\u00f3l. Minden szob\u00e1ban van sz\u00e9f, ruh\u00e1sszekr\u00e9ny, \u00e9jjeliszekr\u00e9ny, [&hellip;]","og_url":"https:\/\/www.charleshotel.hu\/hu\/studio-szobaink\/economy-studio\/","og_site_name":"Hotel Charles","article_modified_time":"2023-07-07T14:46:23+00:00","twitter_card":"summary_large_image","twitter_misc":{"Becs\u00fclt olvas\u00e1si id\u0151":"1 perc"},"schema":{"@context":"https:\/\/schema.org","@graph":[{"@type":"WebPage","@id":"https:\/\/www.charleshotel.hu\/hu\/studio-szobaink\/economy-studio\/","url":"https:\/\/www.charleshotel.hu\/hu\/studio-szobaink\/economy-studio\/","name":"Economy st\u00fadi\u00f3s - Hotel Charles","isPartOf":{"@id":"https:\/\/www.charleshotel.hu\/hu\/#website"},"datePublished":"2020-01-27T09:22:40+00:00","dateModified":"2023-07-07T14:46:23+00:00","breadcrumb":{"@id":"https:\/\/www.charleshotel.hu\/hu\/studio-szobaink\/economy-studio\/#breadcrumb"},"inLanguage":"hu","potentialAction":[{"@type":"ReadAction","target":["https:\/\/www.charleshotel.hu\/hu\/studio-szobaink\/economy-studio\/"]}]},{"@type":"BreadcrumbList","@id":"https:\/\/www.charleshotel.hu\/hu\/studio-szobaink\/economy-studio\/#breadcrumb","itemListElement":[{"@type":"ListItem","position":1,"name":"Home","item":"https:\/\/www.charleshotel.hu\/hu\/"},{"@type":"ListItem","position":2,"name":"SZOB\u00c1INK","item":"https:\/\/www.charleshotel.hu\/hu\/studio-szobaink\/"},{"@type":"ListItem","position":3,"name":"Economy st\u00fadi\u00f3s"}]},{"@type":"WebSite","@id":"https:\/\/www.charleshotel.hu\/hu\/#website","url":"https:\/\/www.charleshotel.hu\/hu\/","name":"Hotel Charles","description":"Just another ms.decms.eu site","potentialAction":[{"@type":"SearchAction","target":{"@type":"EntryPoint","urlTemplate":"https:\/\/www.charleshotel.hu\/hu\/?s={search_term_string}"},"query-input":{"@type":"PropertyValueSpecification","valueRequired":true,"valueName":"search_term_string"}}],"inLanguage":"hu"}]}},"acf":[],"_links":{"self":[{"href":"https:\/\/www.charleshotel.hu\/hu\/wp-json\/wp\/v2\/pages\/177","targetHints":{"allow":["GET"]}}],"collection":[{"href":"https:\/\/www.charleshotel.hu\/hu\/wp-json\/wp\/v2\/pages"}],"about":[{"href":"https:\/\/www.charleshotel.hu\/hu\/wp-json\/wp\/v2\/types\/page"}],"author":[{"embeddable":true,"href":"https:\/\/www.charleshotel.hu\/hu\/wp-json\/wp\/v2\/users\/4"}],"replies":[{"embeddable":true,"href":"https:\/\/www.charleshotel.hu\/hu\/wp-json\/wp\/v2\/comments?post=177"}],"version-history":[{"count":0,"href":"https:\/\/www.charleshotel.hu\/hu\/wp-json\/wp\/v2\/pages\/177\/revisions"}],"up":[{"embeddable":true,"href":"https:\/\/www.charleshotel.hu\/hu\/wp-json\/wp\/v2\/pages\/176"}],"wp:attachment":[{"href":"https:\/\/www.charleshotel.hu\/hu\/wp-json\/wp\/v2\/media?parent=177"}],"curies":[{"name":"wp","href":"https:\/\/api.w.org\/{rel}","templated":true}]}}