{"id":176,"date":"2020-01-27T09:17:17","date_gmt":"2020-01-27T09:17:17","guid":{"rendered":"http:\/\/hotel-charles.ms.decms.eu\/?page_id=176"},"modified":"2024-12-11T08:06:13","modified_gmt":"2024-12-11T08:06:13","slug":"studio-szobaink","status":"publish","type":"page","link":"https:\/\/www.charleshotel.hu\/hu\/studio-szobaink\/","title":{"rendered":"SZOB\u00c1INK"},"content":{"rendered":"<p>Tapasztalja meg k\u00e9nyelmes apartman st\u00fadi\u00f3inkat, <strong>melyek mindegyike teakonyh\u00e1val lett felszerelve<\/strong>. V\u00e1lasszon t\u00e1gas szob\u00e1ink k\u00f6z\u00fcl. Ak\u00e1r az eleg\u00e1nsan fel\u00faj\u00edtott <strong>Deluxe St\u00fadi\u00f3kat<\/strong>, vagy <strong>Standard St\u00fadi\u00f3nkat<\/strong>, ak\u00e1r az egyszer\u0171bb, de m\u00e9gis bar\u00e1ts\u00e1gos <strong>Economy St\u00fadi\u00f3kat<\/strong> v\u00e1lasztja, a Hotel Charles-ban garant\u00e1ltan friss\u00edt\u0151 \u00e9jszakai pihen\u00e9sben lesz r\u00e9sze. \u00c1gy m\u00e9ret: 100cmx200cm<\/p>\n<p><strong> Foglaljon k\u00f6zvetlen\u00fcl n\u00e1lunk, garant\u00e1ltan a legjobb \u00e1ron!<\/strong><\/p>\n","protected":false},"excerpt":{"rendered":"<p>Tapasztalja meg k\u00e9nyelmes apartman st\u00fadi\u00f3inkat, melyek mindegyike teakonyh\u00e1val lett felszerelve. V\u00e1lasszon t\u00e1gas szob\u00e1ink k\u00f6z\u00fcl. Ak\u00e1r az eleg\u00e1nsan fel\u00faj\u00edtott Deluxe St\u00fadi\u00f3kat, vagy Standard St\u00fadi\u00f3nkat, ak\u00e1r az egyszer\u0171bb, de m\u00e9gis bar\u00e1ts\u00e1gos Economy St\u00fadi\u00f3kat v\u00e1lasztja, a Hotel Charles-ban garant\u00e1ltan friss\u00edt\u0151 \u00e9jszakai pihen\u00e9sben lesz r\u00e9sze. \u00c1gy m\u00e9ret: 100cmx200cm Foglaljon k\u00f6zvetlen\u00fcl n\u00e1lunk, garant\u00e1ltan a legjobb \u00e1ron!<\/p>\n","protected":false},"author":4,"featured_media":0,"parent":0,"menu_order":2,"comment_status":"closed","ping_status":"closed","template":"template-rooms.php","meta":{"footnotes":""},"class_list":["post-176","page","type-page","status-publish","hentry"],"yoast_head":"<!-- This site is optimized with the Yoast SEO plugin v26.9 - https:\/\/yoast.com\/product\/yoast-seo-wordpress\/ -->\n<title>SZOB\u00c1INK - Hotel Charles<\/title>\n<meta name=\"robots\" content=\"index, follow, max-snippet:-1, max-image-preview:large, max-video-preview:-1\" \/>\n<link rel=\"canonical\" href=\"https:\/\/www.charleshotel.hu\/hu\/studio-szobaink\/\" \/>\n<meta property=\"og:locale\" content=\"hu_HU\" \/>\n<meta property=\"og:type\" content=\"article\" \/>\n<meta property=\"og:title\" content=\"SZOB\u00c1INK - Hotel Charles\" \/>\n<meta property=\"og:description\" content=\"Tapasztalja meg k\u00e9nyelmes apartman st\u00fadi\u00f3inkat, melyek mindegyike teakonyh\u00e1val lett felszerelve. V\u00e1lasszon t\u00e1gas szob\u00e1ink k\u00f6z\u00fcl. Ak\u00e1r az eleg\u00e1nsan fel\u00faj\u00edtott Deluxe St\u00fadi\u00f3kat, vagy Standard St\u00fadi\u00f3nkat, ak\u00e1r az egyszer\u0171bb, de m\u00e9gis bar\u00e1ts\u00e1gos Economy St\u00fadi\u00f3kat v\u00e1lasztja, a Hotel Charles-ban garant\u00e1ltan friss\u00edt\u0151 \u00e9jszakai pihen\u00e9sben lesz r\u00e9sze. \u00c1gy m\u00e9ret: 100cmx200cm Foglaljon k\u00f6zvetlen\u00fcl n\u00e1lunk, garant\u00e1ltan a legjobb \u00e1ron!\" \/>\n<meta property=\"og:url\" content=\"https:\/\/www.charleshotel.hu\/hu\/studio-szobaink\/\" \/>\n<meta property=\"og:site_name\" content=\"Hotel Charles\" \/>\n<meta property=\"article:modified_time\" content=\"2024-12-11T08:06:13+00:00\" \/>\n<meta name=\"twitter:card\" content=\"summary_large_image\" \/>\n<meta name=\"twitter:label1\" content=\"Becs\u00fclt olvas\u00e1si id\u0151\" \/>\n\t<meta name=\"twitter:data1\" content=\"1 perc\" \/>\n<script type=\"application\/ld+json\" class=\"yoast-schema-graph\">{\"@context\":\"https:\/\/schema.org\",\"@graph\":[{\"@type\":\"WebPage\",\"@id\":\"https:\/\/www.charleshotel.hu\/hu\/studio-szobaink\/\",\"url\":\"https:\/\/www.charleshotel.hu\/hu\/studio-szobaink\/\",\"name\":\"SZOB\u00c1INK - Hotel Charles\",\"isPartOf\":{\"@id\":\"https:\/\/www.charleshotel.hu\/hu\/#website\"},\"datePublished\":\"2020-01-27T09:17:17+00:00\",\"dateModified\":\"2024-12-11T08:06:13+00:00\",\"breadcrumb\":{\"@id\":\"https:\/\/www.charleshotel.hu\/hu\/studio-szobaink\/#breadcrumb\"},\"inLanguage\":\"hu\",\"potentialAction\":[{\"@type\":\"ReadAction\",\"target\":[\"https:\/\/www.charleshotel.hu\/hu\/studio-szobaink\/\"]}]},{\"@type\":\"BreadcrumbList\",\"@id\":\"https:\/\/www.charleshotel.hu\/hu\/studio-szobaink\/#breadcrumb\",\"itemListElement\":[{\"@type\":\"ListItem\",\"position\":1,\"name\":\"Home\",\"item\":\"https:\/\/www.charleshotel.hu\/hu\/\"},{\"@type\":\"ListItem\",\"position\":2,\"name\":\"SZOB\u00c1INK\"}]},{\"@type\":\"WebSite\",\"@id\":\"https:\/\/www.charleshotel.hu\/hu\/#website\",\"url\":\"https:\/\/www.charleshotel.hu\/hu\/\",\"name\":\"Hotel Charles\",\"description\":\"Just another ms.decms.eu site\",\"potentialAction\":[{\"@type\":\"SearchAction\",\"target\":{\"@type\":\"EntryPoint\",\"urlTemplate\":\"https:\/\/www.charleshotel.hu\/hu\/?s={search_term_string}\"},\"query-input\":{\"@type\":\"PropertyValueSpecification\",\"valueRequired\":true,\"valueName\":\"search_term_string\"}}],\"inLanguage\":\"hu\"}]}<\/script>\n<!-- \/ Yoast SEO plugin. -->","yoast_head_json":{"title":"SZOB\u00c1INK - Hotel Charles","robots":{"index":"index","follow":"follow","max-snippet":"max-snippet:-1","max-image-preview":"max-image-preview:large","max-video-preview":"max-video-preview:-1"},"canonical":"https:\/\/www.charleshotel.hu\/hu\/studio-szobaink\/","og_locale":"hu_HU","og_type":"article","og_title":"SZOB\u00c1INK - Hotel Charles","og_description":"Tapasztalja meg k\u00e9nyelmes apartman st\u00fadi\u00f3inkat, melyek mindegyike teakonyh\u00e1val lett felszerelve. V\u00e1lasszon t\u00e1gas szob\u00e1ink k\u00f6z\u00fcl. Ak\u00e1r az eleg\u00e1nsan fel\u00faj\u00edtott Deluxe St\u00fadi\u00f3kat, vagy Standard St\u00fadi\u00f3nkat, ak\u00e1r az egyszer\u0171bb, de m\u00e9gis bar\u00e1ts\u00e1gos Economy St\u00fadi\u00f3kat v\u00e1lasztja, a Hotel Charles-ban garant\u00e1ltan friss\u00edt\u0151 \u00e9jszakai pihen\u00e9sben lesz r\u00e9sze. \u00c1gy m\u00e9ret: 100cmx200cm Foglaljon k\u00f6zvetlen\u00fcl n\u00e1lunk, garant\u00e1ltan a legjobb \u00e1ron!","og_url":"https:\/\/www.charleshotel.hu\/hu\/studio-szobaink\/","og_site_name":"Hotel Charles","article_modified_time":"2024-12-11T08:06:13+00:00","twitter_card":"summary_large_image","twitter_misc":{"Becs\u00fclt olvas\u00e1si id\u0151":"1 perc"},"schema":{"@context":"https:\/\/schema.org","@graph":[{"@type":"WebPage","@id":"https:\/\/www.charleshotel.hu\/hu\/studio-szobaink\/","url":"https:\/\/www.charleshotel.hu\/hu\/studio-szobaink\/","name":"SZOB\u00c1INK - Hotel Charles","isPartOf":{"@id":"https:\/\/www.charleshotel.hu\/hu\/#website"},"datePublished":"2020-01-27T09:17:17+00:00","dateModified":"2024-12-11T08:06:13+00:00","breadcrumb":{"@id":"https:\/\/www.charleshotel.hu\/hu\/studio-szobaink\/#breadcrumb"},"inLanguage":"hu","potentialAction":[{"@type":"ReadAction","target":["https:\/\/www.charleshotel.hu\/hu\/studio-szobaink\/"]}]},{"@type":"BreadcrumbList","@id":"https:\/\/www.charleshotel.hu\/hu\/studio-szobaink\/#breadcrumb","itemListElement":[{"@type":"ListItem","position":1,"name":"Home","item":"https:\/\/www.charleshotel.hu\/hu\/"},{"@type":"ListItem","position":2,"name":"SZOB\u00c1INK"}]},{"@type":"WebSite","@id":"https:\/\/www.charleshotel.hu\/hu\/#website","url":"https:\/\/www.charleshotel.hu\/hu\/","name":"Hotel Charles","description":"Just another ms.decms.eu site","potentialAction":[{"@type":"SearchAction","target":{"@type":"EntryPoint","urlTemplate":"https:\/\/www.charleshotel.hu\/hu\/?s={search_term_string}"},"query-input":{"@type":"PropertyValueSpecification","valueRequired":true,"valueName":"search_term_string"}}],"inLanguage":"hu"}]}},"acf":[],"_links":{"self":[{"href":"https:\/\/www.charleshotel.hu\/hu\/wp-json\/wp\/v2\/pages\/176","targetHints":{"allow":["GET"]}}],"collection":[{"href":"https:\/\/www.charleshotel.hu\/hu\/wp-json\/wp\/v2\/pages"}],"about":[{"href":"https:\/\/www.charleshotel.hu\/hu\/wp-json\/wp\/v2\/types\/page"}],"author":[{"embeddable":true,"href":"https:\/\/www.charleshotel.hu\/hu\/wp-json\/wp\/v2\/users\/4"}],"replies":[{"embeddable":true,"href":"https:\/\/www.charleshotel.hu\/hu\/wp-json\/wp\/v2\/comments?post=176"}],"version-history":[{"count":0,"href":"https:\/\/www.charleshotel.hu\/hu\/wp-json\/wp\/v2\/pages\/176\/revisions"}],"wp:attachment":[{"href":"https:\/\/www.charleshotel.hu\/hu\/wp-json\/wp\/v2\/media?parent=176"}],"curies":[{"name":"wp","href":"https:\/\/api.w.org\/{rel}","templated":true}]}}