{"id":3,"date":"2019-08-20T09:55:44","date_gmt":"2019-08-20T09:55:44","guid":{"rendered":"http:\/\/hotel-charles.ms.decms.eu\/?page_id=3"},"modified":"2022-04-22T13:02:05","modified_gmt":"2022-04-22T13:02:05","slug":"hotel-charles","status":"publish","type":"page","link":"https:\/\/www.charleshotel.hu\/de\/","title":{"rendered":"Herzlich willkommen im Hotel Charles"},"content":{"rendered":"<p><strong>Das Hotel Charles<\/strong> ist die beste Wahl f\u00fcr Sie, wenn Sie sich entspannen m\u00f6chten, wenn Sie die gr\u00fcne Umgebung, das k\u00f6stliche Essen und die praktischen Zimmer m\u00f6gen. Das Hotel befindet sich am Fu\u00dfe des Gellert-Berges, in der N\u00e4he des Kongresszentrums und <strong>nur wenige Minuten entfernt von Budapests<\/strong> ber\u00fchmtesten und spektakul\u00e4rsten Sehensw\u00fcrdigkeiten. Wir empfangen unsere lieben G\u00e4ste in <strong>unseren ger\u00e4umigen, 30 qm gro\u00dfen, klimatisierten Zimmern, die alle mit einer K\u00fcchenzeile ausgestattet sind.<\/strong>Wenn Sie mit dem Auto anreisen, k\u00f6nnen Sie \u00fcberzeugt sein, dass Ihr Fahrzeug auf unserem (mit Kameras ausgestatteten) Parkplatz im Innenhof sicher ist.<\/p>\n<p>Wenn Sie \u00f6ffentliche Verkehrsmittel bevorzugen, befindet sich die Bushaltestelle nur wenige Meter vom Hotel entfernt. Von dort gelangen <strong>Sie in 10 Minuten in die Innenstadt<\/strong>. Unsere mehrsprachigen Rezeptionisten und Pagen sind immer f\u00fcr Sie da, um Ihre Fragen zu beantworten, Ihnen Anweisungen zu geben und eine breite Palette von Aktivit\u00e4ten anzubieten. Ein Stolz des Hotels ist das exzellente <strong>J\u00e1nos Restaurant<\/strong>, das ab 7:00 Uhr morgens ein reichhaltiges Fr\u00fchst\u00fccksbuffet anbietet. Ab 12:00 Uhr k\u00f6nnen Sie auch von unserer bunten Speisekarte bestellen und bei sch\u00f6nem Wetter Ihre ausgesuchten Gerichte auch auf unserer gem\u00fctlichen Terrasse genie\u00dfen.<\/p>\n","protected":false},"excerpt":{"rendered":"<p>Das Hotel Charles ist die beste Wahl f\u00fcr Sie, wenn Sie sich entspannen m\u00f6chten, wenn Sie die gr\u00fcne Umgebung, das k\u00f6stliche Essen und die praktischen Zimmer m\u00f6gen. Das Hotel befindet sich am Fu\u00dfe des Gellert-Berges, in der N\u00e4he des Kongresszentrums und nur wenige Minuten entfernt von Budapests ber\u00fchmtesten und spektakul\u00e4rsten Sehensw\u00fcrdigkeiten. Wir empfangen unsere lieben [&hellip;]<\/p>\n","protected":false},"author":4,"featured_media":0,"parent":0,"menu_order":1,"comment_status":"closed","ping_status":"open","template":"","meta":{"footnotes":""},"class_list":["post-3","page","type-page","status-publish","hentry"],"yoast_head":"<!-- This site is optimized with the Yoast SEO plugin v26.9 - https:\/\/yoast.com\/product\/yoast-seo-wordpress\/ -->\n<title>Herzlich willkommen im Hotel Charles - Hotel Charles<\/title>\n<meta name=\"robots\" content=\"index, follow, max-snippet:-1, max-image-preview:large, max-video-preview:-1\" \/>\n<link rel=\"canonical\" href=\"https:\/\/www.charleshotel.hu\/de\/\" \/>\n<meta property=\"og:locale\" content=\"de_DE\" \/>\n<meta property=\"og:type\" content=\"article\" \/>\n<meta property=\"og:title\" content=\"Herzlich willkommen im Hotel Charles - Hotel Charles\" \/>\n<meta property=\"og:description\" content=\"Das Hotel Charles ist die beste Wahl f\u00fcr Sie, wenn Sie sich entspannen m\u00f6chten, wenn Sie die gr\u00fcne Umgebung, das k\u00f6stliche Essen und die praktischen Zimmer m\u00f6gen. Das Hotel befindet sich am Fu\u00dfe des Gellert-Berges, in der N\u00e4he des Kongresszentrums und nur wenige Minuten entfernt von Budapests ber\u00fchmtesten und spektakul\u00e4rsten Sehensw\u00fcrdigkeiten. Wir empfangen unsere lieben [&hellip;]\" \/>\n<meta property=\"og:url\" content=\"https:\/\/www.charleshotel.hu\/de\/\" \/>\n<meta property=\"og:site_name\" content=\"Hotel Charles\" \/>\n<meta property=\"article:modified_time\" content=\"2022-04-22T13:02:05+00:00\" \/>\n<meta name=\"twitter:card\" content=\"summary_large_image\" \/>\n<meta name=\"twitter:label1\" content=\"Gesch\u00e4tzte Lesezeit\" \/>\n\t<meta name=\"twitter:data1\" content=\"1 Minute\" \/>\n<script type=\"application\/ld+json\" class=\"yoast-schema-graph\">{\"@context\":\"https:\/\/schema.org\",\"@graph\":[{\"@type\":\"WebPage\",\"@id\":\"https:\/\/www.charleshotel.hu\/de\/\",\"url\":\"https:\/\/www.charleshotel.hu\/de\/\",\"name\":\"Herzlich willkommen im Hotel Charles - Hotel Charles\",\"isPartOf\":{\"@id\":\"https:\/\/www.charleshotel.hu\/de\/#website\"},\"datePublished\":\"2019-08-20T09:55:44+00:00\",\"dateModified\":\"2022-04-22T13:02:05+00:00\",\"breadcrumb\":{\"@id\":\"https:\/\/www.charleshotel.hu\/de\/#breadcrumb\"},\"inLanguage\":\"de-DE\",\"potentialAction\":[{\"@type\":\"ReadAction\",\"target\":[\"https:\/\/www.charleshotel.hu\/de\/\"]}]},{\"@type\":\"BreadcrumbList\",\"@id\":\"https:\/\/www.charleshotel.hu\/de\/#breadcrumb\",\"itemListElement\":[{\"@type\":\"ListItem\",\"position\":1,\"name\":\"Home\",\"item\":\"https:\/\/www.charleshotel.hu\/de\/\"},{\"@type\":\"ListItem\",\"position\":2,\"name\":\"Herzlich willkommen im Hotel Charles\"}]},{\"@type\":\"WebSite\",\"@id\":\"https:\/\/www.charleshotel.hu\/de\/#website\",\"url\":\"https:\/\/www.charleshotel.hu\/de\/\",\"name\":\"Hotel Charles\",\"description\":\"Just another ms.decms.eu site\",\"potentialAction\":[{\"@type\":\"SearchAction\",\"target\":{\"@type\":\"EntryPoint\",\"urlTemplate\":\"https:\/\/www.charleshotel.hu\/de\/?s={search_term_string}\"},\"query-input\":{\"@type\":\"PropertyValueSpecification\",\"valueRequired\":true,\"valueName\":\"search_term_string\"}}],\"inLanguage\":\"de-DE\"}]}<\/script>\n<!-- \/ Yoast SEO plugin. -->","yoast_head_json":{"title":"Herzlich willkommen im Hotel Charles - Hotel Charles","robots":{"index":"index","follow":"follow","max-snippet":"max-snippet:-1","max-image-preview":"max-image-preview:large","max-video-preview":"max-video-preview:-1"},"canonical":"https:\/\/www.charleshotel.hu\/de\/","og_locale":"de_DE","og_type":"article","og_title":"Herzlich willkommen im Hotel Charles - Hotel Charles","og_description":"Das Hotel Charles ist die beste Wahl f\u00fcr Sie, wenn Sie sich entspannen m\u00f6chten, wenn Sie die gr\u00fcne Umgebung, das k\u00f6stliche Essen und die praktischen Zimmer m\u00f6gen. Das Hotel befindet sich am Fu\u00dfe des Gellert-Berges, in der N\u00e4he des Kongresszentrums und nur wenige Minuten entfernt von Budapests ber\u00fchmtesten und spektakul\u00e4rsten Sehensw\u00fcrdigkeiten. Wir empfangen unsere lieben [&hellip;]","og_url":"https:\/\/www.charleshotel.hu\/de\/","og_site_name":"Hotel Charles","article_modified_time":"2022-04-22T13:02:05+00:00","twitter_card":"summary_large_image","twitter_misc":{"Gesch\u00e4tzte Lesezeit":"1 Minute"},"schema":{"@context":"https:\/\/schema.org","@graph":[{"@type":"WebPage","@id":"https:\/\/www.charleshotel.hu\/de\/","url":"https:\/\/www.charleshotel.hu\/de\/","name":"Herzlich willkommen im Hotel Charles - Hotel Charles","isPartOf":{"@id":"https:\/\/www.charleshotel.hu\/de\/#website"},"datePublished":"2019-08-20T09:55:44+00:00","dateModified":"2022-04-22T13:02:05+00:00","breadcrumb":{"@id":"https:\/\/www.charleshotel.hu\/de\/#breadcrumb"},"inLanguage":"de-DE","potentialAction":[{"@type":"ReadAction","target":["https:\/\/www.charleshotel.hu\/de\/"]}]},{"@type":"BreadcrumbList","@id":"https:\/\/www.charleshotel.hu\/de\/#breadcrumb","itemListElement":[{"@type":"ListItem","position":1,"name":"Home","item":"https:\/\/www.charleshotel.hu\/de\/"},{"@type":"ListItem","position":2,"name":"Herzlich willkommen im Hotel Charles"}]},{"@type":"WebSite","@id":"https:\/\/www.charleshotel.hu\/de\/#website","url":"https:\/\/www.charleshotel.hu\/de\/","name":"Hotel Charles","description":"Just another ms.decms.eu site","potentialAction":[{"@type":"SearchAction","target":{"@type":"EntryPoint","urlTemplate":"https:\/\/www.charleshotel.hu\/de\/?s={search_term_string}"},"query-input":{"@type":"PropertyValueSpecification","valueRequired":true,"valueName":"search_term_string"}}],"inLanguage":"de-DE"}]}},"acf":[],"_links":{"self":[{"href":"https:\/\/www.charleshotel.hu\/de\/wp-json\/wp\/v2\/pages\/3","targetHints":{"allow":["GET"]}}],"collection":[{"href":"https:\/\/www.charleshotel.hu\/de\/wp-json\/wp\/v2\/pages"}],"about":[{"href":"https:\/\/www.charleshotel.hu\/de\/wp-json\/wp\/v2\/types\/page"}],"author":[{"embeddable":true,"href":"https:\/\/www.charleshotel.hu\/de\/wp-json\/wp\/v2\/users\/4"}],"replies":[{"embeddable":true,"href":"https:\/\/www.charleshotel.hu\/de\/wp-json\/wp\/v2\/comments?post=3"}],"version-history":[{"count":0,"href":"https:\/\/www.charleshotel.hu\/de\/wp-json\/wp\/v2\/pages\/3\/revisions"}],"wp:attachment":[{"href":"https:\/\/www.charleshotel.hu\/de\/wp-json\/wp\/v2\/media?parent=3"}],"curies":[{"name":"wp","href":"https:\/\/api.w.org\/{rel}","templated":true}]}}