{"id":275,"date":"2020-03-05T09:46:20","date_gmt":"2020-03-05T09:46:20","guid":{"rendered":"https:\/\/www.charleshotel.hu\/?page_id=275"},"modified":"2023-07-07T14:46:17","modified_gmt":"2023-07-07T14:46:17","slug":"economy-studio","status":"publish","type":"page","link":"https:\/\/www.charleshotel.hu\/de\/unsere-zimmer\/economy-studio\/","title":{"rendered":"Economy studios"},"content":{"rendered":"<p>Das <strong>30 m\u00b2<\/strong> gro\u00dfe klimatisierte Economy Studio besteht aus einem Flur, einem Schlafzimmer, einem Badezimmer <strong>mit Badewanne<\/strong> und einer voll ausgestatteten <strong>K\u00fcchenzeile<\/strong>. Hier finden Sie Geschirr und Besteck, Kochplatten und einen <strong>K\u00fchlschrank<\/strong>, der auch als Minibar dient. Mikrowelle ist auf Anfrage erh\u00e4ltlich!Die Betten (200\u00d7100 cm) im Zimmer k\u00f6nnen auf Wunsch leicht getrennt werden. Alle unsere Zimmer verf\u00fcgen \u00fcber einen <strong>Safe<\/strong>, Schr\u00e4nke, Nachttische, Nachttischlampen, Sessel mit kleinem Tisch und ein <strong>moderner LED-Fernseher mit digitalen Anschluss<\/strong>.<\/p>\n","protected":false},"excerpt":{"rendered":"<p>Das 30 m\u00b2 gro\u00dfe klimatisierte Economy Studio besteht aus einem Flur, einem Schlafzimmer, einem Badezimmer mit Badewanne und einer voll ausgestatteten K\u00fcchenzeile. Hier finden Sie Geschirr und Besteck, Kochplatten und einen K\u00fchlschrank, der auch als Minibar dient. Mikrowelle ist auf Anfrage erh\u00e4ltlich!Die Betten (200\u00d7100 cm) im Zimmer k\u00f6nnen auf Wunsch leicht getrennt werden. Alle unsere [&hellip;]<\/p>\n","protected":false},"author":120,"featured_media":0,"parent":235,"menu_order":1,"comment_status":"closed","ping_status":"closed","template":"template-single-room.php","meta":{"footnotes":""},"class_list":["post-275","page","type-page","status-publish","hentry"],"yoast_head":"<!-- This site is optimized with the Yoast SEO plugin v26.9 - https:\/\/yoast.com\/product\/yoast-seo-wordpress\/ -->\n<title>Economy studios - Hotel Charles<\/title>\n<meta name=\"robots\" content=\"index, follow, max-snippet:-1, max-image-preview:large, max-video-preview:-1\" \/>\n<link rel=\"canonical\" href=\"https:\/\/www.charleshotel.hu\/de\/unsere-zimmer\/economy-studio\/\" \/>\n<meta property=\"og:locale\" content=\"de_DE\" \/>\n<meta property=\"og:type\" content=\"article\" \/>\n<meta property=\"og:title\" content=\"Economy studios - Hotel Charles\" \/>\n<meta property=\"og:description\" content=\"Das 30 m\u00b2 gro\u00dfe klimatisierte Economy Studio besteht aus einem Flur, einem Schlafzimmer, einem Badezimmer mit Badewanne und einer voll ausgestatteten K\u00fcchenzeile. Hier finden Sie Geschirr und Besteck, Kochplatten und einen K\u00fchlschrank, der auch als Minibar dient. Mikrowelle ist auf Anfrage erh\u00e4ltlich!Die Betten (200\u00d7100 cm) im Zimmer k\u00f6nnen auf Wunsch leicht getrennt werden. Alle unsere [&hellip;]\" \/>\n<meta property=\"og:url\" content=\"https:\/\/www.charleshotel.hu\/de\/unsere-zimmer\/economy-studio\/\" \/>\n<meta property=\"og:site_name\" content=\"Hotel Charles\" \/>\n<meta property=\"article:modified_time\" content=\"2023-07-07T14:46:17+00:00\" \/>\n<meta name=\"twitter:card\" content=\"summary_large_image\" \/>\n<script type=\"application\/ld+json\" class=\"yoast-schema-graph\">{\"@context\":\"https:\/\/schema.org\",\"@graph\":[{\"@type\":\"WebPage\",\"@id\":\"https:\/\/www.charleshotel.hu\/de\/unsere-zimmer\/economy-studio\/\",\"url\":\"https:\/\/www.charleshotel.hu\/de\/unsere-zimmer\/economy-studio\/\",\"name\":\"Economy studios - Hotel Charles\",\"isPartOf\":{\"@id\":\"https:\/\/www.charleshotel.hu\/de\/#website\"},\"datePublished\":\"2020-03-05T09:46:20+00:00\",\"dateModified\":\"2023-07-07T14:46:17+00:00\",\"breadcrumb\":{\"@id\":\"https:\/\/www.charleshotel.hu\/de\/unsere-zimmer\/economy-studio\/#breadcrumb\"},\"inLanguage\":\"de-DE\",\"potentialAction\":[{\"@type\":\"ReadAction\",\"target\":[\"https:\/\/www.charleshotel.hu\/de\/unsere-zimmer\/economy-studio\/\"]}]},{\"@type\":\"BreadcrumbList\",\"@id\":\"https:\/\/www.charleshotel.hu\/de\/unsere-zimmer\/economy-studio\/#breadcrumb\",\"itemListElement\":[{\"@type\":\"ListItem\",\"position\":1,\"name\":\"Home\",\"item\":\"https:\/\/www.charleshotel.hu\/de\/\"},{\"@type\":\"ListItem\",\"position\":2,\"name\":\"Unsere Zimmer\",\"item\":\"https:\/\/www.charleshotel.hu\/de\/unsere-zimmer\/\"},{\"@type\":\"ListItem\",\"position\":3,\"name\":\"Economy studios\"}]},{\"@type\":\"WebSite\",\"@id\":\"https:\/\/www.charleshotel.hu\/de\/#website\",\"url\":\"https:\/\/www.charleshotel.hu\/de\/\",\"name\":\"Hotel Charles\",\"description\":\"Just another ms.decms.eu site\",\"potentialAction\":[{\"@type\":\"SearchAction\",\"target\":{\"@type\":\"EntryPoint\",\"urlTemplate\":\"https:\/\/www.charleshotel.hu\/de\/?s={search_term_string}\"},\"query-input\":{\"@type\":\"PropertyValueSpecification\",\"valueRequired\":true,\"valueName\":\"search_term_string\"}}],\"inLanguage\":\"de-DE\"}]}<\/script>\n<!-- \/ Yoast SEO plugin. -->","yoast_head_json":{"title":"Economy studios - Hotel Charles","robots":{"index":"index","follow":"follow","max-snippet":"max-snippet:-1","max-image-preview":"max-image-preview:large","max-video-preview":"max-video-preview:-1"},"canonical":"https:\/\/www.charleshotel.hu\/de\/unsere-zimmer\/economy-studio\/","og_locale":"de_DE","og_type":"article","og_title":"Economy studios - Hotel Charles","og_description":"Das 30 m\u00b2 gro\u00dfe klimatisierte Economy Studio besteht aus einem Flur, einem Schlafzimmer, einem Badezimmer mit Badewanne und einer voll ausgestatteten K\u00fcchenzeile. Hier finden Sie Geschirr und Besteck, Kochplatten und einen K\u00fchlschrank, der auch als Minibar dient. Mikrowelle ist auf Anfrage erh\u00e4ltlich!Die Betten (200\u00d7100 cm) im Zimmer k\u00f6nnen auf Wunsch leicht getrennt werden. Alle unsere [&hellip;]","og_url":"https:\/\/www.charleshotel.hu\/de\/unsere-zimmer\/economy-studio\/","og_site_name":"Hotel Charles","article_modified_time":"2023-07-07T14:46:17+00:00","twitter_card":"summary_large_image","schema":{"@context":"https:\/\/schema.org","@graph":[{"@type":"WebPage","@id":"https:\/\/www.charleshotel.hu\/de\/unsere-zimmer\/economy-studio\/","url":"https:\/\/www.charleshotel.hu\/de\/unsere-zimmer\/economy-studio\/","name":"Economy studios - Hotel Charles","isPartOf":{"@id":"https:\/\/www.charleshotel.hu\/de\/#website"},"datePublished":"2020-03-05T09:46:20+00:00","dateModified":"2023-07-07T14:46:17+00:00","breadcrumb":{"@id":"https:\/\/www.charleshotel.hu\/de\/unsere-zimmer\/economy-studio\/#breadcrumb"},"inLanguage":"de-DE","potentialAction":[{"@type":"ReadAction","target":["https:\/\/www.charleshotel.hu\/de\/unsere-zimmer\/economy-studio\/"]}]},{"@type":"BreadcrumbList","@id":"https:\/\/www.charleshotel.hu\/de\/unsere-zimmer\/economy-studio\/#breadcrumb","itemListElement":[{"@type":"ListItem","position":1,"name":"Home","item":"https:\/\/www.charleshotel.hu\/de\/"},{"@type":"ListItem","position":2,"name":"Unsere Zimmer","item":"https:\/\/www.charleshotel.hu\/de\/unsere-zimmer\/"},{"@type":"ListItem","position":3,"name":"Economy studios"}]},{"@type":"WebSite","@id":"https:\/\/www.charleshotel.hu\/de\/#website","url":"https:\/\/www.charleshotel.hu\/de\/","name":"Hotel Charles","description":"Just another ms.decms.eu site","potentialAction":[{"@type":"SearchAction","target":{"@type":"EntryPoint","urlTemplate":"https:\/\/www.charleshotel.hu\/de\/?s={search_term_string}"},"query-input":{"@type":"PropertyValueSpecification","valueRequired":true,"valueName":"search_term_string"}}],"inLanguage":"de-DE"}]}},"acf":[],"_links":{"self":[{"href":"https:\/\/www.charleshotel.hu\/de\/wp-json\/wp\/v2\/pages\/275","targetHints":{"allow":["GET"]}}],"collection":[{"href":"https:\/\/www.charleshotel.hu\/de\/wp-json\/wp\/v2\/pages"}],"about":[{"href":"https:\/\/www.charleshotel.hu\/de\/wp-json\/wp\/v2\/types\/page"}],"author":[{"embeddable":true,"href":"https:\/\/www.charleshotel.hu\/de\/wp-json\/wp\/v2\/users\/120"}],"replies":[{"embeddable":true,"href":"https:\/\/www.charleshotel.hu\/de\/wp-json\/wp\/v2\/comments?post=275"}],"version-history":[{"count":0,"href":"https:\/\/www.charleshotel.hu\/de\/wp-json\/wp\/v2\/pages\/275\/revisions"}],"up":[{"embeddable":true,"href":"https:\/\/www.charleshotel.hu\/de\/wp-json\/wp\/v2\/pages\/235"}],"wp:attachment":[{"href":"https:\/\/www.charleshotel.hu\/de\/wp-json\/wp\/v2\/media?parent=275"}],"curies":[{"name":"wp","href":"https:\/\/api.w.org\/{rel}","templated":true}]}}