{"id":263,"date":"2020-03-04T09:00:52","date_gmt":"2020-03-04T09:00:52","guid":{"rendered":"https:\/\/www.charleshotel.hu\/?page_id=263"},"modified":"2020-03-04T09:01:14","modified_gmt":"2020-03-04T09:01:14","slug":"myconcierge","status":"publish","type":"page","link":"https:\/\/www.charleshotel.hu\/de\/myconcierge\/","title":{"rendered":"MyCONCIERGE"},"content":{"rendered":"<p>Wir bem\u00fchen uns, <strong>unseren gesch\u00e4tzten G\u00e4sten<\/strong> den besten Service zu bieten, um ihren Aufenthalt im Hotel Charles zu einem unvergesslichen Erlebnis zu machen. Deshalb haben wir unseren <strong>neuen MyConcierge-Service erstellt.<\/strong> Wenn Sie Informationen \u00fcber die Stadt, die Sehensw\u00fcrdigkeiten, die Programmm\u00f6glichkeiten oder die Bestellung eines Taxis ben\u00f6tigen, tragen Sie Ihre Fragen und W\u00fcnsche einfach hier in das Feld ein und unsere Kollegen werden alles tun um sie so bald wie m\u00f6glich zu beantworten.<\/p>\n","protected":false},"excerpt":{"rendered":"<p>Wir bem\u00fchen uns, unseren gesch\u00e4tzten G\u00e4sten den besten Service zu bieten, um ihren Aufenthalt im Hotel Charles zu einem unvergesslichen Erlebnis zu machen. Deshalb haben wir unseren neuen MyConcierge-Service erstellt. Wenn Sie Informationen \u00fcber die Stadt, die Sehensw\u00fcrdigkeiten, die Programmm\u00f6glichkeiten oder die Bestellung eines Taxis ben\u00f6tigen, tragen Sie Ihre Fragen und W\u00fcnsche einfach hier in [&hellip;]<\/p>\n","protected":false},"author":120,"featured_media":0,"parent":0,"menu_order":8,"comment_status":"closed","ping_status":"closed","template":"","meta":{"footnotes":""},"class_list":["post-263","page","type-page","status-publish","hentry"],"yoast_head":"<!-- This site is optimized with the Yoast SEO plugin v26.9 - https:\/\/yoast.com\/product\/yoast-seo-wordpress\/ -->\n<title>MyCONCIERGE - Hotel Charles<\/title>\n<meta name=\"robots\" content=\"index, follow, max-snippet:-1, max-image-preview:large, max-video-preview:-1\" \/>\n<link rel=\"canonical\" href=\"https:\/\/www.charleshotel.hu\/de\/myconcierge\/\" \/>\n<meta property=\"og:locale\" content=\"de_DE\" \/>\n<meta property=\"og:type\" content=\"article\" \/>\n<meta property=\"og:title\" content=\"MyCONCIERGE - Hotel Charles\" \/>\n<meta property=\"og:description\" content=\"Wir bem\u00fchen uns, unseren gesch\u00e4tzten G\u00e4sten den besten Service zu bieten, um ihren Aufenthalt im Hotel Charles zu einem unvergesslichen Erlebnis zu machen. Deshalb haben wir unseren neuen MyConcierge-Service erstellt. Wenn Sie Informationen \u00fcber die Stadt, die Sehensw\u00fcrdigkeiten, die Programmm\u00f6glichkeiten oder die Bestellung eines Taxis ben\u00f6tigen, tragen Sie Ihre Fragen und W\u00fcnsche einfach hier in [&hellip;]\" \/>\n<meta property=\"og:url\" content=\"https:\/\/www.charleshotel.hu\/de\/myconcierge\/\" \/>\n<meta property=\"og:site_name\" content=\"Hotel Charles\" \/>\n<meta property=\"article:modified_time\" content=\"2020-03-04T09:01:14+00:00\" \/>\n<meta name=\"twitter:card\" content=\"summary_large_image\" \/>\n<script type=\"application\/ld+json\" class=\"yoast-schema-graph\">{\"@context\":\"https:\/\/schema.org\",\"@graph\":[{\"@type\":\"WebPage\",\"@id\":\"https:\/\/www.charleshotel.hu\/de\/myconcierge\/\",\"url\":\"https:\/\/www.charleshotel.hu\/de\/myconcierge\/\",\"name\":\"MyCONCIERGE - Hotel Charles\",\"isPartOf\":{\"@id\":\"https:\/\/www.charleshotel.hu\/de\/#website\"},\"datePublished\":\"2020-03-04T09:00:52+00:00\",\"dateModified\":\"2020-03-04T09:01:14+00:00\",\"breadcrumb\":{\"@id\":\"https:\/\/www.charleshotel.hu\/de\/myconcierge\/#breadcrumb\"},\"inLanguage\":\"de-DE\",\"potentialAction\":[{\"@type\":\"ReadAction\",\"target\":[\"https:\/\/www.charleshotel.hu\/de\/myconcierge\/\"]}]},{\"@type\":\"BreadcrumbList\",\"@id\":\"https:\/\/www.charleshotel.hu\/de\/myconcierge\/#breadcrumb\",\"itemListElement\":[{\"@type\":\"ListItem\",\"position\":1,\"name\":\"Home\",\"item\":\"https:\/\/www.charleshotel.hu\/de\/\"},{\"@type\":\"ListItem\",\"position\":2,\"name\":\"MyCONCIERGE\"}]},{\"@type\":\"WebSite\",\"@id\":\"https:\/\/www.charleshotel.hu\/de\/#website\",\"url\":\"https:\/\/www.charleshotel.hu\/de\/\",\"name\":\"Hotel Charles\",\"description\":\"Just another ms.decms.eu site\",\"potentialAction\":[{\"@type\":\"SearchAction\",\"target\":{\"@type\":\"EntryPoint\",\"urlTemplate\":\"https:\/\/www.charleshotel.hu\/de\/?s={search_term_string}\"},\"query-input\":{\"@type\":\"PropertyValueSpecification\",\"valueRequired\":true,\"valueName\":\"search_term_string\"}}],\"inLanguage\":\"de-DE\"}]}<\/script>\n<!-- \/ Yoast SEO plugin. -->","yoast_head_json":{"title":"MyCONCIERGE - Hotel Charles","robots":{"index":"index","follow":"follow","max-snippet":"max-snippet:-1","max-image-preview":"max-image-preview:large","max-video-preview":"max-video-preview:-1"},"canonical":"https:\/\/www.charleshotel.hu\/de\/myconcierge\/","og_locale":"de_DE","og_type":"article","og_title":"MyCONCIERGE - Hotel Charles","og_description":"Wir bem\u00fchen uns, unseren gesch\u00e4tzten G\u00e4sten den besten Service zu bieten, um ihren Aufenthalt im Hotel Charles zu einem unvergesslichen Erlebnis zu machen. Deshalb haben wir unseren neuen MyConcierge-Service erstellt. Wenn Sie Informationen \u00fcber die Stadt, die Sehensw\u00fcrdigkeiten, die Programmm\u00f6glichkeiten oder die Bestellung eines Taxis ben\u00f6tigen, tragen Sie Ihre Fragen und W\u00fcnsche einfach hier in [&hellip;]","og_url":"https:\/\/www.charleshotel.hu\/de\/myconcierge\/","og_site_name":"Hotel Charles","article_modified_time":"2020-03-04T09:01:14+00:00","twitter_card":"summary_large_image","schema":{"@context":"https:\/\/schema.org","@graph":[{"@type":"WebPage","@id":"https:\/\/www.charleshotel.hu\/de\/myconcierge\/","url":"https:\/\/www.charleshotel.hu\/de\/myconcierge\/","name":"MyCONCIERGE - Hotel Charles","isPartOf":{"@id":"https:\/\/www.charleshotel.hu\/de\/#website"},"datePublished":"2020-03-04T09:00:52+00:00","dateModified":"2020-03-04T09:01:14+00:00","breadcrumb":{"@id":"https:\/\/www.charleshotel.hu\/de\/myconcierge\/#breadcrumb"},"inLanguage":"de-DE","potentialAction":[{"@type":"ReadAction","target":["https:\/\/www.charleshotel.hu\/de\/myconcierge\/"]}]},{"@type":"BreadcrumbList","@id":"https:\/\/www.charleshotel.hu\/de\/myconcierge\/#breadcrumb","itemListElement":[{"@type":"ListItem","position":1,"name":"Home","item":"https:\/\/www.charleshotel.hu\/de\/"},{"@type":"ListItem","position":2,"name":"MyCONCIERGE"}]},{"@type":"WebSite","@id":"https:\/\/www.charleshotel.hu\/de\/#website","url":"https:\/\/www.charleshotel.hu\/de\/","name":"Hotel Charles","description":"Just another ms.decms.eu site","potentialAction":[{"@type":"SearchAction","target":{"@type":"EntryPoint","urlTemplate":"https:\/\/www.charleshotel.hu\/de\/?s={search_term_string}"},"query-input":{"@type":"PropertyValueSpecification","valueRequired":true,"valueName":"search_term_string"}}],"inLanguage":"de-DE"}]}},"acf":[],"_links":{"self":[{"href":"https:\/\/www.charleshotel.hu\/de\/wp-json\/wp\/v2\/pages\/263","targetHints":{"allow":["GET"]}}],"collection":[{"href":"https:\/\/www.charleshotel.hu\/de\/wp-json\/wp\/v2\/pages"}],"about":[{"href":"https:\/\/www.charleshotel.hu\/de\/wp-json\/wp\/v2\/types\/page"}],"author":[{"embeddable":true,"href":"https:\/\/www.charleshotel.hu\/de\/wp-json\/wp\/v2\/users\/120"}],"replies":[{"embeddable":true,"href":"https:\/\/www.charleshotel.hu\/de\/wp-json\/wp\/v2\/comments?post=263"}],"version-history":[{"count":0,"href":"https:\/\/www.charleshotel.hu\/de\/wp-json\/wp\/v2\/pages\/263\/revisions"}],"wp:attachment":[{"href":"https:\/\/www.charleshotel.hu\/de\/wp-json\/wp\/v2\/media?parent=263"}],"curies":[{"name":"wp","href":"https:\/\/api.w.org\/{rel}","templated":true}]}}