{"id":262,"date":"2020-03-04T08:56:19","date_gmt":"2020-03-04T08:56:19","guid":{"rendered":"https:\/\/www.charleshotel.hu\/?page_id=262"},"modified":"2024-03-18T13:58:35","modified_gmt":"2024-03-18T13:58:35","slug":"parken","status":"publish","type":"page","link":"https:\/\/www.charleshotel.hu\/de\/unsere-dienstleistungen\/parken\/","title":{"rendered":"Parkplatz"},"content":{"rendered":"<p>Unser Hotel befindet sich in einer Parkgeb\u00fchrenzone. Das Parken auf der Stra\u00dfe ist m\u00f6glich, indem Sie die Parkplatzgeb\u00fchr in der Parkuhr mit der aktuellen Tarif bezahlen.<br \/>\nWir bieten eine begrenzte Anzahl von Parkpl\u00e4tzen in unserem Hof an. Wenn Sie Ihre Auto hier parken m\u00f6chten, geben Sie dies bitte bei der Reservierung an!<br \/>\nUnser Parkplatz ist nicht bewacht, aber mit Kameras \u00fcberwacht!<\/p>\n<p>Die Parkplatzgeb\u00fchr betr\u00e4gt 16 EUR\/Auto\/Nacht.<\/p>\n","protected":false},"excerpt":{"rendered":"<p>Unser Hotel befindet sich in einer Parkgeb\u00fchrenzone. Das Parken auf der Stra\u00dfe ist m\u00f6glich, indem Sie die Parkplatzgeb\u00fchr in der Parkuhr mit der aktuellen Tarif bezahlen. Wir bieten eine begrenzte Anzahl von Parkpl\u00e4tzen in unserem Hof an. Wenn Sie Ihre Auto hier parken m\u00f6chten, geben Sie dies bitte bei der Reservierung an! Unser Parkplatz ist [&hellip;]<\/p>\n","protected":false},"author":120,"featured_media":0,"parent":247,"menu_order":9,"comment_status":"closed","ping_status":"closed","template":"","meta":{"footnotes":""},"class_list":["post-262","page","type-page","status-publish","hentry"],"yoast_head":"<!-- This site is optimized with the Yoast SEO plugin v26.9 - https:\/\/yoast.com\/product\/yoast-seo-wordpress\/ -->\n<title>Parkplatz - Hotel Charles<\/title>\n<meta name=\"robots\" content=\"index, follow, max-snippet:-1, max-image-preview:large, max-video-preview:-1\" \/>\n<link rel=\"canonical\" href=\"https:\/\/www.charleshotel.hu\/de\/unsere-dienstleistungen\/parken\/\" \/>\n<meta property=\"og:locale\" content=\"de_DE\" \/>\n<meta property=\"og:type\" content=\"article\" \/>\n<meta property=\"og:title\" content=\"Parkplatz - Hotel Charles\" \/>\n<meta property=\"og:description\" content=\"Unser Hotel befindet sich in einer Parkgeb\u00fchrenzone. Das Parken auf der Stra\u00dfe ist m\u00f6glich, indem Sie die Parkplatzgeb\u00fchr in der Parkuhr mit der aktuellen Tarif bezahlen. Wir bieten eine begrenzte Anzahl von Parkpl\u00e4tzen in unserem Hof an. Wenn Sie Ihre Auto hier parken m\u00f6chten, geben Sie dies bitte bei der Reservierung an! Unser Parkplatz ist [&hellip;]\" \/>\n<meta property=\"og:url\" content=\"https:\/\/www.charleshotel.hu\/de\/unsere-dienstleistungen\/parken\/\" \/>\n<meta property=\"og:site_name\" content=\"Hotel Charles\" \/>\n<meta property=\"article:modified_time\" content=\"2024-03-18T13:58:35+00:00\" \/>\n<meta name=\"twitter:card\" content=\"summary_large_image\" \/>\n<meta name=\"twitter:label1\" content=\"Gesch\u00e4tzte Lesezeit\" \/>\n\t<meta name=\"twitter:data1\" content=\"1 Minute\" \/>\n<script type=\"application\/ld+json\" class=\"yoast-schema-graph\">{\"@context\":\"https:\/\/schema.org\",\"@graph\":[{\"@type\":\"WebPage\",\"@id\":\"https:\/\/www.charleshotel.hu\/de\/unsere-dienstleistungen\/parken\/\",\"url\":\"https:\/\/www.charleshotel.hu\/de\/unsere-dienstleistungen\/parken\/\",\"name\":\"Parkplatz - Hotel Charles\",\"isPartOf\":{\"@id\":\"https:\/\/www.charleshotel.hu\/de\/#website\"},\"datePublished\":\"2020-03-04T08:56:19+00:00\",\"dateModified\":\"2024-03-18T13:58:35+00:00\",\"breadcrumb\":{\"@id\":\"https:\/\/www.charleshotel.hu\/de\/unsere-dienstleistungen\/parken\/#breadcrumb\"},\"inLanguage\":\"de-DE\",\"potentialAction\":[{\"@type\":\"ReadAction\",\"target\":[\"https:\/\/www.charleshotel.hu\/de\/unsere-dienstleistungen\/parken\/\"]}]},{\"@type\":\"BreadcrumbList\",\"@id\":\"https:\/\/www.charleshotel.hu\/de\/unsere-dienstleistungen\/parken\/#breadcrumb\",\"itemListElement\":[{\"@type\":\"ListItem\",\"position\":1,\"name\":\"Home\",\"item\":\"https:\/\/www.charleshotel.hu\/de\/\"},{\"@type\":\"ListItem\",\"position\":2,\"name\":\"Unsere Dienstleistungen\",\"item\":\"https:\/\/www.charleshotel.hu\/de\/unsere-dienstleistungen\/\"},{\"@type\":\"ListItem\",\"position\":3,\"name\":\"Parkplatz\"}]},{\"@type\":\"WebSite\",\"@id\":\"https:\/\/www.charleshotel.hu\/de\/#website\",\"url\":\"https:\/\/www.charleshotel.hu\/de\/\",\"name\":\"Hotel Charles\",\"description\":\"Just another ms.decms.eu site\",\"potentialAction\":[{\"@type\":\"SearchAction\",\"target\":{\"@type\":\"EntryPoint\",\"urlTemplate\":\"https:\/\/www.charleshotel.hu\/de\/?s={search_term_string}\"},\"query-input\":{\"@type\":\"PropertyValueSpecification\",\"valueRequired\":true,\"valueName\":\"search_term_string\"}}],\"inLanguage\":\"de-DE\"}]}<\/script>\n<!-- \/ Yoast SEO plugin. -->","yoast_head_json":{"title":"Parkplatz - Hotel Charles","robots":{"index":"index","follow":"follow","max-snippet":"max-snippet:-1","max-image-preview":"max-image-preview:large","max-video-preview":"max-video-preview:-1"},"canonical":"https:\/\/www.charleshotel.hu\/de\/unsere-dienstleistungen\/parken\/","og_locale":"de_DE","og_type":"article","og_title":"Parkplatz - Hotel Charles","og_description":"Unser Hotel befindet sich in einer Parkgeb\u00fchrenzone. Das Parken auf der Stra\u00dfe ist m\u00f6glich, indem Sie die Parkplatzgeb\u00fchr in der Parkuhr mit der aktuellen Tarif bezahlen. Wir bieten eine begrenzte Anzahl von Parkpl\u00e4tzen in unserem Hof an. Wenn Sie Ihre Auto hier parken m\u00f6chten, geben Sie dies bitte bei der Reservierung an! Unser Parkplatz ist [&hellip;]","og_url":"https:\/\/www.charleshotel.hu\/de\/unsere-dienstleistungen\/parken\/","og_site_name":"Hotel Charles","article_modified_time":"2024-03-18T13:58:35+00:00","twitter_card":"summary_large_image","twitter_misc":{"Gesch\u00e4tzte Lesezeit":"1 Minute"},"schema":{"@context":"https:\/\/schema.org","@graph":[{"@type":"WebPage","@id":"https:\/\/www.charleshotel.hu\/de\/unsere-dienstleistungen\/parken\/","url":"https:\/\/www.charleshotel.hu\/de\/unsere-dienstleistungen\/parken\/","name":"Parkplatz - Hotel Charles","isPartOf":{"@id":"https:\/\/www.charleshotel.hu\/de\/#website"},"datePublished":"2020-03-04T08:56:19+00:00","dateModified":"2024-03-18T13:58:35+00:00","breadcrumb":{"@id":"https:\/\/www.charleshotel.hu\/de\/unsere-dienstleistungen\/parken\/#breadcrumb"},"inLanguage":"de-DE","potentialAction":[{"@type":"ReadAction","target":["https:\/\/www.charleshotel.hu\/de\/unsere-dienstleistungen\/parken\/"]}]},{"@type":"BreadcrumbList","@id":"https:\/\/www.charleshotel.hu\/de\/unsere-dienstleistungen\/parken\/#breadcrumb","itemListElement":[{"@type":"ListItem","position":1,"name":"Home","item":"https:\/\/www.charleshotel.hu\/de\/"},{"@type":"ListItem","position":2,"name":"Unsere Dienstleistungen","item":"https:\/\/www.charleshotel.hu\/de\/unsere-dienstleistungen\/"},{"@type":"ListItem","position":3,"name":"Parkplatz"}]},{"@type":"WebSite","@id":"https:\/\/www.charleshotel.hu\/de\/#website","url":"https:\/\/www.charleshotel.hu\/de\/","name":"Hotel Charles","description":"Just another ms.decms.eu site","potentialAction":[{"@type":"SearchAction","target":{"@type":"EntryPoint","urlTemplate":"https:\/\/www.charleshotel.hu\/de\/?s={search_term_string}"},"query-input":{"@type":"PropertyValueSpecification","valueRequired":true,"valueName":"search_term_string"}}],"inLanguage":"de-DE"}]}},"acf":[],"_links":{"self":[{"href":"https:\/\/www.charleshotel.hu\/de\/wp-json\/wp\/v2\/pages\/262","targetHints":{"allow":["GET"]}}],"collection":[{"href":"https:\/\/www.charleshotel.hu\/de\/wp-json\/wp\/v2\/pages"}],"about":[{"href":"https:\/\/www.charleshotel.hu\/de\/wp-json\/wp\/v2\/types\/page"}],"author":[{"embeddable":true,"href":"https:\/\/www.charleshotel.hu\/de\/wp-json\/wp\/v2\/users\/120"}],"replies":[{"embeddable":true,"href":"https:\/\/www.charleshotel.hu\/de\/wp-json\/wp\/v2\/comments?post=262"}],"version-history":[{"count":0,"href":"https:\/\/www.charleshotel.hu\/de\/wp-json\/wp\/v2\/pages\/262\/revisions"}],"up":[{"embeddable":true,"href":"https:\/\/www.charleshotel.hu\/de\/wp-json\/wp\/v2\/pages\/247"}],"wp:attachment":[{"href":"https:\/\/www.charleshotel.hu\/de\/wp-json\/wp\/v2\/media?parent=262"}],"curies":[{"name":"wp","href":"https:\/\/api.w.org\/{rel}","templated":true}]}}