{"id":261,"date":"2020-03-04T08:55:10","date_gmt":"2020-03-04T08:55:10","guid":{"rendered":"https:\/\/www.charleshotel.hu\/?page_id=261"},"modified":"2022-06-09T08:09:03","modified_gmt":"2022-06-09T08:09:03","slug":"langfristige-zimmermiete","status":"publish","type":"page","link":"https:\/\/www.charleshotel.hu\/de\/unsere-dienstleistungen\/langfristige-zimmermiete\/","title":{"rendered":"Langfristige Zimmermiete"},"content":{"rendered":"<p>Unsere Zimmer sind ger\u00e4umig und alle mit K\u00fcchenzeile ausgestattet, damit also ideal f\u00fcr l\u00e4ngere Benutzung. Ab sofort ist es m\u00f6glich unsere Zimmer zu einem g\u00fcnstigen monatlichen Preis zu mieten.<br \/>\nSie k\u00f6nnen auch Ihre gew\u00fcnschten Dienstleistungen ausw\u00e4hlen! (z.B.: Zimmerreinigung, Bettw\u00e4sche\/Handt\u00fccher, Parkplatz, usw.) Sie finden unsere verschiedene Zimmerkategorien, wenn Sie auf das Men\u00fcpunkt Galerie\/Zimmer klicken. Wenn Sie den Maus auf das Bild bewegen, wird der Zimmrtyp angezeigt.<\/p>\n<p>Waschen- und Trocknenm\u00f6glichkeit ist auch vorhanden im obersten Stockwerck der Geb\u00e4ude!<\/p>\n<p>Eine Langzeitmiete ist nur mit Vertragsunterzeichnung m\u00f6glich und kann nur pers\u00f6nlich vereinbart werden. Bei Interesse bitte rufen Sie an:<br \/>\n+36-30-3313233<\/p>\n","protected":false},"excerpt":{"rendered":"<p>Unsere Zimmer sind ger\u00e4umig und alle mit K\u00fcchenzeile ausgestattet, damit also ideal f\u00fcr l\u00e4ngere Benutzung. Ab sofort ist es m\u00f6glich unsere Zimmer zu einem g\u00fcnstigen monatlichen Preis zu mieten. Sie k\u00f6nnen auch Ihre gew\u00fcnschten Dienstleistungen ausw\u00e4hlen! (z.B.: Zimmerreinigung, Bettw\u00e4sche\/Handt\u00fccher, Parkplatz, usw.) Sie finden unsere verschiedene Zimmerkategorien, wenn Sie auf das Men\u00fcpunkt Galerie\/Zimmer klicken. Wenn Sie [&hellip;]<\/p>\n","protected":false},"author":120,"featured_media":0,"parent":247,"menu_order":8,"comment_status":"closed","ping_status":"closed","template":"","meta":{"footnotes":""},"class_list":["post-261","page","type-page","status-publish","hentry"],"yoast_head":"<!-- This site is optimized with the Yoast SEO plugin v26.9 - https:\/\/yoast.com\/product\/yoast-seo-wordpress\/ -->\n<title>Langfristige Zimmermiete - Hotel Charles<\/title>\n<meta name=\"robots\" content=\"index, follow, max-snippet:-1, max-image-preview:large, max-video-preview:-1\" \/>\n<link rel=\"canonical\" href=\"https:\/\/www.charleshotel.hu\/de\/unsere-dienstleistungen\/langfristige-zimmermiete\/\" \/>\n<meta property=\"og:locale\" content=\"de_DE\" \/>\n<meta property=\"og:type\" content=\"article\" \/>\n<meta property=\"og:title\" content=\"Langfristige Zimmermiete - Hotel Charles\" \/>\n<meta property=\"og:description\" content=\"Unsere Zimmer sind ger\u00e4umig und alle mit K\u00fcchenzeile ausgestattet, damit also ideal f\u00fcr l\u00e4ngere Benutzung. Ab sofort ist es m\u00f6glich unsere Zimmer zu einem g\u00fcnstigen monatlichen Preis zu mieten. Sie k\u00f6nnen auch Ihre gew\u00fcnschten Dienstleistungen ausw\u00e4hlen! (z.B.: Zimmerreinigung, Bettw\u00e4sche\/Handt\u00fccher, Parkplatz, usw.) Sie finden unsere verschiedene Zimmerkategorien, wenn Sie auf das Men\u00fcpunkt Galerie\/Zimmer klicken. Wenn Sie [&hellip;]\" \/>\n<meta property=\"og:url\" content=\"https:\/\/www.charleshotel.hu\/de\/unsere-dienstleistungen\/langfristige-zimmermiete\/\" \/>\n<meta property=\"og:site_name\" content=\"Hotel Charles\" \/>\n<meta property=\"article:modified_time\" content=\"2022-06-09T08:09:03+00:00\" \/>\n<meta name=\"twitter:card\" content=\"summary_large_image\" \/>\n<meta name=\"twitter:label1\" content=\"Gesch\u00e4tzte Lesezeit\" \/>\n\t<meta name=\"twitter:data1\" content=\"1 Minute\" \/>\n<script type=\"application\/ld+json\" class=\"yoast-schema-graph\">{\"@context\":\"https:\/\/schema.org\",\"@graph\":[{\"@type\":\"WebPage\",\"@id\":\"https:\/\/www.charleshotel.hu\/de\/unsere-dienstleistungen\/langfristige-zimmermiete\/\",\"url\":\"https:\/\/www.charleshotel.hu\/de\/unsere-dienstleistungen\/langfristige-zimmermiete\/\",\"name\":\"Langfristige Zimmermiete - Hotel Charles\",\"isPartOf\":{\"@id\":\"https:\/\/www.charleshotel.hu\/de\/#website\"},\"datePublished\":\"2020-03-04T08:55:10+00:00\",\"dateModified\":\"2022-06-09T08:09:03+00:00\",\"breadcrumb\":{\"@id\":\"https:\/\/www.charleshotel.hu\/de\/unsere-dienstleistungen\/langfristige-zimmermiete\/#breadcrumb\"},\"inLanguage\":\"de-DE\",\"potentialAction\":[{\"@type\":\"ReadAction\",\"target\":[\"https:\/\/www.charleshotel.hu\/de\/unsere-dienstleistungen\/langfristige-zimmermiete\/\"]}]},{\"@type\":\"BreadcrumbList\",\"@id\":\"https:\/\/www.charleshotel.hu\/de\/unsere-dienstleistungen\/langfristige-zimmermiete\/#breadcrumb\",\"itemListElement\":[{\"@type\":\"ListItem\",\"position\":1,\"name\":\"Home\",\"item\":\"https:\/\/www.charleshotel.hu\/de\/\"},{\"@type\":\"ListItem\",\"position\":2,\"name\":\"Unsere Dienstleistungen\",\"item\":\"https:\/\/www.charleshotel.hu\/de\/unsere-dienstleistungen\/\"},{\"@type\":\"ListItem\",\"position\":3,\"name\":\"Langfristige Zimmermiete\"}]},{\"@type\":\"WebSite\",\"@id\":\"https:\/\/www.charleshotel.hu\/de\/#website\",\"url\":\"https:\/\/www.charleshotel.hu\/de\/\",\"name\":\"Hotel Charles\",\"description\":\"Just another ms.decms.eu site\",\"potentialAction\":[{\"@type\":\"SearchAction\",\"target\":{\"@type\":\"EntryPoint\",\"urlTemplate\":\"https:\/\/www.charleshotel.hu\/de\/?s={search_term_string}\"},\"query-input\":{\"@type\":\"PropertyValueSpecification\",\"valueRequired\":true,\"valueName\":\"search_term_string\"}}],\"inLanguage\":\"de-DE\"}]}<\/script>\n<!-- \/ Yoast SEO plugin. -->","yoast_head_json":{"title":"Langfristige Zimmermiete - Hotel Charles","robots":{"index":"index","follow":"follow","max-snippet":"max-snippet:-1","max-image-preview":"max-image-preview:large","max-video-preview":"max-video-preview:-1"},"canonical":"https:\/\/www.charleshotel.hu\/de\/unsere-dienstleistungen\/langfristige-zimmermiete\/","og_locale":"de_DE","og_type":"article","og_title":"Langfristige Zimmermiete - Hotel Charles","og_description":"Unsere Zimmer sind ger\u00e4umig und alle mit K\u00fcchenzeile ausgestattet, damit also ideal f\u00fcr l\u00e4ngere Benutzung. Ab sofort ist es m\u00f6glich unsere Zimmer zu einem g\u00fcnstigen monatlichen Preis zu mieten. Sie k\u00f6nnen auch Ihre gew\u00fcnschten Dienstleistungen ausw\u00e4hlen! (z.B.: Zimmerreinigung, Bettw\u00e4sche\/Handt\u00fccher, Parkplatz, usw.) Sie finden unsere verschiedene Zimmerkategorien, wenn Sie auf das Men\u00fcpunkt Galerie\/Zimmer klicken. Wenn Sie [&hellip;]","og_url":"https:\/\/www.charleshotel.hu\/de\/unsere-dienstleistungen\/langfristige-zimmermiete\/","og_site_name":"Hotel Charles","article_modified_time":"2022-06-09T08:09:03+00:00","twitter_card":"summary_large_image","twitter_misc":{"Gesch\u00e4tzte Lesezeit":"1 Minute"},"schema":{"@context":"https:\/\/schema.org","@graph":[{"@type":"WebPage","@id":"https:\/\/www.charleshotel.hu\/de\/unsere-dienstleistungen\/langfristige-zimmermiete\/","url":"https:\/\/www.charleshotel.hu\/de\/unsere-dienstleistungen\/langfristige-zimmermiete\/","name":"Langfristige Zimmermiete - Hotel Charles","isPartOf":{"@id":"https:\/\/www.charleshotel.hu\/de\/#website"},"datePublished":"2020-03-04T08:55:10+00:00","dateModified":"2022-06-09T08:09:03+00:00","breadcrumb":{"@id":"https:\/\/www.charleshotel.hu\/de\/unsere-dienstleistungen\/langfristige-zimmermiete\/#breadcrumb"},"inLanguage":"de-DE","potentialAction":[{"@type":"ReadAction","target":["https:\/\/www.charleshotel.hu\/de\/unsere-dienstleistungen\/langfristige-zimmermiete\/"]}]},{"@type":"BreadcrumbList","@id":"https:\/\/www.charleshotel.hu\/de\/unsere-dienstleistungen\/langfristige-zimmermiete\/#breadcrumb","itemListElement":[{"@type":"ListItem","position":1,"name":"Home","item":"https:\/\/www.charleshotel.hu\/de\/"},{"@type":"ListItem","position":2,"name":"Unsere Dienstleistungen","item":"https:\/\/www.charleshotel.hu\/de\/unsere-dienstleistungen\/"},{"@type":"ListItem","position":3,"name":"Langfristige Zimmermiete"}]},{"@type":"WebSite","@id":"https:\/\/www.charleshotel.hu\/de\/#website","url":"https:\/\/www.charleshotel.hu\/de\/","name":"Hotel Charles","description":"Just another ms.decms.eu site","potentialAction":[{"@type":"SearchAction","target":{"@type":"EntryPoint","urlTemplate":"https:\/\/www.charleshotel.hu\/de\/?s={search_term_string}"},"query-input":{"@type":"PropertyValueSpecification","valueRequired":true,"valueName":"search_term_string"}}],"inLanguage":"de-DE"}]}},"acf":[],"_links":{"self":[{"href":"https:\/\/www.charleshotel.hu\/de\/wp-json\/wp\/v2\/pages\/261","targetHints":{"allow":["GET"]}}],"collection":[{"href":"https:\/\/www.charleshotel.hu\/de\/wp-json\/wp\/v2\/pages"}],"about":[{"href":"https:\/\/www.charleshotel.hu\/de\/wp-json\/wp\/v2\/types\/page"}],"author":[{"embeddable":true,"href":"https:\/\/www.charleshotel.hu\/de\/wp-json\/wp\/v2\/users\/120"}],"replies":[{"embeddable":true,"href":"https:\/\/www.charleshotel.hu\/de\/wp-json\/wp\/v2\/comments?post=261"}],"version-history":[{"count":0,"href":"https:\/\/www.charleshotel.hu\/de\/wp-json\/wp\/v2\/pages\/261\/revisions"}],"up":[{"embeddable":true,"href":"https:\/\/www.charleshotel.hu\/de\/wp-json\/wp\/v2\/pages\/247"}],"wp:attachment":[{"href":"https:\/\/www.charleshotel.hu\/de\/wp-json\/wp\/v2\/media?parent=261"}],"curies":[{"name":"wp","href":"https:\/\/api.w.org\/{rel}","templated":true}]}}