{"id":255,"date":"2020-03-04T08:14:50","date_gmt":"2020-03-04T08:14:50","guid":{"rendered":"https:\/\/www.charleshotel.hu\/?page_id=255"},"modified":"2020-03-04T08:35:36","modified_gmt":"2020-03-04T08:35:36","slug":"tierfreundlich","status":"publish","type":"page","link":"https:\/\/www.charleshotel.hu\/de\/unsere-dienstleistungen\/tierfreundlich\/","title":{"rendered":"Tierfreundlich"},"content":{"rendered":"<p>Als haustierfreundliches Hotel freuen wir uns immer, auch Ihre haarigen Freunde willkommen zu hei\u00dfen, gegen einen Aufpreis von 13-15 Euro \/ Tier \/ Nacht, je nachdem, welchen Weg Sie f\u00fcr Ihre Reservierung benutzt haben.<\/p>\n<p>Es gibt jedoch einige einfache Regeln, die alle G\u00e4ste akzeptieren sollten, die mit einem Haustier anreisen, wobei auch der angenehme Aufenthalt der anderen Hotelg\u00e4ste zu ber\u00fccksichtigen ist.<\/p>\n<p>Am wichtigsten ist es, dass wir nur maximal 2 Haustiere \/ Zimmer unterbringen k\u00f6nnen. Die detaillierten Regeln finden Sie in <strong>den Hausregeln<\/strong>, die in jedem Zimmer und auch auf der Website zu finden sind.<\/p>\n","protected":false},"excerpt":{"rendered":"<p>Als haustierfreundliches Hotel freuen wir uns immer, auch Ihre haarigen Freunde willkommen zu hei\u00dfen, gegen einen Aufpreis von 13-15 Euro \/ Tier \/ Nacht, je nachdem, welchen Weg Sie f\u00fcr Ihre Reservierung benutzt haben. Es gibt jedoch einige einfache Regeln, die alle G\u00e4ste akzeptieren sollten, die mit einem Haustier anreisen, wobei auch der angenehme Aufenthalt [&hellip;]<\/p>\n","protected":false},"author":120,"featured_media":0,"parent":247,"menu_order":7,"comment_status":"closed","ping_status":"closed","template":"","meta":{"footnotes":""},"class_list":["post-255","page","type-page","status-publish","hentry"],"yoast_head":"<!-- This site is optimized with the Yoast SEO plugin v26.9 - https:\/\/yoast.com\/product\/yoast-seo-wordpress\/ -->\n<title>Tierfreundlich - Hotel Charles<\/title>\n<meta name=\"robots\" content=\"index, follow, max-snippet:-1, max-image-preview:large, max-video-preview:-1\" \/>\n<link rel=\"canonical\" href=\"https:\/\/www.charleshotel.hu\/de\/unsere-dienstleistungen\/tierfreundlich\/\" \/>\n<meta property=\"og:locale\" content=\"de_DE\" \/>\n<meta property=\"og:type\" content=\"article\" \/>\n<meta property=\"og:title\" content=\"Tierfreundlich - Hotel Charles\" \/>\n<meta property=\"og:description\" content=\"Als haustierfreundliches Hotel freuen wir uns immer, auch Ihre haarigen Freunde willkommen zu hei\u00dfen, gegen einen Aufpreis von 13-15 Euro \/ Tier \/ Nacht, je nachdem, welchen Weg Sie f\u00fcr Ihre Reservierung benutzt haben. Es gibt jedoch einige einfache Regeln, die alle G\u00e4ste akzeptieren sollten, die mit einem Haustier anreisen, wobei auch der angenehme Aufenthalt [&hellip;]\" \/>\n<meta property=\"og:url\" content=\"https:\/\/www.charleshotel.hu\/de\/unsere-dienstleistungen\/tierfreundlich\/\" \/>\n<meta property=\"og:site_name\" content=\"Hotel Charles\" \/>\n<meta property=\"article:modified_time\" content=\"2020-03-04T08:35:36+00:00\" \/>\n<meta name=\"twitter:card\" content=\"summary_large_image\" \/>\n<script type=\"application\/ld+json\" class=\"yoast-schema-graph\">{\"@context\":\"https:\/\/schema.org\",\"@graph\":[{\"@type\":\"WebPage\",\"@id\":\"https:\/\/www.charleshotel.hu\/de\/unsere-dienstleistungen\/tierfreundlich\/\",\"url\":\"https:\/\/www.charleshotel.hu\/de\/unsere-dienstleistungen\/tierfreundlich\/\",\"name\":\"Tierfreundlich - Hotel Charles\",\"isPartOf\":{\"@id\":\"https:\/\/www.charleshotel.hu\/de\/#website\"},\"datePublished\":\"2020-03-04T08:14:50+00:00\",\"dateModified\":\"2020-03-04T08:35:36+00:00\",\"breadcrumb\":{\"@id\":\"https:\/\/www.charleshotel.hu\/de\/unsere-dienstleistungen\/tierfreundlich\/#breadcrumb\"},\"inLanguage\":\"de-DE\",\"potentialAction\":[{\"@type\":\"ReadAction\",\"target\":[\"https:\/\/www.charleshotel.hu\/de\/unsere-dienstleistungen\/tierfreundlich\/\"]}]},{\"@type\":\"BreadcrumbList\",\"@id\":\"https:\/\/www.charleshotel.hu\/de\/unsere-dienstleistungen\/tierfreundlich\/#breadcrumb\",\"itemListElement\":[{\"@type\":\"ListItem\",\"position\":1,\"name\":\"Home\",\"item\":\"https:\/\/www.charleshotel.hu\/de\/\"},{\"@type\":\"ListItem\",\"position\":2,\"name\":\"Unsere Dienstleistungen\",\"item\":\"https:\/\/www.charleshotel.hu\/de\/unsere-dienstleistungen\/\"},{\"@type\":\"ListItem\",\"position\":3,\"name\":\"Tierfreundlich\"}]},{\"@type\":\"WebSite\",\"@id\":\"https:\/\/www.charleshotel.hu\/de\/#website\",\"url\":\"https:\/\/www.charleshotel.hu\/de\/\",\"name\":\"Hotel Charles\",\"description\":\"Just another ms.decms.eu site\",\"potentialAction\":[{\"@type\":\"SearchAction\",\"target\":{\"@type\":\"EntryPoint\",\"urlTemplate\":\"https:\/\/www.charleshotel.hu\/de\/?s={search_term_string}\"},\"query-input\":{\"@type\":\"PropertyValueSpecification\",\"valueRequired\":true,\"valueName\":\"search_term_string\"}}],\"inLanguage\":\"de-DE\"}]}<\/script>\n<!-- \/ Yoast SEO plugin. -->","yoast_head_json":{"title":"Tierfreundlich - Hotel Charles","robots":{"index":"index","follow":"follow","max-snippet":"max-snippet:-1","max-image-preview":"max-image-preview:large","max-video-preview":"max-video-preview:-1"},"canonical":"https:\/\/www.charleshotel.hu\/de\/unsere-dienstleistungen\/tierfreundlich\/","og_locale":"de_DE","og_type":"article","og_title":"Tierfreundlich - Hotel Charles","og_description":"Als haustierfreundliches Hotel freuen wir uns immer, auch Ihre haarigen Freunde willkommen zu hei\u00dfen, gegen einen Aufpreis von 13-15 Euro \/ Tier \/ Nacht, je nachdem, welchen Weg Sie f\u00fcr Ihre Reservierung benutzt haben. Es gibt jedoch einige einfache Regeln, die alle G\u00e4ste akzeptieren sollten, die mit einem Haustier anreisen, wobei auch der angenehme Aufenthalt [&hellip;]","og_url":"https:\/\/www.charleshotel.hu\/de\/unsere-dienstleistungen\/tierfreundlich\/","og_site_name":"Hotel Charles","article_modified_time":"2020-03-04T08:35:36+00:00","twitter_card":"summary_large_image","schema":{"@context":"https:\/\/schema.org","@graph":[{"@type":"WebPage","@id":"https:\/\/www.charleshotel.hu\/de\/unsere-dienstleistungen\/tierfreundlich\/","url":"https:\/\/www.charleshotel.hu\/de\/unsere-dienstleistungen\/tierfreundlich\/","name":"Tierfreundlich - Hotel Charles","isPartOf":{"@id":"https:\/\/www.charleshotel.hu\/de\/#website"},"datePublished":"2020-03-04T08:14:50+00:00","dateModified":"2020-03-04T08:35:36+00:00","breadcrumb":{"@id":"https:\/\/www.charleshotel.hu\/de\/unsere-dienstleistungen\/tierfreundlich\/#breadcrumb"},"inLanguage":"de-DE","potentialAction":[{"@type":"ReadAction","target":["https:\/\/www.charleshotel.hu\/de\/unsere-dienstleistungen\/tierfreundlich\/"]}]},{"@type":"BreadcrumbList","@id":"https:\/\/www.charleshotel.hu\/de\/unsere-dienstleistungen\/tierfreundlich\/#breadcrumb","itemListElement":[{"@type":"ListItem","position":1,"name":"Home","item":"https:\/\/www.charleshotel.hu\/de\/"},{"@type":"ListItem","position":2,"name":"Unsere Dienstleistungen","item":"https:\/\/www.charleshotel.hu\/de\/unsere-dienstleistungen\/"},{"@type":"ListItem","position":3,"name":"Tierfreundlich"}]},{"@type":"WebSite","@id":"https:\/\/www.charleshotel.hu\/de\/#website","url":"https:\/\/www.charleshotel.hu\/de\/","name":"Hotel Charles","description":"Just another ms.decms.eu site","potentialAction":[{"@type":"SearchAction","target":{"@type":"EntryPoint","urlTemplate":"https:\/\/www.charleshotel.hu\/de\/?s={search_term_string}"},"query-input":{"@type":"PropertyValueSpecification","valueRequired":true,"valueName":"search_term_string"}}],"inLanguage":"de-DE"}]}},"acf":[],"_links":{"self":[{"href":"https:\/\/www.charleshotel.hu\/de\/wp-json\/wp\/v2\/pages\/255","targetHints":{"allow":["GET"]}}],"collection":[{"href":"https:\/\/www.charleshotel.hu\/de\/wp-json\/wp\/v2\/pages"}],"about":[{"href":"https:\/\/www.charleshotel.hu\/de\/wp-json\/wp\/v2\/types\/page"}],"author":[{"embeddable":true,"href":"https:\/\/www.charleshotel.hu\/de\/wp-json\/wp\/v2\/users\/120"}],"replies":[{"embeddable":true,"href":"https:\/\/www.charleshotel.hu\/de\/wp-json\/wp\/v2\/comments?post=255"}],"version-history":[{"count":0,"href":"https:\/\/www.charleshotel.hu\/de\/wp-json\/wp\/v2\/pages\/255\/revisions"}],"up":[{"embeddable":true,"href":"https:\/\/www.charleshotel.hu\/de\/wp-json\/wp\/v2\/pages\/247"}],"wp:attachment":[{"href":"https:\/\/www.charleshotel.hu\/de\/wp-json\/wp\/v2\/media?parent=255"}],"curies":[{"name":"wp","href":"https:\/\/api.w.org\/{rel}","templated":true}]}}