{"id":250,"date":"2020-03-04T08:00:10","date_gmt":"2020-03-04T08:00:10","guid":{"rendered":"https:\/\/www.charleshotel.hu\/?page_id=250"},"modified":"2020-03-04T08:00:10","modified_gmt":"2020-03-04T08:00:10","slug":"concierge","status":"publish","type":"page","link":"https:\/\/www.charleshotel.hu\/de\/unsere-dienstleistungen\/concierge\/","title":{"rendered":"Concierge"},"content":{"rendered":"<p>Unser engagiertes und mehrsprachiges Personal an der Rezeption ist <strong>von 0:00 bis 24:00<\/strong> Uhr f\u00fcr Sie da. Sollten Sie Fragen haben, die nicht speziell mit Ihrem Aufenthalt zusammenh\u00e4ngen, stehen Ihnen die Kollgen gerne mit Informationen \u00fcber die Stadt, Sehensw\u00fcrdigkeiten und \u00f6ffentlichen Verkehrsmittel zur Verf\u00fcgung. Sie k\u00f6nnen auch Programme f\u00fcr Sie empfehlen und buchen. Wenn Sie ein Taxi bestellen m\u00f6chten, kann es auch f\u00fcr Sie arrangiert werden.<\/p>\n","protected":false},"excerpt":{"rendered":"<p>Unser engagiertes und mehrsprachiges Personal an der Rezeption ist von 0:00 bis 24:00 Uhr f\u00fcr Sie da. Sollten Sie Fragen haben, die nicht speziell mit Ihrem Aufenthalt zusammenh\u00e4ngen, stehen Ihnen die Kollgen gerne mit Informationen \u00fcber die Stadt, Sehensw\u00fcrdigkeiten und \u00f6ffentlichen Verkehrsmittel zur Verf\u00fcgung. Sie k\u00f6nnen auch Programme f\u00fcr Sie empfehlen und buchen. Wenn Sie [&hellip;]<\/p>\n","protected":false},"author":120,"featured_media":0,"parent":247,"menu_order":3,"comment_status":"closed","ping_status":"closed","template":"","meta":{"footnotes":""},"class_list":["post-250","page","type-page","status-publish","hentry"],"yoast_head":"<!-- This site is optimized with the Yoast SEO plugin v26.9 - https:\/\/yoast.com\/product\/yoast-seo-wordpress\/ -->\n<title>Concierge - Hotel Charles<\/title>\n<meta name=\"robots\" content=\"index, follow, max-snippet:-1, max-image-preview:large, max-video-preview:-1\" \/>\n<link rel=\"canonical\" href=\"https:\/\/www.charleshotel.hu\/de\/unsere-dienstleistungen\/concierge\/\" \/>\n<meta property=\"og:locale\" content=\"de_DE\" \/>\n<meta property=\"og:type\" content=\"article\" \/>\n<meta property=\"og:title\" content=\"Concierge - Hotel Charles\" \/>\n<meta property=\"og:description\" content=\"Unser engagiertes und mehrsprachiges Personal an der Rezeption ist von 0:00 bis 24:00 Uhr f\u00fcr Sie da. Sollten Sie Fragen haben, die nicht speziell mit Ihrem Aufenthalt zusammenh\u00e4ngen, stehen Ihnen die Kollgen gerne mit Informationen \u00fcber die Stadt, Sehensw\u00fcrdigkeiten und \u00f6ffentlichen Verkehrsmittel zur Verf\u00fcgung. Sie k\u00f6nnen auch Programme f\u00fcr Sie empfehlen und buchen. Wenn Sie [&hellip;]\" \/>\n<meta property=\"og:url\" content=\"https:\/\/www.charleshotel.hu\/de\/unsere-dienstleistungen\/concierge\/\" \/>\n<meta property=\"og:site_name\" content=\"Hotel Charles\" \/>\n<meta name=\"twitter:card\" content=\"summary_large_image\" \/>\n<script type=\"application\/ld+json\" class=\"yoast-schema-graph\">{\"@context\":\"https:\/\/schema.org\",\"@graph\":[{\"@type\":\"WebPage\",\"@id\":\"https:\/\/www.charleshotel.hu\/de\/unsere-dienstleistungen\/concierge\/\",\"url\":\"https:\/\/www.charleshotel.hu\/de\/unsere-dienstleistungen\/concierge\/\",\"name\":\"Concierge - Hotel Charles\",\"isPartOf\":{\"@id\":\"https:\/\/www.charleshotel.hu\/de\/#website\"},\"datePublished\":\"2020-03-04T08:00:10+00:00\",\"breadcrumb\":{\"@id\":\"https:\/\/www.charleshotel.hu\/de\/unsere-dienstleistungen\/concierge\/#breadcrumb\"},\"inLanguage\":\"de-DE\",\"potentialAction\":[{\"@type\":\"ReadAction\",\"target\":[\"https:\/\/www.charleshotel.hu\/de\/unsere-dienstleistungen\/concierge\/\"]}]},{\"@type\":\"BreadcrumbList\",\"@id\":\"https:\/\/www.charleshotel.hu\/de\/unsere-dienstleistungen\/concierge\/#breadcrumb\",\"itemListElement\":[{\"@type\":\"ListItem\",\"position\":1,\"name\":\"Home\",\"item\":\"https:\/\/www.charleshotel.hu\/de\/\"},{\"@type\":\"ListItem\",\"position\":2,\"name\":\"Unsere Dienstleistungen\",\"item\":\"https:\/\/www.charleshotel.hu\/de\/unsere-dienstleistungen\/\"},{\"@type\":\"ListItem\",\"position\":3,\"name\":\"Concierge\"}]},{\"@type\":\"WebSite\",\"@id\":\"https:\/\/www.charleshotel.hu\/de\/#website\",\"url\":\"https:\/\/www.charleshotel.hu\/de\/\",\"name\":\"Hotel Charles\",\"description\":\"Just another ms.decms.eu site\",\"potentialAction\":[{\"@type\":\"SearchAction\",\"target\":{\"@type\":\"EntryPoint\",\"urlTemplate\":\"https:\/\/www.charleshotel.hu\/de\/?s={search_term_string}\"},\"query-input\":{\"@type\":\"PropertyValueSpecification\",\"valueRequired\":true,\"valueName\":\"search_term_string\"}}],\"inLanguage\":\"de-DE\"}]}<\/script>\n<!-- \/ Yoast SEO plugin. -->","yoast_head_json":{"title":"Concierge - Hotel Charles","robots":{"index":"index","follow":"follow","max-snippet":"max-snippet:-1","max-image-preview":"max-image-preview:large","max-video-preview":"max-video-preview:-1"},"canonical":"https:\/\/www.charleshotel.hu\/de\/unsere-dienstleistungen\/concierge\/","og_locale":"de_DE","og_type":"article","og_title":"Concierge - Hotel Charles","og_description":"Unser engagiertes und mehrsprachiges Personal an der Rezeption ist von 0:00 bis 24:00 Uhr f\u00fcr Sie da. Sollten Sie Fragen haben, die nicht speziell mit Ihrem Aufenthalt zusammenh\u00e4ngen, stehen Ihnen die Kollgen gerne mit Informationen \u00fcber die Stadt, Sehensw\u00fcrdigkeiten und \u00f6ffentlichen Verkehrsmittel zur Verf\u00fcgung. Sie k\u00f6nnen auch Programme f\u00fcr Sie empfehlen und buchen. Wenn Sie [&hellip;]","og_url":"https:\/\/www.charleshotel.hu\/de\/unsere-dienstleistungen\/concierge\/","og_site_name":"Hotel Charles","twitter_card":"summary_large_image","schema":{"@context":"https:\/\/schema.org","@graph":[{"@type":"WebPage","@id":"https:\/\/www.charleshotel.hu\/de\/unsere-dienstleistungen\/concierge\/","url":"https:\/\/www.charleshotel.hu\/de\/unsere-dienstleistungen\/concierge\/","name":"Concierge - Hotel Charles","isPartOf":{"@id":"https:\/\/www.charleshotel.hu\/de\/#website"},"datePublished":"2020-03-04T08:00:10+00:00","breadcrumb":{"@id":"https:\/\/www.charleshotel.hu\/de\/unsere-dienstleistungen\/concierge\/#breadcrumb"},"inLanguage":"de-DE","potentialAction":[{"@type":"ReadAction","target":["https:\/\/www.charleshotel.hu\/de\/unsere-dienstleistungen\/concierge\/"]}]},{"@type":"BreadcrumbList","@id":"https:\/\/www.charleshotel.hu\/de\/unsere-dienstleistungen\/concierge\/#breadcrumb","itemListElement":[{"@type":"ListItem","position":1,"name":"Home","item":"https:\/\/www.charleshotel.hu\/de\/"},{"@type":"ListItem","position":2,"name":"Unsere Dienstleistungen","item":"https:\/\/www.charleshotel.hu\/de\/unsere-dienstleistungen\/"},{"@type":"ListItem","position":3,"name":"Concierge"}]},{"@type":"WebSite","@id":"https:\/\/www.charleshotel.hu\/de\/#website","url":"https:\/\/www.charleshotel.hu\/de\/","name":"Hotel Charles","description":"Just another ms.decms.eu site","potentialAction":[{"@type":"SearchAction","target":{"@type":"EntryPoint","urlTemplate":"https:\/\/www.charleshotel.hu\/de\/?s={search_term_string}"},"query-input":{"@type":"PropertyValueSpecification","valueRequired":true,"valueName":"search_term_string"}}],"inLanguage":"de-DE"}]}},"acf":[],"_links":{"self":[{"href":"https:\/\/www.charleshotel.hu\/de\/wp-json\/wp\/v2\/pages\/250","targetHints":{"allow":["GET"]}}],"collection":[{"href":"https:\/\/www.charleshotel.hu\/de\/wp-json\/wp\/v2\/pages"}],"about":[{"href":"https:\/\/www.charleshotel.hu\/de\/wp-json\/wp\/v2\/types\/page"}],"author":[{"embeddable":true,"href":"https:\/\/www.charleshotel.hu\/de\/wp-json\/wp\/v2\/users\/120"}],"replies":[{"embeddable":true,"href":"https:\/\/www.charleshotel.hu\/de\/wp-json\/wp\/v2\/comments?post=250"}],"version-history":[{"count":0,"href":"https:\/\/www.charleshotel.hu\/de\/wp-json\/wp\/v2\/pages\/250\/revisions"}],"up":[{"embeddable":true,"href":"https:\/\/www.charleshotel.hu\/de\/wp-json\/wp\/v2\/pages\/247"}],"wp:attachment":[{"href":"https:\/\/www.charleshotel.hu\/de\/wp-json\/wp\/v2\/media?parent=250"}],"curies":[{"name":"wp","href":"https:\/\/api.w.org\/{rel}","templated":true}]}}