{"id":249,"date":"2020-03-03T13:33:43","date_gmt":"2020-03-03T13:33:43","guid":{"rendered":"https:\/\/www.charleshotel.hu\/?page_id=249"},"modified":"2020-03-03T13:36:34","modified_gmt":"2020-03-03T13:36:34","slug":"tagungen-veranstaltungen","status":"publish","type":"page","link":"https:\/\/www.charleshotel.hu\/de\/unsere-dienstleistungen\/tagungen-veranstaltungen\/","title":{"rendered":"Tagungen &amp; Veranstaltungen"},"content":{"rendered":"<p>Sollten Sie vorhaben, ein Treffen mit Ihren Kollegen zu organisieren, oder zu einem besonderen Anlass ein privates Abendessen mit der Familie zu haben, k\u00f6nnen wir Ihre Bed\u00fcrfnisse ganz einfach befriedigen. Unser Tagungsraum ist eine angenehme Wahl f\u00fcr kleinere Tagungen <strong>bis zu 15 Teilnehmer<\/strong>. In unserem Restaurant k\u00f6nnen Veranstaltungen <strong>bis zu 80 G\u00e4sten<\/strong> stattfinden. F\u00fcr Verf\u00fcgbarkeit und ein ma\u00dfgeschneidertes Angebot schreiben Sie bitte an reservation@charleshotel.hu und unsere Kollegen werden sich in k\u00fcrze bei Ihnen melden.<\/p>\n","protected":false},"excerpt":{"rendered":"<p>Sollten Sie vorhaben, ein Treffen mit Ihren Kollegen zu organisieren, oder zu einem besonderen Anlass ein privates Abendessen mit der Familie zu haben, k\u00f6nnen wir Ihre Bed\u00fcrfnisse ganz einfach befriedigen. Unser Tagungsraum ist eine angenehme Wahl f\u00fcr kleinere Tagungen bis zu 15 Teilnehmer. In unserem Restaurant k\u00f6nnen Veranstaltungen bis zu 80 G\u00e4sten stattfinden. F\u00fcr Verf\u00fcgbarkeit [&hellip;]<\/p>\n","protected":false},"author":120,"featured_media":0,"parent":247,"menu_order":2,"comment_status":"closed","ping_status":"closed","template":"","meta":{"footnotes":""},"class_list":["post-249","page","type-page","status-publish","hentry"],"yoast_head":"<!-- This site is optimized with the Yoast SEO plugin v26.9 - https:\/\/yoast.com\/product\/yoast-seo-wordpress\/ -->\n<title>Tagungen &amp; Veranstaltungen - Hotel Charles<\/title>\n<meta name=\"robots\" content=\"index, follow, max-snippet:-1, max-image-preview:large, max-video-preview:-1\" \/>\n<link rel=\"canonical\" href=\"https:\/\/www.charleshotel.hu\/de\/unsere-dienstleistungen\/tagungen-veranstaltungen\/\" \/>\n<meta property=\"og:locale\" content=\"de_DE\" \/>\n<meta property=\"og:type\" content=\"article\" \/>\n<meta property=\"og:title\" content=\"Tagungen &amp; Veranstaltungen - Hotel Charles\" \/>\n<meta property=\"og:description\" content=\"Sollten Sie vorhaben, ein Treffen mit Ihren Kollegen zu organisieren, oder zu einem besonderen Anlass ein privates Abendessen mit der Familie zu haben, k\u00f6nnen wir Ihre Bed\u00fcrfnisse ganz einfach befriedigen. Unser Tagungsraum ist eine angenehme Wahl f\u00fcr kleinere Tagungen bis zu 15 Teilnehmer. In unserem Restaurant k\u00f6nnen Veranstaltungen bis zu 80 G\u00e4sten stattfinden. F\u00fcr Verf\u00fcgbarkeit [&hellip;]\" \/>\n<meta property=\"og:url\" content=\"https:\/\/www.charleshotel.hu\/de\/unsere-dienstleistungen\/tagungen-veranstaltungen\/\" \/>\n<meta property=\"og:site_name\" content=\"Hotel Charles\" \/>\n<meta property=\"article:modified_time\" content=\"2020-03-03T13:36:34+00:00\" \/>\n<meta name=\"twitter:card\" content=\"summary_large_image\" \/>\n<script type=\"application\/ld+json\" class=\"yoast-schema-graph\">{\"@context\":\"https:\/\/schema.org\",\"@graph\":[{\"@type\":\"WebPage\",\"@id\":\"https:\/\/www.charleshotel.hu\/de\/unsere-dienstleistungen\/tagungen-veranstaltungen\/\",\"url\":\"https:\/\/www.charleshotel.hu\/de\/unsere-dienstleistungen\/tagungen-veranstaltungen\/\",\"name\":\"Tagungen &amp; Veranstaltungen - Hotel Charles\",\"isPartOf\":{\"@id\":\"https:\/\/www.charleshotel.hu\/de\/#website\"},\"datePublished\":\"2020-03-03T13:33:43+00:00\",\"dateModified\":\"2020-03-03T13:36:34+00:00\",\"breadcrumb\":{\"@id\":\"https:\/\/www.charleshotel.hu\/de\/unsere-dienstleistungen\/tagungen-veranstaltungen\/#breadcrumb\"},\"inLanguage\":\"de-DE\",\"potentialAction\":[{\"@type\":\"ReadAction\",\"target\":[\"https:\/\/www.charleshotel.hu\/de\/unsere-dienstleistungen\/tagungen-veranstaltungen\/\"]}]},{\"@type\":\"BreadcrumbList\",\"@id\":\"https:\/\/www.charleshotel.hu\/de\/unsere-dienstleistungen\/tagungen-veranstaltungen\/#breadcrumb\",\"itemListElement\":[{\"@type\":\"ListItem\",\"position\":1,\"name\":\"Home\",\"item\":\"https:\/\/www.charleshotel.hu\/de\/\"},{\"@type\":\"ListItem\",\"position\":2,\"name\":\"Unsere Dienstleistungen\",\"item\":\"https:\/\/www.charleshotel.hu\/de\/unsere-dienstleistungen\/\"},{\"@type\":\"ListItem\",\"position\":3,\"name\":\"Tagungen &amp; Veranstaltungen\"}]},{\"@type\":\"WebSite\",\"@id\":\"https:\/\/www.charleshotel.hu\/de\/#website\",\"url\":\"https:\/\/www.charleshotel.hu\/de\/\",\"name\":\"Hotel Charles\",\"description\":\"Just another ms.decms.eu site\",\"potentialAction\":[{\"@type\":\"SearchAction\",\"target\":{\"@type\":\"EntryPoint\",\"urlTemplate\":\"https:\/\/www.charleshotel.hu\/de\/?s={search_term_string}\"},\"query-input\":{\"@type\":\"PropertyValueSpecification\",\"valueRequired\":true,\"valueName\":\"search_term_string\"}}],\"inLanguage\":\"de-DE\"}]}<\/script>\n<!-- \/ Yoast SEO plugin. -->","yoast_head_json":{"title":"Tagungen &amp; Veranstaltungen - Hotel Charles","robots":{"index":"index","follow":"follow","max-snippet":"max-snippet:-1","max-image-preview":"max-image-preview:large","max-video-preview":"max-video-preview:-1"},"canonical":"https:\/\/www.charleshotel.hu\/de\/unsere-dienstleistungen\/tagungen-veranstaltungen\/","og_locale":"de_DE","og_type":"article","og_title":"Tagungen &amp; Veranstaltungen - Hotel Charles","og_description":"Sollten Sie vorhaben, ein Treffen mit Ihren Kollegen zu organisieren, oder zu einem besonderen Anlass ein privates Abendessen mit der Familie zu haben, k\u00f6nnen wir Ihre Bed\u00fcrfnisse ganz einfach befriedigen. Unser Tagungsraum ist eine angenehme Wahl f\u00fcr kleinere Tagungen bis zu 15 Teilnehmer. In unserem Restaurant k\u00f6nnen Veranstaltungen bis zu 80 G\u00e4sten stattfinden. F\u00fcr Verf\u00fcgbarkeit [&hellip;]","og_url":"https:\/\/www.charleshotel.hu\/de\/unsere-dienstleistungen\/tagungen-veranstaltungen\/","og_site_name":"Hotel Charles","article_modified_time":"2020-03-03T13:36:34+00:00","twitter_card":"summary_large_image","schema":{"@context":"https:\/\/schema.org","@graph":[{"@type":"WebPage","@id":"https:\/\/www.charleshotel.hu\/de\/unsere-dienstleistungen\/tagungen-veranstaltungen\/","url":"https:\/\/www.charleshotel.hu\/de\/unsere-dienstleistungen\/tagungen-veranstaltungen\/","name":"Tagungen &amp; Veranstaltungen - Hotel Charles","isPartOf":{"@id":"https:\/\/www.charleshotel.hu\/de\/#website"},"datePublished":"2020-03-03T13:33:43+00:00","dateModified":"2020-03-03T13:36:34+00:00","breadcrumb":{"@id":"https:\/\/www.charleshotel.hu\/de\/unsere-dienstleistungen\/tagungen-veranstaltungen\/#breadcrumb"},"inLanguage":"de-DE","potentialAction":[{"@type":"ReadAction","target":["https:\/\/www.charleshotel.hu\/de\/unsere-dienstleistungen\/tagungen-veranstaltungen\/"]}]},{"@type":"BreadcrumbList","@id":"https:\/\/www.charleshotel.hu\/de\/unsere-dienstleistungen\/tagungen-veranstaltungen\/#breadcrumb","itemListElement":[{"@type":"ListItem","position":1,"name":"Home","item":"https:\/\/www.charleshotel.hu\/de\/"},{"@type":"ListItem","position":2,"name":"Unsere Dienstleistungen","item":"https:\/\/www.charleshotel.hu\/de\/unsere-dienstleistungen\/"},{"@type":"ListItem","position":3,"name":"Tagungen &amp; Veranstaltungen"}]},{"@type":"WebSite","@id":"https:\/\/www.charleshotel.hu\/de\/#website","url":"https:\/\/www.charleshotel.hu\/de\/","name":"Hotel Charles","description":"Just another ms.decms.eu site","potentialAction":[{"@type":"SearchAction","target":{"@type":"EntryPoint","urlTemplate":"https:\/\/www.charleshotel.hu\/de\/?s={search_term_string}"},"query-input":{"@type":"PropertyValueSpecification","valueRequired":true,"valueName":"search_term_string"}}],"inLanguage":"de-DE"}]}},"acf":[],"_links":{"self":[{"href":"https:\/\/www.charleshotel.hu\/de\/wp-json\/wp\/v2\/pages\/249","targetHints":{"allow":["GET"]}}],"collection":[{"href":"https:\/\/www.charleshotel.hu\/de\/wp-json\/wp\/v2\/pages"}],"about":[{"href":"https:\/\/www.charleshotel.hu\/de\/wp-json\/wp\/v2\/types\/page"}],"author":[{"embeddable":true,"href":"https:\/\/www.charleshotel.hu\/de\/wp-json\/wp\/v2\/users\/120"}],"replies":[{"embeddable":true,"href":"https:\/\/www.charleshotel.hu\/de\/wp-json\/wp\/v2\/comments?post=249"}],"version-history":[{"count":0,"href":"https:\/\/www.charleshotel.hu\/de\/wp-json\/wp\/v2\/pages\/249\/revisions"}],"up":[{"embeddable":true,"href":"https:\/\/www.charleshotel.hu\/de\/wp-json\/wp\/v2\/pages\/247"}],"wp:attachment":[{"href":"https:\/\/www.charleshotel.hu\/de\/wp-json\/wp\/v2\/media?parent=249"}],"curies":[{"name":"wp","href":"https:\/\/api.w.org\/{rel}","templated":true}]}}