{"id":237,"date":"2020-03-03T11:05:49","date_gmt":"2020-03-03T11:05:49","guid":{"rendered":"https:\/\/www.charleshotel.hu\/?page_id=237"},"modified":"2022-02-28T16:05:47","modified_gmt":"2022-02-28T16:05:47","slug":"standard-studio","status":"publish","type":"page","link":"https:\/\/www.charleshotel.hu\/de\/unsere-zimmer\/standard-studio\/","title":{"rendered":"Standard Studio"},"content":{"rendered":"<p>Die <strong>30 m\u00b2<\/strong> gro\u00dfe und klimatisierte Standard Studios verf\u00fcgen \u00fcber ein <strong>Badezimmer<\/strong> mit Dusche oder Badewanne, w\u00e4hrend das Schlafzimmer und die voll ausgestattete <strong>K\u00fcche<\/strong> in einem einzigen Luftraum zusammengefasst wurden, um das Raumgef\u00fchl zu maximalisieren. In der K\u00fcchenzeile finden Sie Geschirr und Besteck, Kochplatten und einen <strong>K\u00fchlschrank<\/strong>, der auch als Minibar dient. Mikrowelle ist auf Anfrage erh\u00e4ltlich! Die Betten (200\u00d7100 cm) im Zimmer k\u00f6nnen auf Wunsch einfach getrennt werden. Jedes Zimmer ist mit einem <strong>Safe<\/strong>, Schr\u00e4nken, Nachttischen, Nachttischlampen, Sesseln mit kleinem Tisch und ein moderner <strong>LED-Fernseher<\/strong> <strong>mit digitalem Anschluss<\/strong> ausgestattet.<\/p>\n","protected":false},"excerpt":{"rendered":"<p>Die 30 m\u00b2 gro\u00dfe und klimatisierte Standard Studios verf\u00fcgen \u00fcber ein Badezimmer mit Dusche oder Badewanne, w\u00e4hrend das Schlafzimmer und die voll ausgestattete K\u00fcche in einem einzigen Luftraum zusammengefasst wurden, um das Raumgef\u00fchl zu maximalisieren. In der K\u00fcchenzeile finden Sie Geschirr und Besteck, Kochplatten und einen K\u00fchlschrank, der auch als Minibar dient. Mikrowelle ist auf [&hellip;]<\/p>\n","protected":false},"author":120,"featured_media":0,"parent":235,"menu_order":2,"comment_status":"closed","ping_status":"closed","template":"template-single-room.php","meta":{"footnotes":""},"class_list":["post-237","page","type-page","status-publish","hentry"],"yoast_head":"<!-- This site is optimized with the Yoast SEO plugin v26.9 - https:\/\/yoast.com\/product\/yoast-seo-wordpress\/ -->\n<title>Standard Studio - Hotel Charles<\/title>\n<meta name=\"robots\" content=\"index, follow, max-snippet:-1, max-image-preview:large, max-video-preview:-1\" \/>\n<link rel=\"canonical\" href=\"https:\/\/www.charleshotel.hu\/de\/unsere-zimmer\/standard-studio\/\" \/>\n<meta property=\"og:locale\" content=\"de_DE\" \/>\n<meta property=\"og:type\" content=\"article\" \/>\n<meta property=\"og:title\" content=\"Standard Studio - Hotel Charles\" \/>\n<meta property=\"og:description\" content=\"Die 30 m\u00b2 gro\u00dfe und klimatisierte Standard Studios verf\u00fcgen \u00fcber ein Badezimmer mit Dusche oder Badewanne, w\u00e4hrend das Schlafzimmer und die voll ausgestattete K\u00fcche in einem einzigen Luftraum zusammengefasst wurden, um das Raumgef\u00fchl zu maximalisieren. In der K\u00fcchenzeile finden Sie Geschirr und Besteck, Kochplatten und einen K\u00fchlschrank, der auch als Minibar dient. Mikrowelle ist auf [&hellip;]\" \/>\n<meta property=\"og:url\" content=\"https:\/\/www.charleshotel.hu\/de\/unsere-zimmer\/standard-studio\/\" \/>\n<meta property=\"og:site_name\" content=\"Hotel Charles\" \/>\n<meta property=\"article:modified_time\" content=\"2022-02-28T16:05:47+00:00\" \/>\n<meta name=\"twitter:card\" content=\"summary_large_image\" \/>\n<script type=\"application\/ld+json\" class=\"yoast-schema-graph\">{\"@context\":\"https:\/\/schema.org\",\"@graph\":[{\"@type\":\"WebPage\",\"@id\":\"https:\/\/www.charleshotel.hu\/de\/unsere-zimmer\/standard-studio\/\",\"url\":\"https:\/\/www.charleshotel.hu\/de\/unsere-zimmer\/standard-studio\/\",\"name\":\"Standard Studio - Hotel Charles\",\"isPartOf\":{\"@id\":\"https:\/\/www.charleshotel.hu\/de\/#website\"},\"datePublished\":\"2020-03-03T11:05:49+00:00\",\"dateModified\":\"2022-02-28T16:05:47+00:00\",\"breadcrumb\":{\"@id\":\"https:\/\/www.charleshotel.hu\/de\/unsere-zimmer\/standard-studio\/#breadcrumb\"},\"inLanguage\":\"de-DE\",\"potentialAction\":[{\"@type\":\"ReadAction\",\"target\":[\"https:\/\/www.charleshotel.hu\/de\/unsere-zimmer\/standard-studio\/\"]}]},{\"@type\":\"BreadcrumbList\",\"@id\":\"https:\/\/www.charleshotel.hu\/de\/unsere-zimmer\/standard-studio\/#breadcrumb\",\"itemListElement\":[{\"@type\":\"ListItem\",\"position\":1,\"name\":\"Home\",\"item\":\"https:\/\/www.charleshotel.hu\/de\/\"},{\"@type\":\"ListItem\",\"position\":2,\"name\":\"Unsere Zimmer\",\"item\":\"https:\/\/www.charleshotel.hu\/de\/unsere-zimmer\/\"},{\"@type\":\"ListItem\",\"position\":3,\"name\":\"Standard Studio\"}]},{\"@type\":\"WebSite\",\"@id\":\"https:\/\/www.charleshotel.hu\/de\/#website\",\"url\":\"https:\/\/www.charleshotel.hu\/de\/\",\"name\":\"Hotel Charles\",\"description\":\"Just another ms.decms.eu site\",\"potentialAction\":[{\"@type\":\"SearchAction\",\"target\":{\"@type\":\"EntryPoint\",\"urlTemplate\":\"https:\/\/www.charleshotel.hu\/de\/?s={search_term_string}\"},\"query-input\":{\"@type\":\"PropertyValueSpecification\",\"valueRequired\":true,\"valueName\":\"search_term_string\"}}],\"inLanguage\":\"de-DE\"}]}<\/script>\n<!-- \/ Yoast SEO plugin. -->","yoast_head_json":{"title":"Standard Studio - Hotel Charles","robots":{"index":"index","follow":"follow","max-snippet":"max-snippet:-1","max-image-preview":"max-image-preview:large","max-video-preview":"max-video-preview:-1"},"canonical":"https:\/\/www.charleshotel.hu\/de\/unsere-zimmer\/standard-studio\/","og_locale":"de_DE","og_type":"article","og_title":"Standard Studio - Hotel Charles","og_description":"Die 30 m\u00b2 gro\u00dfe und klimatisierte Standard Studios verf\u00fcgen \u00fcber ein Badezimmer mit Dusche oder Badewanne, w\u00e4hrend das Schlafzimmer und die voll ausgestattete K\u00fcche in einem einzigen Luftraum zusammengefasst wurden, um das Raumgef\u00fchl zu maximalisieren. In der K\u00fcchenzeile finden Sie Geschirr und Besteck, Kochplatten und einen K\u00fchlschrank, der auch als Minibar dient. Mikrowelle ist auf [&hellip;]","og_url":"https:\/\/www.charleshotel.hu\/de\/unsere-zimmer\/standard-studio\/","og_site_name":"Hotel Charles","article_modified_time":"2022-02-28T16:05:47+00:00","twitter_card":"summary_large_image","schema":{"@context":"https:\/\/schema.org","@graph":[{"@type":"WebPage","@id":"https:\/\/www.charleshotel.hu\/de\/unsere-zimmer\/standard-studio\/","url":"https:\/\/www.charleshotel.hu\/de\/unsere-zimmer\/standard-studio\/","name":"Standard Studio - Hotel Charles","isPartOf":{"@id":"https:\/\/www.charleshotel.hu\/de\/#website"},"datePublished":"2020-03-03T11:05:49+00:00","dateModified":"2022-02-28T16:05:47+00:00","breadcrumb":{"@id":"https:\/\/www.charleshotel.hu\/de\/unsere-zimmer\/standard-studio\/#breadcrumb"},"inLanguage":"de-DE","potentialAction":[{"@type":"ReadAction","target":["https:\/\/www.charleshotel.hu\/de\/unsere-zimmer\/standard-studio\/"]}]},{"@type":"BreadcrumbList","@id":"https:\/\/www.charleshotel.hu\/de\/unsere-zimmer\/standard-studio\/#breadcrumb","itemListElement":[{"@type":"ListItem","position":1,"name":"Home","item":"https:\/\/www.charleshotel.hu\/de\/"},{"@type":"ListItem","position":2,"name":"Unsere Zimmer","item":"https:\/\/www.charleshotel.hu\/de\/unsere-zimmer\/"},{"@type":"ListItem","position":3,"name":"Standard Studio"}]},{"@type":"WebSite","@id":"https:\/\/www.charleshotel.hu\/de\/#website","url":"https:\/\/www.charleshotel.hu\/de\/","name":"Hotel Charles","description":"Just another ms.decms.eu site","potentialAction":[{"@type":"SearchAction","target":{"@type":"EntryPoint","urlTemplate":"https:\/\/www.charleshotel.hu\/de\/?s={search_term_string}"},"query-input":{"@type":"PropertyValueSpecification","valueRequired":true,"valueName":"search_term_string"}}],"inLanguage":"de-DE"}]}},"acf":[],"_links":{"self":[{"href":"https:\/\/www.charleshotel.hu\/de\/wp-json\/wp\/v2\/pages\/237","targetHints":{"allow":["GET"]}}],"collection":[{"href":"https:\/\/www.charleshotel.hu\/de\/wp-json\/wp\/v2\/pages"}],"about":[{"href":"https:\/\/www.charleshotel.hu\/de\/wp-json\/wp\/v2\/types\/page"}],"author":[{"embeddable":true,"href":"https:\/\/www.charleshotel.hu\/de\/wp-json\/wp\/v2\/users\/120"}],"replies":[{"embeddable":true,"href":"https:\/\/www.charleshotel.hu\/de\/wp-json\/wp\/v2\/comments?post=237"}],"version-history":[{"count":0,"href":"https:\/\/www.charleshotel.hu\/de\/wp-json\/wp\/v2\/pages\/237\/revisions"}],"up":[{"embeddable":true,"href":"https:\/\/www.charleshotel.hu\/de\/wp-json\/wp\/v2\/pages\/235"}],"wp:attachment":[{"href":"https:\/\/www.charleshotel.hu\/de\/wp-json\/wp\/v2\/media?parent=237"}],"curies":[{"name":"wp","href":"https:\/\/api.w.org\/{rel}","templated":true}]}}