{"id":235,"date":"2020-03-03T10:51:08","date_gmt":"2020-03-03T10:51:08","guid":{"rendered":"https:\/\/www.charleshotel.hu\/?page_id=235"},"modified":"2024-12-11T08:08:13","modified_gmt":"2024-12-11T08:08:13","slug":"unsere-zimmer","status":"publish","type":"page","link":"https:\/\/www.charleshotel.hu\/de\/unsere-zimmer\/","title":{"rendered":"Unsere Zimmer"},"content":{"rendered":"<p>Erleben Sie unsere komfortablen Apartman-Studios, <strong>die alle mit einer K\u00fcchenzeile ausgestattet sind.<\/strong> W\u00e4hlen Sie aus dem Angebot unserer ger\u00e4umigen Zimmer. Sollten Sie sich f\u00fcr unsere elegant renovierten <strong>Deluxe Studios<\/strong>, unsere <strong>Standard Studios<\/strong> oder f\u00fcr die einfacheren, aber dennoch gem\u00fctlichen <strong>Economy Studios<\/strong> entscheiden, ist Ihnen eine erholsame Nachtruhe im Hotel Charles garantiert. Bettgr\u00f6<span class=\"Y2IQFc\" lang=\"de\">\u00dfe: 100cmx200cm<br \/>\n<\/span><\/p>\n<p><strong>Buchen Sie bei uns zum garantiert besten Preis!<\/strong><\/p>\n","protected":false},"excerpt":{"rendered":"<p>Erleben Sie unsere komfortablen Apartman-Studios, die alle mit einer K\u00fcchenzeile ausgestattet sind. W\u00e4hlen Sie aus dem Angebot unserer ger\u00e4umigen Zimmer. Sollten Sie sich f\u00fcr unsere elegant renovierten Deluxe Studios, unsere Standard Studios oder f\u00fcr die einfacheren, aber dennoch gem\u00fctlichen Economy Studios entscheiden, ist Ihnen eine erholsame Nachtruhe im Hotel Charles garantiert. Bettgr\u00f6\u00dfe: 100cmx200cm Buchen Sie [&hellip;]<\/p>\n","protected":false},"author":120,"featured_media":0,"parent":0,"menu_order":2,"comment_status":"closed","ping_status":"closed","template":"template-rooms.php","meta":{"footnotes":""},"class_list":["post-235","page","type-page","status-publish","hentry"],"yoast_head":"<!-- This site is optimized with the Yoast SEO plugin v26.9 - https:\/\/yoast.com\/product\/yoast-seo-wordpress\/ -->\n<title>Unsere Zimmer - Hotel Charles<\/title>\n<meta name=\"robots\" content=\"index, follow, max-snippet:-1, max-image-preview:large, max-video-preview:-1\" \/>\n<link rel=\"canonical\" href=\"https:\/\/www.charleshotel.hu\/de\/unsere-zimmer\/\" \/>\n<meta property=\"og:locale\" content=\"de_DE\" \/>\n<meta property=\"og:type\" content=\"article\" \/>\n<meta property=\"og:title\" content=\"Unsere Zimmer - Hotel Charles\" \/>\n<meta property=\"og:description\" content=\"Erleben Sie unsere komfortablen Apartman-Studios, die alle mit einer K\u00fcchenzeile ausgestattet sind. W\u00e4hlen Sie aus dem Angebot unserer ger\u00e4umigen Zimmer. Sollten Sie sich f\u00fcr unsere elegant renovierten Deluxe Studios, unsere Standard Studios oder f\u00fcr die einfacheren, aber dennoch gem\u00fctlichen Economy Studios entscheiden, ist Ihnen eine erholsame Nachtruhe im Hotel Charles garantiert. Bettgr\u00f6\u00dfe: 100cmx200cm Buchen Sie [&hellip;]\" \/>\n<meta property=\"og:url\" content=\"https:\/\/www.charleshotel.hu\/de\/unsere-zimmer\/\" \/>\n<meta property=\"og:site_name\" content=\"Hotel Charles\" \/>\n<meta property=\"article:modified_time\" content=\"2024-12-11T08:08:13+00:00\" \/>\n<meta name=\"twitter:card\" content=\"summary_large_image\" \/>\n<meta name=\"twitter:label1\" content=\"Gesch\u00e4tzte Lesezeit\" \/>\n\t<meta name=\"twitter:data1\" content=\"1 Minute\" \/>\n<script type=\"application\/ld+json\" class=\"yoast-schema-graph\">{\"@context\":\"https:\/\/schema.org\",\"@graph\":[{\"@type\":\"WebPage\",\"@id\":\"https:\/\/www.charleshotel.hu\/de\/unsere-zimmer\/\",\"url\":\"https:\/\/www.charleshotel.hu\/de\/unsere-zimmer\/\",\"name\":\"Unsere Zimmer - Hotel Charles\",\"isPartOf\":{\"@id\":\"https:\/\/www.charleshotel.hu\/de\/#website\"},\"datePublished\":\"2020-03-03T10:51:08+00:00\",\"dateModified\":\"2024-12-11T08:08:13+00:00\",\"breadcrumb\":{\"@id\":\"https:\/\/www.charleshotel.hu\/de\/unsere-zimmer\/#breadcrumb\"},\"inLanguage\":\"de-DE\",\"potentialAction\":[{\"@type\":\"ReadAction\",\"target\":[\"https:\/\/www.charleshotel.hu\/de\/unsere-zimmer\/\"]}]},{\"@type\":\"BreadcrumbList\",\"@id\":\"https:\/\/www.charleshotel.hu\/de\/unsere-zimmer\/#breadcrumb\",\"itemListElement\":[{\"@type\":\"ListItem\",\"position\":1,\"name\":\"Home\",\"item\":\"https:\/\/www.charleshotel.hu\/de\/\"},{\"@type\":\"ListItem\",\"position\":2,\"name\":\"Unsere Zimmer\"}]},{\"@type\":\"WebSite\",\"@id\":\"https:\/\/www.charleshotel.hu\/de\/#website\",\"url\":\"https:\/\/www.charleshotel.hu\/de\/\",\"name\":\"Hotel Charles\",\"description\":\"Just another ms.decms.eu site\",\"potentialAction\":[{\"@type\":\"SearchAction\",\"target\":{\"@type\":\"EntryPoint\",\"urlTemplate\":\"https:\/\/www.charleshotel.hu\/de\/?s={search_term_string}\"},\"query-input\":{\"@type\":\"PropertyValueSpecification\",\"valueRequired\":true,\"valueName\":\"search_term_string\"}}],\"inLanguage\":\"de-DE\"}]}<\/script>\n<!-- \/ Yoast SEO plugin. -->","yoast_head_json":{"title":"Unsere Zimmer - Hotel Charles","robots":{"index":"index","follow":"follow","max-snippet":"max-snippet:-1","max-image-preview":"max-image-preview:large","max-video-preview":"max-video-preview:-1"},"canonical":"https:\/\/www.charleshotel.hu\/de\/unsere-zimmer\/","og_locale":"de_DE","og_type":"article","og_title":"Unsere Zimmer - Hotel Charles","og_description":"Erleben Sie unsere komfortablen Apartman-Studios, die alle mit einer K\u00fcchenzeile ausgestattet sind. W\u00e4hlen Sie aus dem Angebot unserer ger\u00e4umigen Zimmer. Sollten Sie sich f\u00fcr unsere elegant renovierten Deluxe Studios, unsere Standard Studios oder f\u00fcr die einfacheren, aber dennoch gem\u00fctlichen Economy Studios entscheiden, ist Ihnen eine erholsame Nachtruhe im Hotel Charles garantiert. Bettgr\u00f6\u00dfe: 100cmx200cm Buchen Sie [&hellip;]","og_url":"https:\/\/www.charleshotel.hu\/de\/unsere-zimmer\/","og_site_name":"Hotel Charles","article_modified_time":"2024-12-11T08:08:13+00:00","twitter_card":"summary_large_image","twitter_misc":{"Gesch\u00e4tzte Lesezeit":"1 Minute"},"schema":{"@context":"https:\/\/schema.org","@graph":[{"@type":"WebPage","@id":"https:\/\/www.charleshotel.hu\/de\/unsere-zimmer\/","url":"https:\/\/www.charleshotel.hu\/de\/unsere-zimmer\/","name":"Unsere Zimmer - Hotel Charles","isPartOf":{"@id":"https:\/\/www.charleshotel.hu\/de\/#website"},"datePublished":"2020-03-03T10:51:08+00:00","dateModified":"2024-12-11T08:08:13+00:00","breadcrumb":{"@id":"https:\/\/www.charleshotel.hu\/de\/unsere-zimmer\/#breadcrumb"},"inLanguage":"de-DE","potentialAction":[{"@type":"ReadAction","target":["https:\/\/www.charleshotel.hu\/de\/unsere-zimmer\/"]}]},{"@type":"BreadcrumbList","@id":"https:\/\/www.charleshotel.hu\/de\/unsere-zimmer\/#breadcrumb","itemListElement":[{"@type":"ListItem","position":1,"name":"Home","item":"https:\/\/www.charleshotel.hu\/de\/"},{"@type":"ListItem","position":2,"name":"Unsere Zimmer"}]},{"@type":"WebSite","@id":"https:\/\/www.charleshotel.hu\/de\/#website","url":"https:\/\/www.charleshotel.hu\/de\/","name":"Hotel Charles","description":"Just another ms.decms.eu site","potentialAction":[{"@type":"SearchAction","target":{"@type":"EntryPoint","urlTemplate":"https:\/\/www.charleshotel.hu\/de\/?s={search_term_string}"},"query-input":{"@type":"PropertyValueSpecification","valueRequired":true,"valueName":"search_term_string"}}],"inLanguage":"de-DE"}]}},"acf":[],"_links":{"self":[{"href":"https:\/\/www.charleshotel.hu\/de\/wp-json\/wp\/v2\/pages\/235","targetHints":{"allow":["GET"]}}],"collection":[{"href":"https:\/\/www.charleshotel.hu\/de\/wp-json\/wp\/v2\/pages"}],"about":[{"href":"https:\/\/www.charleshotel.hu\/de\/wp-json\/wp\/v2\/types\/page"}],"author":[{"embeddable":true,"href":"https:\/\/www.charleshotel.hu\/de\/wp-json\/wp\/v2\/users\/120"}],"replies":[{"embeddable":true,"href":"https:\/\/www.charleshotel.hu\/de\/wp-json\/wp\/v2\/comments?post=235"}],"version-history":[{"count":0,"href":"https:\/\/www.charleshotel.hu\/de\/wp-json\/wp\/v2\/pages\/235\/revisions"}],"wp:attachment":[{"href":"https:\/\/www.charleshotel.hu\/de\/wp-json\/wp\/v2\/media?parent=235"}],"curies":[{"name":"wp","href":"https:\/\/api.w.org\/{rel}","templated":true}]}}